{"id":10715,"date":"2026-02-27T00:08:07","date_gmt":"2026-02-27T00:08:07","guid":{"rendered":"https:\/\/nordicmart.andreevmaster.com\/product\/monstrad-swaddle-filt-120x120\/"},"modified":"2026-02-27T08:03:37","modified_gmt":"2026-02-27T08:03:37","slug":"monstrad-swaddle-filt-120x120","status":"publish","type":"product","link":"https:\/\/nordicmart.andreevmaster.com\/sv\/produkt\/monstrad-swaddle-filt-120x120\/","title":{"rendered":"M\u00f6nstrad swaddle-filt 120&#215;120"},"content":{"rendered":"<p>Muslin-omslagsfilt fr\u00e5n FLY-kollektionen \u00e4r ett m\u00e5ste i varje babyutstyrsel. Tack vare det mjuka och l\u00e4tta tyget \u00e4r den perfekt f\u00f6r att svepa in barnet under en promenad eller som ers\u00e4ttning f\u00f6r en t\u00e4cke i spj\u00e4ls\u00e4ngen.<br \/>\nFilten \u00e4r tillverkad av muslin av h\u00f6gsta kvalitet med avancerade v\u00e4rmereglerande egenskaper som ger h\u00f6g s\u00f6mnkomfort.Den \u00e4r designad och tillverkad i Polen med omsorg om varje detalj. Produkten \u00e4r f\u00f6rpackad i en transparent, biologiskt nedbrytbar p\u00e5se. En utm\u00e4rkt presentid\u00e9 till baby shower, f\u00f6delsedag eller andra speciella tillf\u00e4llen.**<br \/>\n****<\/p>\n<p>Material**: &#8211; 100 % muslin med **Oeko-TEX Standard 100-certifikat ** **<br \/>\n****Tv\u00e4ttanvisningar:** &#8211; maskintv\u00e4tt vid 40 \u00b0C &#8211; strykning vid h\u00f6gst 110 \u00b0C<br \/>\n&#8211; blekning ej till\u00e5ten<br \/>\n&#8211; torktumling ej till\u00e5ten<\/p>\n<p>**M\u00e5tt:** 120&#215;120 cm<\/p>\n","protected":false},"excerpt":{"rendered":"<p>Muslin-omslagsfilt fr\u00e5n FLY-kollektionen \u00e4r ett m\u00e5ste i varje babyutstyrsel. Tack vare det mjuka och l\u00e4tta tyget \u00e4r den perfekt f\u00f6r att svepa in barnet under en promenad eller som ers\u00e4ttning f\u00f6r en t\u00e4cke i spj\u00e4ls\u00e4ngen. Filten \u00e4r tillverkad av muslin av h\u00f6gsta kvalitet med avancerade v\u00e4rmereglerande egenskaper som ger h\u00f6g s\u00f6mnkomfort.Den \u00e4r designad och tillverkad [&hellip;]<\/p>\n","protected":false},"featured_media":0,"comment_status":"open","ping_status":"closed","template":"","meta":[],"product_brand":[],"product_cat":[33],"product_tag":[],"class_list":{"0":"post-10715","1":"product","2":"type-product","3":"status-publish","5":"product_cat-okategoriserad","7":"first","8":"instock","9":"shipping-taxable","10":"purchasable","11":"product-type-simple"},"_links":{"self":[{"href":"https:\/\/nordicmart.andreevmaster.com\/sv\/wp-json\/wp\/v2\/product\/10715","targetHints":{"allow":["GET"]}}],"collection":[{"href":"https:\/\/nordicmart.andreevmaster.com\/sv\/wp-json\/wp\/v2\/product"}],"about":[{"href":"https:\/\/nordicmart.andreevmaster.com\/sv\/wp-json\/wp\/v2\/types\/product"}],"replies":[{"embeddable":true,"href":"https:\/\/nordicmart.andreevmaster.com\/sv\/wp-json\/wp\/v2\/comments?post=10715"}],"wp:attachment":[{"href":"https:\/\/nordicmart.andreevmaster.com\/sv\/wp-json\/wp\/v2\/media?parent=10715"}],"wp:term":[{"taxonomy":"product_brand","embeddable":true,"href":"https:\/\/nordicmart.andreevmaster.com\/sv\/wp-json\/wp\/v2\/product_brand?post=10715"},{"taxonomy":"product_cat","embeddable":true,"href":"https:\/\/nordicmart.andreevmaster.com\/sv\/wp-json\/wp\/v2\/product_cat?post=10715"},{"taxonomy":"product_tag","embeddable":true,"href":"https:\/\/nordicmart.andreevmaster.com\/sv\/wp-json\/wp\/v2\/product_tag?post=10715"}],"curies":[{"name":"wp","href":"https:\/\/api.w.org\/{rel}","templated":true}]}}