{"id":10714,"date":"2026-02-27T00:08:07","date_gmt":"2026-02-27T00:08:07","guid":{"rendered":"https:\/\/nordicmart.andreevmaster.com\/product\/axi-stilt-house-med-rutschkana-118-cm\/"},"modified":"2026-02-27T08:03:37","modified_gmt":"2026-02-27T08:03:37","slug":"axi-stilt-house-med-rutschkana-118-cm","status":"publish","type":"product","link":"https:\/\/nordicmart.andreevmaster.com\/sv\/produkt\/axi-stilt-house-med-rutschkana-118-cm\/","title":{"rendered":"AXI Stilt House med rutschkana 118 cm"},"content":{"rendered":"<p>Stilt House med rutschkana fr\u00e5n AXI \u00e4r en leksak f\u00f6r barn fr\u00e5n 2 \u00e5r som erbjuder massor av utomhusaktiviteter. Huset \u00e4r perfekt f\u00f6r grupplek tack vare sin rymlighet och funktionalitet. Huset st\u00e5r p\u00e5 h\u00f6ga p\u00e5lar och n\u00e5s via en stabil stege. Fr\u00e5n terrassen kan man \u00e5ka nerf\u00f6r den 118 cm l\u00e5nga rutschkanan, vilket garanterat kommer att ge de sm\u00e5 mycket skoj. Huset har f\u00e4rgglada f\u00f6nster med luckor som kan \u00f6ppnas och st\u00e4ngas, samt en ytterd\u00f6rr. Egenskaper: &#8211; huset \u00e4r avsett f\u00f6r barn fr\u00e5n 2 \u00e5r, &#8211; tillverkat av hemlocktr\u00e4 (kanadensisk gran) som \u00e4r naturligt v\u00e4derbest\u00e4ndigt och inte delaminerar, &#8211; levereras med en 118 cm l\u00e5ng rutschkana, &#8211; plattformens h\u00f6jd \u00e4r 57 cm, &#8211; maximal belastning \u00e4r 150 kg. [img-114480-left-thickbox_default]<\/p>\n","protected":false},"excerpt":{"rendered":"<p>Stilt House med rutschkana fr\u00e5n AXI \u00e4r en leksak f\u00f6r barn fr\u00e5n 2 \u00e5r som erbjuder massor av utomhusaktiviteter. Huset \u00e4r perfekt f\u00f6r grupplek tack vare sin rymlighet och funktionalitet. Huset st\u00e5r p\u00e5 h\u00f6ga p\u00e5lar och n\u00e5s via en stabil stege. Fr\u00e5n terrassen kan man \u00e5ka nerf\u00f6r den 118 cm l\u00e5nga rutschkanan, vilket garanterat kommer [&hellip;]<\/p>\n","protected":false},"featured_media":0,"comment_status":"open","ping_status":"closed","template":"","meta":[],"product_brand":[],"product_cat":[33],"product_tag":[],"class_list":{"0":"post-10714","1":"product","2":"type-product","3":"status-publish","5":"product_cat-okategoriserad","7":"first","8":"instock","9":"shipping-taxable","10":"purchasable","11":"product-type-simple"},"_links":{"self":[{"href":"https:\/\/nordicmart.andreevmaster.com\/sv\/wp-json\/wp\/v2\/product\/10714","targetHints":{"allow":["GET"]}}],"collection":[{"href":"https:\/\/nordicmart.andreevmaster.com\/sv\/wp-json\/wp\/v2\/product"}],"about":[{"href":"https:\/\/nordicmart.andreevmaster.com\/sv\/wp-json\/wp\/v2\/types\/product"}],"replies":[{"embeddable":true,"href":"https:\/\/nordicmart.andreevmaster.com\/sv\/wp-json\/wp\/v2\/comments?post=10714"}],"wp:attachment":[{"href":"https:\/\/nordicmart.andreevmaster.com\/sv\/wp-json\/wp\/v2\/media?parent=10714"}],"wp:term":[{"taxonomy":"product_brand","embeddable":true,"href":"https:\/\/nordicmart.andreevmaster.com\/sv\/wp-json\/wp\/v2\/product_brand?post=10714"},{"taxonomy":"product_cat","embeddable":true,"href":"https:\/\/nordicmart.andreevmaster.com\/sv\/wp-json\/wp\/v2\/product_cat?post=10714"},{"taxonomy":"product_tag","embeddable":true,"href":"https:\/\/nordicmart.andreevmaster.com\/sv\/wp-json\/wp\/v2\/product_tag?post=10714"}],"curies":[{"name":"wp","href":"https:\/\/api.w.org\/{rel}","templated":true}]}}