{"id":10713,"date":"2026-02-27T00:08:07","date_gmt":"2026-02-27T00:08:07","guid":{"rendered":"https:\/\/nordicmart.andreevmaster.com\/product\/songmics-kokshylla-under-diskbanken-vit\/"},"modified":"2026-02-27T08:03:37","modified_gmt":"2026-02-27T08:03:37","slug":"songmics-kokshylla-under-diskbanken-vit","status":"publish","type":"product","link":"https:\/\/nordicmart.andreevmaster.com\/sv\/produkt\/songmics-kokshylla-under-diskbanken-vit\/","title":{"rendered":"SONGMICS k\u00f6kshylla under diskb\u00e4nken Vit"},"content":{"rendered":"<p>Produktdetaljer: F\u00e4rg: Vit Material: PP-plast (polypropen), rostfria r\u00f6r Storlek: 40 x 22 x 31 cm (L x B x H) Vikt: 0,6 kg Max. statisk belastningskapacitet per hylla: 5 kg Leveransomfattning: 1 x undersk\u00e5pshylla 6 x krokar 1 x bruksanvisning SONGMICS Anm\u00e4rkningar:Montera produkten endast enligt beskrivningen i denna bruksanvisning. Demontera den inte med v\u00e5ld.<\/p>\n","protected":false},"excerpt":{"rendered":"<p>SONGMICS k\u00f6kshylla, under diskb\u00e4nken, undersk\u00e5pshylla, badrumshylla, under handfatet, diskb\u00e4nkshylla, med 2 hyllplan, 6 krokar, f\u00f6rvaring under diskb\u00e4nken, f\u00f6r k\u00f6k, badrum, vit BUO001W01<\/p>\n","protected":false},"featured_media":39261,"comment_status":"open","ping_status":"closed","template":"","meta":[],"product_brand":[],"product_cat":[33],"product_tag":[],"class_list":{"0":"post-10713","1":"product","2":"type-product","3":"status-publish","4":"has-post-thumbnail","6":"product_cat-okategoriserad","8":"first","9":"instock","10":"shipping-taxable","11":"purchasable","12":"product-type-simple"},"_links":{"self":[{"href":"https:\/\/nordicmart.andreevmaster.com\/sv\/wp-json\/wp\/v2\/product\/10713","targetHints":{"allow":["GET"]}}],"collection":[{"href":"https:\/\/nordicmart.andreevmaster.com\/sv\/wp-json\/wp\/v2\/product"}],"about":[{"href":"https:\/\/nordicmart.andreevmaster.com\/sv\/wp-json\/wp\/v2\/types\/product"}],"replies":[{"embeddable":true,"href":"https:\/\/nordicmart.andreevmaster.com\/sv\/wp-json\/wp\/v2\/comments?post=10713"}],"wp:featuredmedia":[{"embeddable":true,"href":"https:\/\/nordicmart.andreevmaster.com\/sv\/wp-json\/wp\/v2\/media\/39261"}],"wp:attachment":[{"href":"https:\/\/nordicmart.andreevmaster.com\/sv\/wp-json\/wp\/v2\/media?parent=10713"}],"wp:term":[{"taxonomy":"product_brand","embeddable":true,"href":"https:\/\/nordicmart.andreevmaster.com\/sv\/wp-json\/wp\/v2\/product_brand?post=10713"},{"taxonomy":"product_cat","embeddable":true,"href":"https:\/\/nordicmart.andreevmaster.com\/sv\/wp-json\/wp\/v2\/product_cat?post=10713"},{"taxonomy":"product_tag","embeddable":true,"href":"https:\/\/nordicmart.andreevmaster.com\/sv\/wp-json\/wp\/v2\/product_tag?post=10713"}],"curies":[{"name":"wp","href":"https:\/\/api.w.org\/{rel}","templated":true}]}}