{"id":10712,"date":"2026-02-27T00:08:06","date_gmt":"2026-02-27T00:08:06","guid":{"rendered":"https:\/\/nordicmart.andreevmaster.com\/product\/songmics-diskbanksorganiserare-2-nivaer-svart\/"},"modified":"2026-02-27T08:03:37","modified_gmt":"2026-02-27T08:03:37","slug":"songmics-diskbanksorganiserare-2-nivaer-svart","status":"publish","type":"product","link":"https:\/\/nordicmart.andreevmaster.com\/sv\/produkt\/songmics-diskbanksorganiserare-2-nivaer-svart\/","title":{"rendered":"SONGMICS diskb\u00e4nksorganiserare 2 niv\u00e5er svart"},"content":{"rendered":"<p>SONGMICS k\u00f6kshylla, under diskb\u00e4nken, undersk\u00e5pshylla, badrumshylla, under handfatet, diskb\u00e4nkshylla, med 2 hyllplan, 6 krokar, f\u00f6rvaring under diskb\u00e4nken, f\u00f6r k\u00f6k, badrum, vit BUO001W01<br \/>\nF\u00e4rg: Svart<br \/>\nMaterial: PP-plast (polypropen), rostfria r\u00f6r<br \/>\nStorlek: 22 x 40 x 31 cm (D x B x H)<br \/>\nVikt: 0,6 kg<br \/>\nMax. statisk belastningskapacitet per hylla: 5 kg<\/p>\n","protected":false},"excerpt":{"rendered":"<p>SONGMICS k\u00f6kshylla, under diskb\u00e4nken, undersk\u00e5pshylla, badrumshylla, under handfatet, diskb\u00e4nkshylla, med 2 hyllplan, 6 krokar, f\u00f6rvaring under diskb\u00e4nken, f\u00f6r k\u00f6k, badrum, vit BUO001W01<\/p>\n","protected":false},"featured_media":39260,"comment_status":"open","ping_status":"closed","template":"","meta":[],"product_brand":[],"product_cat":[33],"product_tag":[],"class_list":{"0":"post-10712","1":"product","2":"type-product","3":"status-publish","4":"has-post-thumbnail","6":"product_cat-okategoriserad","8":"first","9":"instock","10":"shipping-taxable","11":"purchasable","12":"product-type-simple"},"_links":{"self":[{"href":"https:\/\/nordicmart.andreevmaster.com\/sv\/wp-json\/wp\/v2\/product\/10712","targetHints":{"allow":["GET"]}}],"collection":[{"href":"https:\/\/nordicmart.andreevmaster.com\/sv\/wp-json\/wp\/v2\/product"}],"about":[{"href":"https:\/\/nordicmart.andreevmaster.com\/sv\/wp-json\/wp\/v2\/types\/product"}],"replies":[{"embeddable":true,"href":"https:\/\/nordicmart.andreevmaster.com\/sv\/wp-json\/wp\/v2\/comments?post=10712"}],"wp:featuredmedia":[{"embeddable":true,"href":"https:\/\/nordicmart.andreevmaster.com\/sv\/wp-json\/wp\/v2\/media\/39260"}],"wp:attachment":[{"href":"https:\/\/nordicmart.andreevmaster.com\/sv\/wp-json\/wp\/v2\/media?parent=10712"}],"wp:term":[{"taxonomy":"product_brand","embeddable":true,"href":"https:\/\/nordicmart.andreevmaster.com\/sv\/wp-json\/wp\/v2\/product_brand?post=10712"},{"taxonomy":"product_cat","embeddable":true,"href":"https:\/\/nordicmart.andreevmaster.com\/sv\/wp-json\/wp\/v2\/product_cat?post=10712"},{"taxonomy":"product_tag","embeddable":true,"href":"https:\/\/nordicmart.andreevmaster.com\/sv\/wp-json\/wp\/v2\/product_tag?post=10712"}],"curies":[{"name":"wp","href":"https:\/\/api.w.org\/{rel}","templated":true}]}}