{"id":10711,"date":"2026-02-27T00:08:06","date_gmt":"2026-02-27T00:08:06","guid":{"rendered":"https:\/\/nordicmart.andreevmaster.com\/product\/songmics-4-hylligt-toalettstall-med-hyllor-och-krokar-duvgratt\/"},"modified":"2026-02-27T08:03:37","modified_gmt":"2026-02-27T08:03:37","slug":"songmics-4-hylligt-toalettstall-med-hyllor-och-krokar-duvgratt","status":"publish","type":"product","link":"https:\/\/nordicmart.andreevmaster.com\/sv\/produkt\/songmics-4-hylligt-toalettstall-med-hyllor-och-krokar-duvgratt\/","title":{"rendered":"SONGMICS 4-hylligt toalettst\u00e4ll med hyllor och krokar, duvgr\u00e5tt"},"content":{"rendered":"<p>SONGMICS 4-v\u00e5ningars toalettst\u00e4ll, badrumsst\u00e4ll, tv\u00e4ttmaskinsst\u00e4ll, justerbara hyllplan, med krokar, toalettpappersh\u00e5llare, platsbesparande<br \/>\nF\u00e4rg: Duvgr\u00e5<br \/>\nMaterial: Metall<br \/>\nStorlek: 30 x 63 x 176 cm (D x B x H)<br \/>\nVikt: 6 kg<br \/>\nMax. statisk belastningskapacitet per niv\u00e5: 11,3 kg<\/p>\n","protected":false},"excerpt":{"rendered":"<p>SONGMICS 4-v\u00e5ningars toalettst\u00e4ll, badrumsst\u00e4ll, tv\u00e4ttmaskinsst\u00e4ll, justerbara hyllplan, med krokar, toalettpappersh\u00e5llare, platsbesparande<\/p>\n","protected":false},"featured_media":39259,"comment_status":"open","ping_status":"closed","template":"","meta":[],"product_brand":[],"product_cat":[33],"product_tag":[],"class_list":{"0":"post-10711","1":"product","2":"type-product","3":"status-publish","4":"has-post-thumbnail","6":"product_cat-okategoriserad","8":"first","9":"instock","10":"shipping-taxable","11":"purchasable","12":"product-type-simple"},"_links":{"self":[{"href":"https:\/\/nordicmart.andreevmaster.com\/sv\/wp-json\/wp\/v2\/product\/10711","targetHints":{"allow":["GET"]}}],"collection":[{"href":"https:\/\/nordicmart.andreevmaster.com\/sv\/wp-json\/wp\/v2\/product"}],"about":[{"href":"https:\/\/nordicmart.andreevmaster.com\/sv\/wp-json\/wp\/v2\/types\/product"}],"replies":[{"embeddable":true,"href":"https:\/\/nordicmart.andreevmaster.com\/sv\/wp-json\/wp\/v2\/comments?post=10711"}],"wp:featuredmedia":[{"embeddable":true,"href":"https:\/\/nordicmart.andreevmaster.com\/sv\/wp-json\/wp\/v2\/media\/39259"}],"wp:attachment":[{"href":"https:\/\/nordicmart.andreevmaster.com\/sv\/wp-json\/wp\/v2\/media?parent=10711"}],"wp:term":[{"taxonomy":"product_brand","embeddable":true,"href":"https:\/\/nordicmart.andreevmaster.com\/sv\/wp-json\/wp\/v2\/product_brand?post=10711"},{"taxonomy":"product_cat","embeddable":true,"href":"https:\/\/nordicmart.andreevmaster.com\/sv\/wp-json\/wp\/v2\/product_cat?post=10711"},{"taxonomy":"product_tag","embeddable":true,"href":"https:\/\/nordicmart.andreevmaster.com\/sv\/wp-json\/wp\/v2\/product_tag?post=10711"}],"curies":[{"name":"wp","href":"https:\/\/api.w.org\/{rel}","templated":true}]}}