{"id":10708,"date":"2026-02-27T00:08:06","date_gmt":"2026-02-27T00:08:06","guid":{"rendered":"https:\/\/nordicmart.andreevmaster.com\/product\/songmics-toalettstall-badrumsstall-tvattmaskinsstall\/"},"modified":"2026-02-27T08:03:36","modified_gmt":"2026-02-27T08:03:36","slug":"songmics-toalettstall-badrumsstall-tvattmaskinsstall","status":"publish","type":"product","link":"https:\/\/nordicmart.andreevmaster.com\/sv\/produkt\/songmics-toalettstall-badrumsstall-tvattmaskinsstall\/","title":{"rendered":"SONGMICS toalettst\u00e4ll, badrumsst\u00e4ll, tv\u00e4ttmaskinsst\u00e4ll"},"content":{"rendered":"<p>SONGMICS toalettst\u00e4ll, badrumsst\u00e4ll, tv\u00e4ttmaskinsst\u00e4ll, 3-v\u00e5ningars badrumsst\u00e4ll i bambu, justerbart, multifunktionellt, statisk belastningskapacitet 15 kg per niv\u00e5, enkel montering, vitt BTS01WT<br \/>\nSpecifikationer:<br \/>\n&#8211; M\u00e5tt: 26 x 63 x 170 cm (D x B x H)<br \/>\n&#8211; Vikt: 5,5 kg<br \/>\n&#8211; Max. statisk b\u00e4rf\u00f6rm\u00e5ga per niv\u00e5: 15 kg<br \/>\n&#8211; Material: bambu<br \/>\n&#8211; F\u00e4rg: Naturbeige<\/p>\n","protected":false},"excerpt":{"rendered":"<p>SONGMICS toalettst\u00e4ll, badrumsst\u00e4ll, tv\u00e4ttmaskinsst\u00e4ll, 3-v\u00e5ningars badrumsst\u00e4ll i bambu, justerbart, multifunktionellt, statisk belastningskapacitet 15 kg per niv\u00e5, enkel montering, vitt BTS01WT<\/p>\n","protected":false},"featured_media":39256,"comment_status":"open","ping_status":"closed","template":"","meta":[],"product_brand":[],"product_cat":[33],"product_tag":[],"class_list":{"0":"post-10708","1":"product","2":"type-product","3":"status-publish","4":"has-post-thumbnail","6":"product_cat-okategoriserad","8":"first","9":"instock","10":"shipping-taxable","11":"purchasable","12":"product-type-simple"},"_links":{"self":[{"href":"https:\/\/nordicmart.andreevmaster.com\/sv\/wp-json\/wp\/v2\/product\/10708","targetHints":{"allow":["GET"]}}],"collection":[{"href":"https:\/\/nordicmart.andreevmaster.com\/sv\/wp-json\/wp\/v2\/product"}],"about":[{"href":"https:\/\/nordicmart.andreevmaster.com\/sv\/wp-json\/wp\/v2\/types\/product"}],"replies":[{"embeddable":true,"href":"https:\/\/nordicmart.andreevmaster.com\/sv\/wp-json\/wp\/v2\/comments?post=10708"}],"wp:featuredmedia":[{"embeddable":true,"href":"https:\/\/nordicmart.andreevmaster.com\/sv\/wp-json\/wp\/v2\/media\/39256"}],"wp:attachment":[{"href":"https:\/\/nordicmart.andreevmaster.com\/sv\/wp-json\/wp\/v2\/media?parent=10708"}],"wp:term":[{"taxonomy":"product_brand","embeddable":true,"href":"https:\/\/nordicmart.andreevmaster.com\/sv\/wp-json\/wp\/v2\/product_brand?post=10708"},{"taxonomy":"product_cat","embeddable":true,"href":"https:\/\/nordicmart.andreevmaster.com\/sv\/wp-json\/wp\/v2\/product_cat?post=10708"},{"taxonomy":"product_tag","embeddable":true,"href":"https:\/\/nordicmart.andreevmaster.com\/sv\/wp-json\/wp\/v2\/product_tag?post=10708"}],"curies":[{"name":"wp","href":"https:\/\/api.w.org\/{rel}","templated":true}]}}