{"id":10706,"date":"2026-02-27T00:08:05","date_gmt":"2026-02-27T00:08:05","guid":{"rendered":"https:\/\/nordicmart.andreevmaster.com\/product\/songmics-toalettstall-med-justerbara-hyllor-naturbeige\/"},"modified":"2026-02-27T08:03:36","modified_gmt":"2026-02-27T08:03:36","slug":"songmics-toalettstall-med-justerbara-hyllor-naturbeige","status":"publish","type":"product","link":"https:\/\/nordicmart.andreevmaster.com\/sv\/produkt\/songmics-toalettstall-med-justerbara-hyllor-naturbeige\/","title":{"rendered":"SONGMICS toalettst\u00e4ll med justerbara hyllor naturbeige"},"content":{"rendered":"<p>SONGMICS toalettst\u00e4ll, badrumsst\u00e4ll, 4-hylligt badrumsst\u00e4ll, justerbara hyllor, platsbesparande, passar de flesta toaletter, naturbeige BTS041N01<br \/>\nF\u00e4rg: Naturbeige<br \/>\nMaterial: Bambu<br \/>\nStorlek: 26 x 63 x 185 cm (D x B x H)<br \/>\nVikt: 7,8 kg<br \/>\nMax. statisk belastningskapacitet per hylla: 10 kg<br \/>\nMax. statisk belastningskapacitet totalt: 40 kg<\/p>\n","protected":false},"excerpt":{"rendered":"<p>SONGMICS toalettst\u00e4ll, badrumsst\u00e4ll, 4-hylligt badrumsst\u00e4ll, justerbara hyllor, platsbesparande, passar de flesta toaletter, naturbeige BTS041N01<\/p>\n","protected":false},"featured_media":39254,"comment_status":"open","ping_status":"closed","template":"","meta":[],"product_brand":[],"product_cat":[33],"product_tag":[],"class_list":{"0":"post-10706","1":"product","2":"type-product","3":"status-publish","4":"has-post-thumbnail","6":"product_cat-okategoriserad","8":"first","9":"instock","10":"shipping-taxable","11":"purchasable","12":"product-type-simple"},"_links":{"self":[{"href":"https:\/\/nordicmart.andreevmaster.com\/sv\/wp-json\/wp\/v2\/product\/10706","targetHints":{"allow":["GET"]}}],"collection":[{"href":"https:\/\/nordicmart.andreevmaster.com\/sv\/wp-json\/wp\/v2\/product"}],"about":[{"href":"https:\/\/nordicmart.andreevmaster.com\/sv\/wp-json\/wp\/v2\/types\/product"}],"replies":[{"embeddable":true,"href":"https:\/\/nordicmart.andreevmaster.com\/sv\/wp-json\/wp\/v2\/comments?post=10706"}],"wp:featuredmedia":[{"embeddable":true,"href":"https:\/\/nordicmart.andreevmaster.com\/sv\/wp-json\/wp\/v2\/media\/39254"}],"wp:attachment":[{"href":"https:\/\/nordicmart.andreevmaster.com\/sv\/wp-json\/wp\/v2\/media?parent=10706"}],"wp:term":[{"taxonomy":"product_brand","embeddable":true,"href":"https:\/\/nordicmart.andreevmaster.com\/sv\/wp-json\/wp\/v2\/product_brand?post=10706"},{"taxonomy":"product_cat","embeddable":true,"href":"https:\/\/nordicmart.andreevmaster.com\/sv\/wp-json\/wp\/v2\/product_cat?post=10706"},{"taxonomy":"product_tag","embeddable":true,"href":"https:\/\/nordicmart.andreevmaster.com\/sv\/wp-json\/wp\/v2\/product_tag?post=10706"}],"curies":[{"name":"wp","href":"https:\/\/api.w.org\/{rel}","templated":true}]}}