{"id":10703,"date":"2026-02-27T00:08:05","date_gmt":"2026-02-27T00:08:05","guid":{"rendered":"https:\/\/nordicmart.andreevmaster.com\/product\/songmics-toalettstall-med-3-hyllor-vit\/"},"modified":"2026-02-27T08:03:35","modified_gmt":"2026-02-27T08:03:35","slug":"songmics-toalettstall-med-3-hyllor-vit","status":"publish","type":"product","link":"https:\/\/nordicmart.andreevmaster.com\/sv\/produkt\/songmics-toalettstall-med-3-hyllor-vit\/","title":{"rendered":"SONGMICS toalettst\u00e4ll med 3 hyllor Vit"},"content":{"rendered":"<p>SONGMICS toalettst\u00e4ll, badrumsst\u00e4ll, tv\u00e4ttmaskinsst\u00e4ll, 3-v\u00e5ningars badrumsst\u00e4ll i bambu, justerbart, multifunktionellt, statisk belastningskapacitet 15 kg per niv\u00e5, enkel montering, vitt BTS01WT<br \/>\nF\u00e4rg: Vit<br \/>\nMaterial: Bambu<br \/>\nStorlek: 63 x 26 x 163 cm (L x B x H)<br \/>\nVikt: 5,5 kg<br \/>\nMax. statisk belastningskapacitet per niv\u00e5: 15 kg<\/p>\n","protected":false},"excerpt":{"rendered":"<p>SONGMICS toalettst\u00e4ll, badrumsst\u00e4ll, tv\u00e4ttmaskinsst\u00e4ll, 3-v\u00e5ningars badrumsst\u00e4ll i bambu, justerbart, multifunktionellt, statisk belastningskapacitet 15 kg per niv\u00e5, enkel montering, vitt BTS01WT<\/p>\n","protected":false},"featured_media":39251,"comment_status":"open","ping_status":"closed","template":"","meta":[],"product_brand":[],"product_cat":[33],"product_tag":[],"class_list":{"0":"post-10703","1":"product","2":"type-product","3":"status-publish","4":"has-post-thumbnail","6":"product_cat-okategoriserad","8":"first","9":"instock","10":"shipping-taxable","11":"purchasable","12":"product-type-simple"},"_links":{"self":[{"href":"https:\/\/nordicmart.andreevmaster.com\/sv\/wp-json\/wp\/v2\/product\/10703","targetHints":{"allow":["GET"]}}],"collection":[{"href":"https:\/\/nordicmart.andreevmaster.com\/sv\/wp-json\/wp\/v2\/product"}],"about":[{"href":"https:\/\/nordicmart.andreevmaster.com\/sv\/wp-json\/wp\/v2\/types\/product"}],"replies":[{"embeddable":true,"href":"https:\/\/nordicmart.andreevmaster.com\/sv\/wp-json\/wp\/v2\/comments?post=10703"}],"wp:featuredmedia":[{"embeddable":true,"href":"https:\/\/nordicmart.andreevmaster.com\/sv\/wp-json\/wp\/v2\/media\/39251"}],"wp:attachment":[{"href":"https:\/\/nordicmart.andreevmaster.com\/sv\/wp-json\/wp\/v2\/media?parent=10703"}],"wp:term":[{"taxonomy":"product_brand","embeddable":true,"href":"https:\/\/nordicmart.andreevmaster.com\/sv\/wp-json\/wp\/v2\/product_brand?post=10703"},{"taxonomy":"product_cat","embeddable":true,"href":"https:\/\/nordicmart.andreevmaster.com\/sv\/wp-json\/wp\/v2\/product_cat?post=10703"},{"taxonomy":"product_tag","embeddable":true,"href":"https:\/\/nordicmart.andreevmaster.com\/sv\/wp-json\/wp\/v2\/product_tag?post=10703"}],"curies":[{"name":"wp","href":"https:\/\/api.w.org\/{rel}","templated":true}]}}