{"id":10702,"date":"2026-02-27T00:08:05","date_gmt":"2026-02-27T00:08:05","guid":{"rendered":"https:\/\/nordicmart.andreevmaster.com\/product\/vasagle-toalettstall-med-skjutdorr-25-x-83-x-170-cm-molnvit\/"},"modified":"2026-02-27T08:03:35","modified_gmt":"2026-02-27T08:03:35","slug":"vasagle-toalettstall-med-skjutdorr-25-x-83-x-170-cm-molnvit","status":"publish","type":"product","link":"https:\/\/nordicmart.andreevmaster.com\/sv\/produkt\/vasagle-toalettstall-med-skjutdorr-25-x-83-x-170-cm-molnvit\/","title":{"rendered":"VASAGLE toalettst\u00e4ll med skjutd\u00f6rr 25 x 83 x 170 cm molnvit"},"content":{"rendered":"<p>VASAGLE toalettst\u00e4ll, badrumsst\u00e4ll med skjutd\u00f6rr, justerbara hyllor, platsbesparande, passar de flesta toaletter, modernt, 25 x 83 x 170 cm, molnvit BTS018W01<br \/>\nF\u00e4rg: Molnvit<br \/>\nMaterial: sp\u00e5nskiva, MDF (medeldensitetsfiberplatta)<br \/>\nStorlek: 25 x 83 x 170 cm (D x B x H)<br \/>\nVikt: 26,3 kg<br \/>\nMax. statisk totalbelastning: 95,1 kg<\/p>\n","protected":false},"excerpt":{"rendered":"<p>VASAGLE toalettst\u00e4ll, badrumsst\u00e4ll med skjutd\u00f6rr, justerbara hyllor, platsbesparande, passar de flesta toaletter, modernt, 25 x 83 x 170 cm, molnvit BTS018W01<\/p>\n","protected":false},"featured_media":39250,"comment_status":"open","ping_status":"closed","template":"","meta":[],"product_brand":[],"product_cat":[33],"product_tag":[],"class_list":{"0":"post-10702","1":"product","2":"type-product","3":"status-publish","4":"has-post-thumbnail","6":"product_cat-okategoriserad","8":"first","9":"instock","10":"shipping-taxable","11":"purchasable","12":"product-type-simple"},"_links":{"self":[{"href":"https:\/\/nordicmart.andreevmaster.com\/sv\/wp-json\/wp\/v2\/product\/10702","targetHints":{"allow":["GET"]}}],"collection":[{"href":"https:\/\/nordicmart.andreevmaster.com\/sv\/wp-json\/wp\/v2\/product"}],"about":[{"href":"https:\/\/nordicmart.andreevmaster.com\/sv\/wp-json\/wp\/v2\/types\/product"}],"replies":[{"embeddable":true,"href":"https:\/\/nordicmart.andreevmaster.com\/sv\/wp-json\/wp\/v2\/comments?post=10702"}],"wp:featuredmedia":[{"embeddable":true,"href":"https:\/\/nordicmart.andreevmaster.com\/sv\/wp-json\/wp\/v2\/media\/39250"}],"wp:attachment":[{"href":"https:\/\/nordicmart.andreevmaster.com\/sv\/wp-json\/wp\/v2\/media?parent=10702"}],"wp:term":[{"taxonomy":"product_brand","embeddable":true,"href":"https:\/\/nordicmart.andreevmaster.com\/sv\/wp-json\/wp\/v2\/product_brand?post=10702"},{"taxonomy":"product_cat","embeddable":true,"href":"https:\/\/nordicmart.andreevmaster.com\/sv\/wp-json\/wp\/v2\/product_cat?post=10702"},{"taxonomy":"product_tag","embeddable":true,"href":"https:\/\/nordicmart.andreevmaster.com\/sv\/wp-json\/wp\/v2\/product_tag?post=10702"}],"curies":[{"name":"wp","href":"https:\/\/api.w.org\/{rel}","templated":true}]}}