{"id":10695,"date":"2026-02-27T00:08:03","date_gmt":"2026-02-27T00:08:03","guid":{"rendered":"https:\/\/nordicmart.andreevmaster.com\/product\/vasagle-badrumshylla-med-3-oppna-hyllplan\/"},"modified":"2026-02-27T08:03:34","modified_gmt":"2026-02-27T08:03:34","slug":"vasagle-badrumshylla-med-3-oppna-hyllplan","status":"publish","type":"product","link":"https:\/\/nordicmart.andreevmaster.com\/sv\/produkt\/vasagle-badrumshylla-med-3-oppna-hyllplan\/","title":{"rendered":"VASAGLE badrumshylla med 3 \u00f6ppna hyllplan"},"content":{"rendered":"<p>Produktdetaljer: &#8211; F\u00e4rg: Vintagebrun-svart &#8211; Material: Sp\u00e5nskiva, st\u00e5l &#8211; Storlek: 63 x 25 x 165 cm (L x B x H) &#8211; Vikt: 10,2 kg &#8211; Max. statisk belastningskapacitet: 15 kg Leveransomfattning:- 1 x toalettst\u00e4ll &#8211; 1 x tillbeh\u00f6rspaket &#8211; 1 x tippskydd &#8211; 1 x bruksanvisning (DE, EN, ES, FR, IT) VASAGLE Anm\u00e4rkningar: &#8211; Av s\u00e4kerhetssk\u00e4l \u00e4r det f\u00f6rbjudet f\u00f6r barn att kl\u00e4ttra p\u00e5 eller leka med produkten. &#8211; F\u00e4st denna produkt p\u00e5 v\u00e4ggen med det medf\u00f6ljande tippskyddet.<\/p>\n","protected":false},"excerpt":{"rendered":"<p>VASAGLE toalettst\u00e4ll, badrumsst\u00e4ll, tv\u00e4ttmaskinsst\u00e4ll, badrumsst\u00e4ll med 3 \u00f6ppna hyllplan, platsbesparande, stabilt, enkel montering, industriell design, vintagebrunt-svart BTS002B01<\/p>\n","protected":false},"featured_media":39243,"comment_status":"open","ping_status":"closed","template":"","meta":[],"product_brand":[],"product_cat":[33],"product_tag":[],"class_list":{"0":"post-10695","1":"product","2":"type-product","3":"status-publish","4":"has-post-thumbnail","6":"product_cat-okategoriserad","8":"first","9":"instock","10":"shipping-taxable","11":"purchasable","12":"product-type-simple"},"_links":{"self":[{"href":"https:\/\/nordicmart.andreevmaster.com\/sv\/wp-json\/wp\/v2\/product\/10695","targetHints":{"allow":["GET"]}}],"collection":[{"href":"https:\/\/nordicmart.andreevmaster.com\/sv\/wp-json\/wp\/v2\/product"}],"about":[{"href":"https:\/\/nordicmart.andreevmaster.com\/sv\/wp-json\/wp\/v2\/types\/product"}],"replies":[{"embeddable":true,"href":"https:\/\/nordicmart.andreevmaster.com\/sv\/wp-json\/wp\/v2\/comments?post=10695"}],"wp:featuredmedia":[{"embeddable":true,"href":"https:\/\/nordicmart.andreevmaster.com\/sv\/wp-json\/wp\/v2\/media\/39243"}],"wp:attachment":[{"href":"https:\/\/nordicmart.andreevmaster.com\/sv\/wp-json\/wp\/v2\/media?parent=10695"}],"wp:term":[{"taxonomy":"product_brand","embeddable":true,"href":"https:\/\/nordicmart.andreevmaster.com\/sv\/wp-json\/wp\/v2\/product_brand?post=10695"},{"taxonomy":"product_cat","embeddable":true,"href":"https:\/\/nordicmart.andreevmaster.com\/sv\/wp-json\/wp\/v2\/product_cat?post=10695"},{"taxonomy":"product_tag","embeddable":true,"href":"https:\/\/nordicmart.andreevmaster.com\/sv\/wp-json\/wp\/v2\/product_tag?post=10695"}],"curies":[{"name":"wp","href":"https:\/\/api.w.org\/{rel}","templated":true}]}}