{"id":10694,"date":"2026-02-27T00:08:03","date_gmt":"2026-02-27T00:08:03","guid":{"rendered":"https:\/\/nordicmart.andreevmaster.com\/product\/songmics-3-hylligt-badrumshyllor-i-bambu-molnvit-naturfargad\/"},"modified":"2026-02-27T08:03:34","modified_gmt":"2026-02-27T08:03:34","slug":"songmics-3-hylligt-badrumshyllor-i-bambu-molnvit-naturfargad","status":"publish","type":"product","link":"https:\/\/nordicmart.andreevmaster.com\/sv\/produkt\/songmics-3-hylligt-badrumshyllor-i-bambu-molnvit-naturfargad\/","title":{"rendered":"SONGMICS 3-hylligt badrumshyllor i bambu molnvit-naturf\u00e4rgad"},"content":{"rendered":"<p>SONGMICS toalettst\u00e4ll, badrumsst\u00e4ll, tv\u00e4ttmaskinsst\u00e4ll, 3-v\u00e5ningars badrumsst\u00e4ll i bambu, justerbart, multifunktionellt, statisk belastningskapacitet 15 kg per niv\u00e5, enkel montering, vitt BTS01WT<\/p>\n","protected":false},"excerpt":{"rendered":"<p>SONGMICS toalettst\u00e4ll, badrumsst\u00e4ll, tv\u00e4ttmaskinsst\u00e4ll, 3-v\u00e5ningars badrumsst\u00e4ll i bambu, justerbart, multifunktionellt, statisk belastningskapacitet 15 kg per niv\u00e5, enkel montering, vitt BTS01WT<\/p>\n","protected":false},"featured_media":39242,"comment_status":"open","ping_status":"closed","template":"","meta":[],"product_brand":[],"product_cat":[33],"product_tag":[],"class_list":{"0":"post-10694","1":"product","2":"type-product","3":"status-publish","4":"has-post-thumbnail","6":"product_cat-okategoriserad","8":"first","9":"instock","10":"shipping-taxable","11":"purchasable","12":"product-type-simple"},"_links":{"self":[{"href":"https:\/\/nordicmart.andreevmaster.com\/sv\/wp-json\/wp\/v2\/product\/10694","targetHints":{"allow":["GET"]}}],"collection":[{"href":"https:\/\/nordicmart.andreevmaster.com\/sv\/wp-json\/wp\/v2\/product"}],"about":[{"href":"https:\/\/nordicmart.andreevmaster.com\/sv\/wp-json\/wp\/v2\/types\/product"}],"replies":[{"embeddable":true,"href":"https:\/\/nordicmart.andreevmaster.com\/sv\/wp-json\/wp\/v2\/comments?post=10694"}],"wp:featuredmedia":[{"embeddable":true,"href":"https:\/\/nordicmart.andreevmaster.com\/sv\/wp-json\/wp\/v2\/media\/39242"}],"wp:attachment":[{"href":"https:\/\/nordicmart.andreevmaster.com\/sv\/wp-json\/wp\/v2\/media?parent=10694"}],"wp:term":[{"taxonomy":"product_brand","embeddable":true,"href":"https:\/\/nordicmart.andreevmaster.com\/sv\/wp-json\/wp\/v2\/product_brand?post=10694"},{"taxonomy":"product_cat","embeddable":true,"href":"https:\/\/nordicmart.andreevmaster.com\/sv\/wp-json\/wp\/v2\/product_cat?post=10694"},{"taxonomy":"product_tag","embeddable":true,"href":"https:\/\/nordicmart.andreevmaster.com\/sv\/wp-json\/wp\/v2\/product_tag?post=10694"}],"curies":[{"name":"wp","href":"https:\/\/api.w.org\/{rel}","templated":true}]}}