{"id":10688,"date":"2026-02-27T00:08:02","date_gmt":"2026-02-27T00:08:02","guid":{"rendered":"https:\/\/nordicmart.andreevmaster.com\/product\/songmics-rullvagn-3-nivaer-mintgron\/"},"modified":"2026-02-27T08:03:33","modified_gmt":"2026-02-27T08:03:33","slug":"songmics-rullvagn-3-nivaer-mintgron","status":"publish","type":"product","link":"https:\/\/nordicmart.andreevmaster.com\/sv\/produkt\/songmics-rullvagn-3-nivaer-mintgron\/","title":{"rendered":"SONGMICS rullvagn 3 niv\u00e5er mintgr\u00f6n"},"content":{"rendered":"<p>M\u00e5ngsidig och rymlig \u2013 denna rullvagn fr\u00e5n SONGMICS \u00e4r en trogen f\u00f6rsvarare mot kaos i ditt hem, klassrum och kontor. Den har 4 h\u00f6gkvalitativa hjul, varav 2 \u00e4r l\u00e5sbara, s\u00e5 att den kan skjutas fram och tillbaka eller alltid st\u00e5 p\u00e5 samma plats. Varf\u00f6r ska du v\u00e4lja rullvagnen fr\u00e5n SONGMICS? P\u00e5 grund av den l\u00e5nga livsl\u00e4ngden Tack vare de robusta, pulverlackerade j\u00e4rnr\u00f6ren och de h\u00f6gkvalitativa plastkopplingarna \u00e4r denna hylla s\u00e4rskilt h\u00e5llbar. P\u00e5 grund av den enkla \u00e5tkomsten Denna rullvagn kan enkelt skjutas fr\u00e5n ett rum till ett annat, vilket underl\u00e4ttar transporten av sm\u00e5 f\u00f6rem\u00e5l. Tack vare de \u00f6ppna f\u00f6rvaringsfacken kan du dessutom snabbt komma \u00e5t dessa f\u00f6rem\u00e5l. Tack vare det extra f\u00f6rvaringsutrymmet Med 3 h\u00f6j- och djupjusterbara f\u00f6rvaringsfack (37,5 x 29,5 x 8,5 cm, 38 x 30 x 8,5 cm och 38,5 x 30,5 x 8,5 cm) erbjuder detta st\u00e4ll en rymlig f\u00f6rvaringsm\u00f6jlighet f\u00f6r ofta anv\u00e4nda vardagsredskap, dina barns leksaker etc. Om du beh\u00f6ver en m\u00e5ngsidig, rymlig rullvagn \u00e4r denna universalvagn fr\u00e5n SONGMICS precis r\u00e4tt f\u00f6r dig! Produktdetaljer:- F\u00e4rg: Mintgr\u00f6n &#8211; Material: J\u00e4rn &#8211; Storlek: 43 x 35 x 73,5 cm (L x B x H) &#8211; Vikt: 4,7 kg &#8211; Max. statisk belastningskapacitet per niv\u00e5: 10 kg Leveransomfattning: &#8211; 1 x rullvagn &#8211; 1 x beh\u00e5llare med tillbeh\u00f6r &#8211; 1 x bruksanvisning (DE, EN, FR, ES, IT)<\/p>\n","protected":false},"excerpt":{"rendered":"<p>SONGMICS rullvagn med 3 niv\u00e5er, f\u00f6rvaringsvagn, k\u00f6kshylla med hjul, h\u00f6jdjusterbara f\u00f6rvaringsfack, serveringsvagn med 2 bromsar, enkel montering, f\u00f6r badrum, k\u00f6k, kontor, svart BSC60B<\/p>\n","protected":false},"featured_media":39236,"comment_status":"open","ping_status":"closed","template":"","meta":[],"product_brand":[],"product_cat":[33],"product_tag":[],"class_list":{"0":"post-10688","1":"product","2":"type-product","3":"status-publish","4":"has-post-thumbnail","6":"product_cat-okategoriserad","8":"first","9":"instock","10":"shipping-taxable","11":"purchasable","12":"product-type-simple"},"_links":{"self":[{"href":"https:\/\/nordicmart.andreevmaster.com\/sv\/wp-json\/wp\/v2\/product\/10688","targetHints":{"allow":["GET"]}}],"collection":[{"href":"https:\/\/nordicmart.andreevmaster.com\/sv\/wp-json\/wp\/v2\/product"}],"about":[{"href":"https:\/\/nordicmart.andreevmaster.com\/sv\/wp-json\/wp\/v2\/types\/product"}],"replies":[{"embeddable":true,"href":"https:\/\/nordicmart.andreevmaster.com\/sv\/wp-json\/wp\/v2\/comments?post=10688"}],"wp:featuredmedia":[{"embeddable":true,"href":"https:\/\/nordicmart.andreevmaster.com\/sv\/wp-json\/wp\/v2\/media\/39236"}],"wp:attachment":[{"href":"https:\/\/nordicmart.andreevmaster.com\/sv\/wp-json\/wp\/v2\/media?parent=10688"}],"wp:term":[{"taxonomy":"product_brand","embeddable":true,"href":"https:\/\/nordicmart.andreevmaster.com\/sv\/wp-json\/wp\/v2\/product_brand?post=10688"},{"taxonomy":"product_cat","embeddable":true,"href":"https:\/\/nordicmart.andreevmaster.com\/sv\/wp-json\/wp\/v2\/product_cat?post=10688"},{"taxonomy":"product_tag","embeddable":true,"href":"https:\/\/nordicmart.andreevmaster.com\/sv\/wp-json\/wp\/v2\/product_tag?post=10688"}],"curies":[{"name":"wp","href":"https:\/\/api.w.org\/{rel}","templated":true}]}}