{"id":10686,"date":"2026-02-27T00:08:01","date_gmt":"2026-02-27T00:08:01","guid":{"rendered":"https:\/\/nordicmart.andreevmaster.com\/product\/songmics-rullbar-metallhylla-svart\/"},"modified":"2026-02-27T08:03:32","modified_gmt":"2026-02-27T08:03:32","slug":"songmics-rullbar-metallhylla-svart","status":"publish","type":"product","link":"https:\/\/nordicmart.andreevmaster.com\/sv\/produkt\/songmics-rullbar-metallhylla-svart\/","title":{"rendered":"SONGMICS Rullbar metallhylla Svart"},"content":{"rendered":"<p>Varf\u00f6r ska du v\u00e4lja rullvagnen fr\u00e5n SONGMICS? P\u00e5 grund av den l\u00e5nga livsl\u00e4ngden: Tack vare de robusta, pulverlackerade j\u00e4rnr\u00f6ren och de h\u00f6gkvalitativa plastkopplingarna \u00e4r denna hylla s\u00e4rskilt h\u00e5llbar. P\u00e5 grund av den enkla \u00e5tkomsten: Denna rullvagn kan enkelt skjutas fr\u00e5n ett rum till ett annat, vilket underl\u00e4ttar transporten av sm\u00e5 f\u00f6rem\u00e5l. Tack vare de \u00f6ppna f\u00f6rvaringsfacken kan du dessutom snabbt komma \u00e5t dessa f\u00f6rem\u00e5l. P\u00e5 grund av det extra f\u00f6rvaringsutrymmet: Med 3 h\u00f6jdjusterbara f\u00f6rvaringsfack (37,5 x 29,5 x 8,5 cm, 38 x 30 x 8,5 cm och 38,5 x 30,5 x 8,5 cm) erbjuder detta st\u00e4ll ett rymligt hem f\u00f6r ofta anv\u00e4nda vardagsredskap, dina barns leksaker etc. Om du beh\u00f6ver en m\u00e5ngsidig, rymlig rullvagn \u00e4r denna universalvagn fr\u00e5n SONGMICS precis r\u00e4tt f\u00f6r dig! Produktdetaljer:F\u00e4rg: Svart Material: J\u00e4rn Storlek: 43 x 35 x 73,5 cm (L x B x H) Vikt: 4,7 kg Max. statisk belastningskapacitet per niv\u00e5: 10 kg Leveransomfattning: 1 x rullvagn 1 x tillbeh\u00f6rsp\u00e5se 1 x bruksanvisning (DE, EN, FR, ES, IT)<\/p>\n","protected":false},"excerpt":{"rendered":"<p>SONGMICS rullvagn med 3 niv\u00e5er, f\u00f6rvaringsvagn, k\u00f6kshylla med hjul, h\u00f6jdjusterbara f\u00f6rvaringsfack, serveringsvagn med 2 bromsar, enkel montering, f\u00f6r badrum, k\u00f6k, kontor, svart BSC60B<\/p>\n","protected":false},"featured_media":39234,"comment_status":"open","ping_status":"closed","template":"","meta":[],"product_brand":[],"product_cat":[33],"product_tag":[],"class_list":{"0":"post-10686","1":"product","2":"type-product","3":"status-publish","4":"has-post-thumbnail","6":"product_cat-okategoriserad","8":"first","9":"instock","10":"shipping-taxable","11":"purchasable","12":"product-type-simple"},"_links":{"self":[{"href":"https:\/\/nordicmart.andreevmaster.com\/sv\/wp-json\/wp\/v2\/product\/10686","targetHints":{"allow":["GET"]}}],"collection":[{"href":"https:\/\/nordicmart.andreevmaster.com\/sv\/wp-json\/wp\/v2\/product"}],"about":[{"href":"https:\/\/nordicmart.andreevmaster.com\/sv\/wp-json\/wp\/v2\/types\/product"}],"replies":[{"embeddable":true,"href":"https:\/\/nordicmart.andreevmaster.com\/sv\/wp-json\/wp\/v2\/comments?post=10686"}],"wp:featuredmedia":[{"embeddable":true,"href":"https:\/\/nordicmart.andreevmaster.com\/sv\/wp-json\/wp\/v2\/media\/39234"}],"wp:attachment":[{"href":"https:\/\/nordicmart.andreevmaster.com\/sv\/wp-json\/wp\/v2\/media?parent=10686"}],"wp:term":[{"taxonomy":"product_brand","embeddable":true,"href":"https:\/\/nordicmart.andreevmaster.com\/sv\/wp-json\/wp\/v2\/product_brand?post=10686"},{"taxonomy":"product_cat","embeddable":true,"href":"https:\/\/nordicmart.andreevmaster.com\/sv\/wp-json\/wp\/v2\/product_cat?post=10686"},{"taxonomy":"product_tag","embeddable":true,"href":"https:\/\/nordicmart.andreevmaster.com\/sv\/wp-json\/wp\/v2\/product_tag?post=10686"}],"curies":[{"name":"wp","href":"https:\/\/api.w.org\/{rel}","templated":true}]}}