{"id":10682,"date":"2026-02-27T00:08:01","date_gmt":"2026-02-27T00:08:01","guid":{"rendered":"https:\/\/nordicmart.andreevmaster.com\/product\/vasagle-hyllor-i-vattenrorsdesign-med-5-hyllplan\/"},"modified":"2026-02-27T08:03:32","modified_gmt":"2026-02-27T08:03:32","slug":"vasagle-hyllor-i-vattenrorsdesign-med-5-hyllplan","status":"publish","type":"product","link":"https:\/\/nordicmart.andreevmaster.com\/sv\/produkt\/vasagle-hyllor-i-vattenrorsdesign-med-5-hyllplan\/","title":{"rendered":"VASAGLE hyllor i vattenr\u00f6rsdesign med 5 hyllplan"},"content":{"rendered":"<p>Produktdetaljer: F\u00e4rg: R\u00f6r i svart, vintagehyllor i m\u00f6rkbrunt Material: J\u00e4rn, plastlister Storlek: 39,5 x 30,5 x 129,5 cm (L x B x H)Storlek per hylla: 35 x 28,5 cm Vikt: 6,1 kg Max. statisk belastningskapacitet per niv\u00e5: 25 kg Leveransomfattning: 1 x stativhylla 1 x tillbeh\u00f6rsp\u00e5se 1 x bruksanvisning (DE, EN, FR, ES, IT) VASAGLE Anm\u00e4rkningar: Den maximala belastningskapaciteten per hylla \u00e4r 25 kg. \u00d6verskrid inte denna maximala vikt.<\/p>\n","protected":false},"excerpt":{"rendered":"<p>VASAGLE stativhylla med 5 hyllplan, bokhylla, k\u00f6kshylla i industriell design, badrumshylla, utbyggbar, v\u00e4xtst\u00e4ll med justerbara hyllplan, vardagsrum, balkong, vintage BSC25BX<\/p>\n","protected":false},"featured_media":39230,"comment_status":"open","ping_status":"closed","template":"","meta":[],"product_brand":[],"product_cat":[33],"product_tag":[],"class_list":{"0":"post-10682","1":"product","2":"type-product","3":"status-publish","4":"has-post-thumbnail","6":"product_cat-okategoriserad","8":"first","9":"instock","10":"shipping-taxable","11":"purchasable","12":"product-type-simple"},"_links":{"self":[{"href":"https:\/\/nordicmart.andreevmaster.com\/sv\/wp-json\/wp\/v2\/product\/10682","targetHints":{"allow":["GET"]}}],"collection":[{"href":"https:\/\/nordicmart.andreevmaster.com\/sv\/wp-json\/wp\/v2\/product"}],"about":[{"href":"https:\/\/nordicmart.andreevmaster.com\/sv\/wp-json\/wp\/v2\/types\/product"}],"replies":[{"embeddable":true,"href":"https:\/\/nordicmart.andreevmaster.com\/sv\/wp-json\/wp\/v2\/comments?post=10682"}],"wp:featuredmedia":[{"embeddable":true,"href":"https:\/\/nordicmart.andreevmaster.com\/sv\/wp-json\/wp\/v2\/media\/39230"}],"wp:attachment":[{"href":"https:\/\/nordicmart.andreevmaster.com\/sv\/wp-json\/wp\/v2\/media?parent=10682"}],"wp:term":[{"taxonomy":"product_brand","embeddable":true,"href":"https:\/\/nordicmart.andreevmaster.com\/sv\/wp-json\/wp\/v2\/product_brand?post=10682"},{"taxonomy":"product_cat","embeddable":true,"href":"https:\/\/nordicmart.andreevmaster.com\/sv\/wp-json\/wp\/v2\/product_cat?post=10682"},{"taxonomy":"product_tag","embeddable":true,"href":"https:\/\/nordicmart.andreevmaster.com\/sv\/wp-json\/wp\/v2\/product_tag?post=10682"}],"curies":[{"name":"wp","href":"https:\/\/api.w.org\/{rel}","templated":true}]}}