{"id":10681,"date":"2026-02-27T00:08:00","date_gmt":"2026-02-27T00:08:00","guid":{"rendered":"https:\/\/nordicmart.andreevmaster.com\/product\/vasagle-stativhylla-i-vattenrorsdesign-med-3-hyllplan\/"},"modified":"2026-02-27T08:03:32","modified_gmt":"2026-02-27T08:03:32","slug":"vasagle-stativhylla-i-vattenrorsdesign-med-3-hyllplan","status":"publish","type":"product","link":"https:\/\/nordicmart.andreevmaster.com\/sv\/produkt\/vasagle-stativhylla-i-vattenrorsdesign-med-3-hyllplan\/","title":{"rendered":"VASAGLE stativhylla i vattenr\u00f6rsdesign med 3 hyllplan"},"content":{"rendered":"<p>Styrka och stilRobusta j\u00e4rnr\u00f6r, charmig vintage-design \u2013 Denna hylla \u00e4r inte bara stark nog att b\u00e4ra alla dina f\u00f6rem\u00e5l, utan ger ocks\u00e5 stil till ditt hem.Produktdetaljer:F\u00e4rg: R\u00f6r i svart, vintagehyllor i m\u00f6rkbruntMaterial: J\u00e4rn, konsthartsribborStorlek: 63,8 x 30,5 x 73,5 cm (L x B x H) Storlek per hylla: 60 x 28,5 cm Vikt: 4,3 kg Max. statisk belastningskapacitet per niv\u00e5: 10 kg Leveransomfattning: 1 x stativhylla 1 x tillbeh\u00f6rsp\u00e5se 1 x bruksanvisning (DE, EN, FR, ES, IT) VASAGLE Anm\u00e4rkningar: Den maximala belastningskapaciteten per hylla \u00e4r 10 kg. \u00d6verskrid inte denna maximala vikt.<\/p>\n","protected":false},"excerpt":{"rendered":"<p>VASAGLE stativhylla med 3 hyllplan, bokhylla, badrumshylla, industriell design, k\u00f6kshylla, utbyggbar, v\u00e4xtst\u00e4ll, justerbara hyllplan, 63,8 x 30,5 x 73,5 cm, vardagsrum, balkong, vintage BSC24BX<\/p>\n","protected":false},"featured_media":39229,"comment_status":"open","ping_status":"closed","template":"","meta":[],"product_brand":[],"product_cat":[33],"product_tag":[],"class_list":{"0":"post-10681","1":"product","2":"type-product","3":"status-publish","4":"has-post-thumbnail","6":"product_cat-okategoriserad","8":"first","9":"instock","10":"shipping-taxable","11":"purchasable","12":"product-type-simple"},"_links":{"self":[{"href":"https:\/\/nordicmart.andreevmaster.com\/sv\/wp-json\/wp\/v2\/product\/10681","targetHints":{"allow":["GET"]}}],"collection":[{"href":"https:\/\/nordicmart.andreevmaster.com\/sv\/wp-json\/wp\/v2\/product"}],"about":[{"href":"https:\/\/nordicmart.andreevmaster.com\/sv\/wp-json\/wp\/v2\/types\/product"}],"replies":[{"embeddable":true,"href":"https:\/\/nordicmart.andreevmaster.com\/sv\/wp-json\/wp\/v2\/comments?post=10681"}],"wp:featuredmedia":[{"embeddable":true,"href":"https:\/\/nordicmart.andreevmaster.com\/sv\/wp-json\/wp\/v2\/media\/39229"}],"wp:attachment":[{"href":"https:\/\/nordicmart.andreevmaster.com\/sv\/wp-json\/wp\/v2\/media?parent=10681"}],"wp:term":[{"taxonomy":"product_brand","embeddable":true,"href":"https:\/\/nordicmart.andreevmaster.com\/sv\/wp-json\/wp\/v2\/product_brand?post=10681"},{"taxonomy":"product_cat","embeddable":true,"href":"https:\/\/nordicmart.andreevmaster.com\/sv\/wp-json\/wp\/v2\/product_cat?post=10681"},{"taxonomy":"product_tag","embeddable":true,"href":"https:\/\/nordicmart.andreevmaster.com\/sv\/wp-json\/wp\/v2\/product_tag?post=10681"}],"curies":[{"name":"wp","href":"https:\/\/api.w.org\/{rel}","templated":true}]}}