{"id":10676,"date":"2026-02-27T00:08:00","date_gmt":"2026-02-27T00:08:00","guid":{"rendered":"https:\/\/nordicmart.andreevmaster.com\/product\/songmics-rullvagn-3-nivaer-vit-och-transparent\/"},"modified":"2026-02-27T08:03:31","modified_gmt":"2026-02-27T08:03:31","slug":"songmics-rullvagn-3-nivaer-vit-och-transparent","status":"publish","type":"product","link":"https:\/\/nordicmart.andreevmaster.com\/sv\/produkt\/songmics-rullvagn-3-nivaer-vit-och-transparent\/","title":{"rendered":"SONGMICS rullvagn 3 niv\u00e5er vit och transparent"},"content":{"rendered":"<p>SONGMICS rullvagn, 3 niv\u00e5er, serveringsvagn, k\u00f6ksvagn med handtag, 2 sm\u00e5 h\u00e4ngande fack, 2 bromsar, f\u00f6rvaringsfack av plast, enkel montering, sovrum, tv\u00e4ttstuga, svart BSC067B01<br \/>\nF\u00e4rg: Vit-transparent<br \/>\nMaterial: st\u00e5l, plast<br \/>\nStorlek: 37,3 x 42,5 x 86,3 cm (D x B x H)<br \/>\nVikt: 3 kg<br \/>\nMax. statisk belastningskapacitet per niv\u00e5: 10 kg<\/p>\n","protected":false},"excerpt":{"rendered":"<p>SONGMICS rullvagn, 3 niv\u00e5er, serveringsvagn, k\u00f6ksvagn med handtag, 2 sm\u00e5 h\u00e4ngande fack, 2 bromsar, f\u00f6rvaringsfack av plast, enkel montering, sovrum, tv\u00e4ttstuga, svart BSC067B01<\/p>\n","protected":false},"featured_media":39224,"comment_status":"open","ping_status":"closed","template":"","meta":[],"product_brand":[],"product_cat":[33],"product_tag":[],"class_list":{"0":"post-10676","1":"product","2":"type-product","3":"status-publish","4":"has-post-thumbnail","6":"product_cat-okategoriserad","8":"first","9":"instock","10":"shipping-taxable","11":"purchasable","12":"product-type-simple"},"_links":{"self":[{"href":"https:\/\/nordicmart.andreevmaster.com\/sv\/wp-json\/wp\/v2\/product\/10676","targetHints":{"allow":["GET"]}}],"collection":[{"href":"https:\/\/nordicmart.andreevmaster.com\/sv\/wp-json\/wp\/v2\/product"}],"about":[{"href":"https:\/\/nordicmart.andreevmaster.com\/sv\/wp-json\/wp\/v2\/types\/product"}],"replies":[{"embeddable":true,"href":"https:\/\/nordicmart.andreevmaster.com\/sv\/wp-json\/wp\/v2\/comments?post=10676"}],"wp:featuredmedia":[{"embeddable":true,"href":"https:\/\/nordicmart.andreevmaster.com\/sv\/wp-json\/wp\/v2\/media\/39224"}],"wp:attachment":[{"href":"https:\/\/nordicmart.andreevmaster.com\/sv\/wp-json\/wp\/v2\/media?parent=10676"}],"wp:term":[{"taxonomy":"product_brand","embeddable":true,"href":"https:\/\/nordicmart.andreevmaster.com\/sv\/wp-json\/wp\/v2\/product_brand?post=10676"},{"taxonomy":"product_cat","embeddable":true,"href":"https:\/\/nordicmart.andreevmaster.com\/sv\/wp-json\/wp\/v2\/product_cat?post=10676"},{"taxonomy":"product_tag","embeddable":true,"href":"https:\/\/nordicmart.andreevmaster.com\/sv\/wp-json\/wp\/v2\/product_tag?post=10676"}],"curies":[{"name":"wp","href":"https:\/\/api.w.org\/{rel}","templated":true}]}}