{"id":10675,"date":"2026-02-27T00:07:59","date_gmt":"2026-02-27T00:07:59","guid":{"rendered":"https:\/\/nordicmart.andreevmaster.com\/product\/songmics-rullvagn-3-nivaer-vit\/"},"modified":"2026-02-27T08:03:31","modified_gmt":"2026-02-27T08:03:31","slug":"songmics-rullvagn-3-nivaer-vit","status":"publish","type":"product","link":"https:\/\/nordicmart.andreevmaster.com\/sv\/produkt\/songmics-rullvagn-3-nivaer-vit\/","title":{"rendered":"SONGMICS rullvagn 3 niv\u00e5er vit"},"content":{"rendered":"<p>Robust st\u00e5lram, 3 f\u00f6rvaringsfack av plast och 4 h\u00f6gkvalitativa hjul (varav 2 \u00e4r l\u00e5sbara) \u2013 Rulla denna hylla fr\u00e5n SONGMICS dit du beh\u00f6ver mer f\u00f6rvaringsutrymme. I tv\u00e4ttstugan: St\u00e4ll denna hylla i tv\u00e4ttstugan f\u00f6r att f\u00f6rvara tv\u00e4ttmedel, sk\u00f6ljmedel, reng\u00f6ringsmedel etc. p\u00e5 ett ordnat s\u00e4tt. I morgon \u00e4r det tv\u00e4ttdag! Men oroa dig inte, alla redskap finns redan i vagnen och v\u00e4ntar p\u00e5 att anv\u00e4ndas! I k\u00f6ket: Kryddor i det \u00f6vre f\u00f6rvaringsfacket, frukt i det mellersta och gr\u00f6nsaker i det nedre \u2013 allt har sin egen plats! \u00c4ntligen kan du rensa dina arbetsytor fr\u00e5n kaos och anv\u00e4nda dem p\u00e5 ett meningsfullt s\u00e4tt igen. P\u00e5 kontoret: Du kan f\u00f6rvara dina kontorsredskap i detta rack och skapa ordning p\u00e5 skrivbordet. F\u00f6r att kunna arbeta produktivt \u00e4r en ordnad arbetsplats A och O! Om ditt kontor beh\u00f6ver lite gr\u00f6nska kan du placera n\u00e5gra sm\u00e5 suckulenter i det \u00f6vre facket p\u00e5 denna hylla. T\u00e4nk utanf\u00f6r boxen! O\u00e4ndliga anv\u00e4ndningsm\u00f6jligheter v\u00e4ntar p\u00e5 denna rullvagn! Rulla fram f\u00f6delsedagspresenter som en \u00f6verraskning? F\u00f6rvara b\u00f6cker? Eller visa upp sm\u00e5 v\u00e4xter&#8230; Vad mer? Olika f\u00f6rem\u00e5l passar i denna serveringsvagn. Produktdetaljer:F\u00e4rg: Vit Material: St\u00e5l, PP-plast Storlek: 41,6 x 33,5 x 86,3 cm (L x B x H) Vikt: 3 kg Max. statisk belastningskapacitet per niv\u00e5: 10 kg Leveransomfattning: 1 x rullvagn 2 x litet h\u00e4ngande fack 1 x tillbeh\u00f6rspaket 1 x bruksanvisning (DE, EN, FR, ES, IT)<\/p>\n","protected":false},"excerpt":{"rendered":"<p>SONGMICS rullvagn, 3 niv\u00e5er, serveringsvagn, k\u00f6ksvagn med handtag, 2 sm\u00e5 h\u00e4ngande fack, 2 bromsar, f\u00f6rvaringsfack av plast, enkel montering, sovrum, tv\u00e4ttstuga, svart BSC067B01<\/p>\n","protected":false},"featured_media":39223,"comment_status":"open","ping_status":"closed","template":"","meta":[],"product_brand":[],"product_cat":[33],"product_tag":[],"class_list":{"0":"post-10675","1":"product","2":"type-product","3":"status-publish","4":"has-post-thumbnail","6":"product_cat-okategoriserad","8":"first","9":"instock","10":"shipping-taxable","11":"purchasable","12":"product-type-simple"},"_links":{"self":[{"href":"https:\/\/nordicmart.andreevmaster.com\/sv\/wp-json\/wp\/v2\/product\/10675","targetHints":{"allow":["GET"]}}],"collection":[{"href":"https:\/\/nordicmart.andreevmaster.com\/sv\/wp-json\/wp\/v2\/product"}],"about":[{"href":"https:\/\/nordicmart.andreevmaster.com\/sv\/wp-json\/wp\/v2\/types\/product"}],"replies":[{"embeddable":true,"href":"https:\/\/nordicmart.andreevmaster.com\/sv\/wp-json\/wp\/v2\/comments?post=10675"}],"wp:featuredmedia":[{"embeddable":true,"href":"https:\/\/nordicmart.andreevmaster.com\/sv\/wp-json\/wp\/v2\/media\/39223"}],"wp:attachment":[{"href":"https:\/\/nordicmart.andreevmaster.com\/sv\/wp-json\/wp\/v2\/media?parent=10675"}],"wp:term":[{"taxonomy":"product_brand","embeddable":true,"href":"https:\/\/nordicmart.andreevmaster.com\/sv\/wp-json\/wp\/v2\/product_brand?post=10675"},{"taxonomy":"product_cat","embeddable":true,"href":"https:\/\/nordicmart.andreevmaster.com\/sv\/wp-json\/wp\/v2\/product_cat?post=10675"},{"taxonomy":"product_tag","embeddable":true,"href":"https:\/\/nordicmart.andreevmaster.com\/sv\/wp-json\/wp\/v2\/product_tag?post=10675"}],"curies":[{"name":"wp","href":"https:\/\/api.w.org\/{rel}","templated":true}]}}