{"id":10673,"date":"2026-02-27T00:07:59","date_gmt":"2026-02-27T00:07:59","guid":{"rendered":"https:\/\/nordicmart.andreevmaster.com\/product\/songmics-rullvagn-svart\/"},"modified":"2026-02-27T08:03:31","modified_gmt":"2026-02-27T08:03:31","slug":"songmics-rullvagn-svart","status":"publish","type":"product","link":"https:\/\/nordicmart.andreevmaster.com\/sv\/produkt\/songmics-rullvagn-svart\/","title":{"rendered":"SONGMICS rullvagn svart"},"content":{"rendered":"<p>Perfekt bredvid badkaret: Fyll denna praktiska badrumshylla med schampo, duschgel och en svamp, rulla den bredvid badkaret och hoppa i ett varmt bubbelbad!Praktiskt bredvid din serveringsbord:&nbsp;Placera kryddor, s\u00e5ser, matoljor och andra ofta anv\u00e4nda matlagningsingredienser p\u00e5 detta k\u00f6ksst\u00e4ll och skjut in det i den lilla nischen bredvid ditt serveringsbord. S\u00e5 har du salt, peppar och olivolja till hands n\u00e4r du trollar fram din ber\u00f6mda couscoussallad.Hj\u00e4lpsamt bredvid skrivbordet:&nbsp;St\u00e4ll sm\u00e5 l\u00e5dor med kontorsartiklar, h\u00e4ftapparat och h\u00e5lslag p\u00e5 denna flexibla rullvagn och skjut in den bredvid skrivbordet. P\u00e5 s\u00e5 s\u00e4tt har du snabbt tillg\u00e5ng till viktiga arbetsredskap utan att skrivbordet blir kaotiskt.Produktdetaljer: F\u00e4rg: Svart Material: St\u00e5l Storlek: 41 x 13,5 x 62,5 cm (L x B x H) Vikt: 2,7 kg Max. statisk belastningskapacitet per niv\u00e5: 4 kg Leveransomfattning: 1 x rullvagn 1 x tillbeh\u00f6rspaket 1 x bruksanvisning (DE, EN, FR, IT, ES)<\/p>\n","protected":false},"excerpt":{"rendered":"<p>SONGMICS rullvagn, nischhylla, k\u00f6kshylla med 3 gallerkorgar, platsbesparande, badrumshylla, f\u00f6r sm\u00e5 utrymmen, f\u00f6r k\u00f6k, kontor, badrum, vardagsrum, svart BSC066B01<\/p>\n","protected":false},"featured_media":39221,"comment_status":"open","ping_status":"closed","template":"","meta":[],"product_brand":[],"product_cat":[33],"product_tag":[],"class_list":{"0":"post-10673","1":"product","2":"type-product","3":"status-publish","4":"has-post-thumbnail","6":"product_cat-okategoriserad","8":"first","9":"instock","10":"shipping-taxable","11":"purchasable","12":"product-type-simple"},"_links":{"self":[{"href":"https:\/\/nordicmart.andreevmaster.com\/sv\/wp-json\/wp\/v2\/product\/10673","targetHints":{"allow":["GET"]}}],"collection":[{"href":"https:\/\/nordicmart.andreevmaster.com\/sv\/wp-json\/wp\/v2\/product"}],"about":[{"href":"https:\/\/nordicmart.andreevmaster.com\/sv\/wp-json\/wp\/v2\/types\/product"}],"replies":[{"embeddable":true,"href":"https:\/\/nordicmart.andreevmaster.com\/sv\/wp-json\/wp\/v2\/comments?post=10673"}],"wp:featuredmedia":[{"embeddable":true,"href":"https:\/\/nordicmart.andreevmaster.com\/sv\/wp-json\/wp\/v2\/media\/39221"}],"wp:attachment":[{"href":"https:\/\/nordicmart.andreevmaster.com\/sv\/wp-json\/wp\/v2\/media?parent=10673"}],"wp:term":[{"taxonomy":"product_brand","embeddable":true,"href":"https:\/\/nordicmart.andreevmaster.com\/sv\/wp-json\/wp\/v2\/product_brand?post=10673"},{"taxonomy":"product_cat","embeddable":true,"href":"https:\/\/nordicmart.andreevmaster.com\/sv\/wp-json\/wp\/v2\/product_cat?post=10673"},{"taxonomy":"product_tag","embeddable":true,"href":"https:\/\/nordicmart.andreevmaster.com\/sv\/wp-json\/wp\/v2\/product_tag?post=10673"}],"curies":[{"name":"wp","href":"https:\/\/api.w.org\/{rel}","templated":true}]}}