{"id":10672,"date":"2026-02-27T00:07:59","date_gmt":"2026-02-27T00:07:59","guid":{"rendered":"https:\/\/nordicmart.andreevmaster.com\/product\/songmics-smal-rullvagn-med-4-hyllplan\/"},"modified":"2026-02-27T08:03:30","modified_gmt":"2026-02-27T08:03:30","slug":"songmics-smal-rullvagn-med-4-hyllplan","status":"publish","type":"product","link":"https:\/\/nordicmart.andreevmaster.com\/sv\/produkt\/songmics-smal-rullvagn-med-4-hyllplan\/","title":{"rendered":"SONGMICS smal rullvagn med 4 hyllplan"},"content":{"rendered":"<p>Perfekt bredvid badkaret: Fyll denna praktiska badrumshylla med schampo, duschgel och en svamp, rulla den intill badkaret och hoppa i ett varmt bubbelbad! Praktiskt bredvid din serveringsbord: Placera kryddor, s\u00e5ser, matoljor och andra ofta anv\u00e4nda matlagningsingredienser p\u00e5 denna k\u00f6kshylla och skjut in den i den lilla nischen bredvid ditt serveringsbord. P\u00e5 s\u00e5 s\u00e4tt har du salt, peppar och olivolja till hands n\u00e4r du trollar fram din ber\u00f6mda couscoussallad. Praktiskt bredvid skrivbordet: St\u00e4ll sm\u00e5 l\u00e5dor med kontorsmaterial, h\u00e4ftapparat och h\u00e5lslag p\u00e5 denna flexibla rullvagn och skjut in den bredvid skrivbordet. P\u00e5 s\u00e5 s\u00e4tt har du snabbt tillg\u00e5ng till viktiga arbetsredskap utan att skrivbordet blir kaotiskt. Produktdetaljer:- F\u00e4rg: Svart &#8211; Material: St\u00e5l &#8211; Storlek: 40,5 x 13,5 x 90,6 cm (L x B x H) &#8211; Vikt: 3,3 kg &#8211; Max. statisk belastningskapacitet per niv\u00e5: 4 kg Leveransomfattning: &#8211; 1 x smalt rullst\u00e4ll &#8211; 1 x tillbeh\u00f6rspaket &#8211; 1 x bruksanvisning (DE, EN, FR, IT, ES)<\/p>\n","protected":false},"excerpt":{"rendered":"<p>SONGMICS rullvagn med 4 niv\u00e5er, nischhylla, k\u00f6ksvagn, badrumshylla, k\u00f6kshylla, platsbesparande, enkel montering, k\u00f6k, kontor, badrum, vardagsrum, svart BSC065B01<\/p>\n","protected":false},"featured_media":39220,"comment_status":"open","ping_status":"closed","template":"","meta":[],"product_brand":[],"product_cat":[33],"product_tag":[],"class_list":{"0":"post-10672","1":"product","2":"type-product","3":"status-publish","4":"has-post-thumbnail","6":"product_cat-okategoriserad","8":"first","9":"instock","10":"shipping-taxable","11":"purchasable","12":"product-type-simple"},"_links":{"self":[{"href":"https:\/\/nordicmart.andreevmaster.com\/sv\/wp-json\/wp\/v2\/product\/10672","targetHints":{"allow":["GET"]}}],"collection":[{"href":"https:\/\/nordicmart.andreevmaster.com\/sv\/wp-json\/wp\/v2\/product"}],"about":[{"href":"https:\/\/nordicmart.andreevmaster.com\/sv\/wp-json\/wp\/v2\/types\/product"}],"replies":[{"embeddable":true,"href":"https:\/\/nordicmart.andreevmaster.com\/sv\/wp-json\/wp\/v2\/comments?post=10672"}],"wp:featuredmedia":[{"embeddable":true,"href":"https:\/\/nordicmart.andreevmaster.com\/sv\/wp-json\/wp\/v2\/media\/39220"}],"wp:attachment":[{"href":"https:\/\/nordicmart.andreevmaster.com\/sv\/wp-json\/wp\/v2\/media?parent=10672"}],"wp:term":[{"taxonomy":"product_brand","embeddable":true,"href":"https:\/\/nordicmart.andreevmaster.com\/sv\/wp-json\/wp\/v2\/product_brand?post=10672"},{"taxonomy":"product_cat","embeddable":true,"href":"https:\/\/nordicmart.andreevmaster.com\/sv\/wp-json\/wp\/v2\/product_cat?post=10672"},{"taxonomy":"product_tag","embeddable":true,"href":"https:\/\/nordicmart.andreevmaster.com\/sv\/wp-json\/wp\/v2\/product_tag?post=10672"}],"curies":[{"name":"wp","href":"https:\/\/api.w.org\/{rel}","templated":true}]}}