{"id":10671,"date":"2026-02-27T00:07:59","date_gmt":"2026-02-27T00:07:59","guid":{"rendered":"https:\/\/nordicmart.andreevmaster.com\/product\/songmics-rullvagn-med-5-hyllplan-svart\/"},"modified":"2026-02-27T08:03:30","modified_gmt":"2026-02-27T08:03:30","slug":"songmics-rullvagn-med-5-hyllplan-svart","status":"publish","type":"product","link":"https:\/\/nordicmart.andreevmaster.com\/sv\/produkt\/songmics-rullvagn-med-5-hyllplan-svart\/","title":{"rendered":"SONGMICS rullvagn med 5 hyllplan, svart"},"content":{"rendered":"<p>Robust st\u00e5lram, 5 metalltr\u00e5dkorgar och 4 h\u00f6gkvalitativa hjul (varav 2 \u00e4r l\u00e5sbara) \u2013 Rulla denna hylla fr\u00e5n SONGMICS dit du beh\u00f6ver mer f\u00f6rvaringsutrymme.I badrummet: St\u00e4ll denna hylla bredvid badkaret f\u00f6r att f\u00f6rvara schampo, duschgel, handdukar och andra badtillbeh\u00f6r inom r\u00e4ckh\u00e5ll n\u00e4r du ligger bekv\u00e4mt i badkaret. I k\u00f6ket: Kryddor i det \u00f6vre facket, frukt i det mellersta och gr\u00f6nsaker i det nedre \u2013 allt har sin egen plats! \u00c4ntligen kan du rensa dina arbetsytor fr\u00e5n kaos och anv\u00e4nda dem p\u00e5 ett meningsfullt s\u00e4tt igen. P\u00e5 kontoret: Du kan f\u00f6rvara dina kontorsartiklar i denna hylla och skapa ordning p\u00e5 skrivbordet. F\u00f6r att kunna arbeta produktivt \u00e4r en ordnad arbetsplats A och O! Om ditt kontor beh\u00f6ver lite gr\u00f6nska kan du placera n\u00e5gra sm\u00e5 suckulenter i det \u00f6vre facket p\u00e5 denna hylla. T\u00e4nk utanf\u00f6r boxen! O\u00e4ndliga anv\u00e4ndningsm\u00f6jligheter v\u00e4ntar p\u00e5 denna rullvagn! Rulla ut t\u00e5rta och f\u00f6delsedagspresenter som en \u00f6verraskning fr\u00e5n k\u00f6ket? Transportera b\u00f6cker? Eller f\u00f6rvara vinflaskor f\u00f6r en cocktailparty&#8230; Vad mer? Olika f\u00f6rem\u00e5l passar i denna serveringsvagn.Produktdetaljer: F\u00e4rg: Svart Material: St\u00e5l Storlek: 41,5 x 32,5 x 108 cm (L x B x H) Vikt: 4,4 kg Max. statisk belastningskapacitet per niv\u00e5: 10 kg Leveransomfattning: 1 x rullvagn 1 x tillbeh\u00f6rspaket 1 x bruksanvisning (DE, EN, FR, ES, IT)<\/p>\n","protected":false},"excerpt":{"rendered":"<p>SONGMICS rullvagn med 5 hyllplan, k\u00f6ksvagn av metall, k\u00f6kshylla, med 2 bromsar, serveringsvagn med handtag, enkel montering, f\u00f6r badrum, k\u00f6k, kontor, svart BSC063B01<\/p>\n","protected":false},"featured_media":39219,"comment_status":"open","ping_status":"closed","template":"","meta":[],"product_brand":[],"product_cat":[33],"product_tag":[],"class_list":{"0":"post-10671","1":"product","2":"type-product","3":"status-publish","4":"has-post-thumbnail","6":"product_cat-okategoriserad","8":"first","9":"instock","10":"shipping-taxable","11":"purchasable","12":"product-type-simple"},"_links":{"self":[{"href":"https:\/\/nordicmart.andreevmaster.com\/sv\/wp-json\/wp\/v2\/product\/10671","targetHints":{"allow":["GET"]}}],"collection":[{"href":"https:\/\/nordicmart.andreevmaster.com\/sv\/wp-json\/wp\/v2\/product"}],"about":[{"href":"https:\/\/nordicmart.andreevmaster.com\/sv\/wp-json\/wp\/v2\/types\/product"}],"replies":[{"embeddable":true,"href":"https:\/\/nordicmart.andreevmaster.com\/sv\/wp-json\/wp\/v2\/comments?post=10671"}],"wp:featuredmedia":[{"embeddable":true,"href":"https:\/\/nordicmart.andreevmaster.com\/sv\/wp-json\/wp\/v2\/media\/39219"}],"wp:attachment":[{"href":"https:\/\/nordicmart.andreevmaster.com\/sv\/wp-json\/wp\/v2\/media?parent=10671"}],"wp:term":[{"taxonomy":"product_brand","embeddable":true,"href":"https:\/\/nordicmart.andreevmaster.com\/sv\/wp-json\/wp\/v2\/product_brand?post=10671"},{"taxonomy":"product_cat","embeddable":true,"href":"https:\/\/nordicmart.andreevmaster.com\/sv\/wp-json\/wp\/v2\/product_cat?post=10671"},{"taxonomy":"product_tag","embeddable":true,"href":"https:\/\/nordicmart.andreevmaster.com\/sv\/wp-json\/wp\/v2\/product_tag?post=10671"}],"curies":[{"name":"wp","href":"https:\/\/api.w.org\/{rel}","templated":true}]}}