{"id":10669,"date":"2026-02-27T00:07:58","date_gmt":"2026-02-27T00:07:58","guid":{"rendered":"https:\/\/nordicmart.andreevmaster.com\/product\/songmics-rullvagn-gra\/"},"modified":"2026-02-27T08:03:30","modified_gmt":"2026-02-27T08:03:30","slug":"songmics-rullvagn-gra","status":"publish","type":"product","link":"https:\/\/nordicmart.andreevmaster.com\/sv\/produkt\/songmics-rullvagn-gra\/","title":{"rendered":"SONGMICS rullvagn gr\u00e5"},"content":{"rendered":"<p>Perfekt bredvid badkaret: Fyll denna praktiska badrumshylla med schampo, duschgel, handdukar och en svamp, rulla den bredvid badkaret och hoppa i ett varmt bubbelbad! Praktisk bredvid din serveringsbord: Placera kryddor, en sk\u00e5l med hackad l\u00f6k, ingef\u00e4ra, en tallrik med kycklingfil\u00e9er och andra ingredienser p\u00e5 detta k\u00f6ksst\u00e4ll, skjut det direkt bredvid din diskb\u00e4nk och tillaga din ber\u00f6mda kycklingcurry! Praktiskt bredvid ditt skrivbord: St\u00e4ll sm\u00e5 l\u00e5dor med kontorsmaterial, din h\u00e4ftapparat och h\u00e5lslag p\u00e5 denna flexibla rullvagn och placera den bredvid ditt skrivbord. P\u00e5 s\u00e5 s\u00e4tt har du snabbt tillg\u00e5ng till viktiga arbetsredskap utan att ditt skrivbord blir kaotiskt. Produktdetaljer: F\u00e4rg: Gr\u00e5 Material: St\u00e5l Storlek: 42 x 26 x 62,3 cm (L x B x H) Storlek p\u00e5 tr\u00e5dkorgen: 41,2 x 27 cm (L x B) Vikt: 3 kg Max. statisk belastningskapacitet per niv\u00e5: 5 kg Leveransomfattning: 1 x rullst\u00e4ll 1 x tillbeh\u00f6rspaket 1 x bruksanvisning (DE, EN, FR, IT, ES)<\/p>\n","protected":false},"excerpt":{"rendered":"<p>SONGMICS rullvagn, hush\u00e5llsvagn, badrumshylla, k\u00f6kshylla, nischhylla med 3 gallerkorgar, platsbesparande, enkel montering, k\u00f6k, kontor, badrum, vardagsrum, gr\u00e5 BSC061G01<\/p>\n","protected":false},"featured_media":39217,"comment_status":"open","ping_status":"closed","template":"","meta":[],"product_brand":[],"product_cat":[33],"product_tag":[],"class_list":{"0":"post-10669","1":"product","2":"type-product","3":"status-publish","4":"has-post-thumbnail","6":"product_cat-okategoriserad","8":"first","9":"instock","10":"shipping-taxable","11":"purchasable","12":"product-type-simple"},"_links":{"self":[{"href":"https:\/\/nordicmart.andreevmaster.com\/sv\/wp-json\/wp\/v2\/product\/10669","targetHints":{"allow":["GET"]}}],"collection":[{"href":"https:\/\/nordicmart.andreevmaster.com\/sv\/wp-json\/wp\/v2\/product"}],"about":[{"href":"https:\/\/nordicmart.andreevmaster.com\/sv\/wp-json\/wp\/v2\/types\/product"}],"replies":[{"embeddable":true,"href":"https:\/\/nordicmart.andreevmaster.com\/sv\/wp-json\/wp\/v2\/comments?post=10669"}],"wp:featuredmedia":[{"embeddable":true,"href":"https:\/\/nordicmart.andreevmaster.com\/sv\/wp-json\/wp\/v2\/media\/39217"}],"wp:attachment":[{"href":"https:\/\/nordicmart.andreevmaster.com\/sv\/wp-json\/wp\/v2\/media?parent=10669"}],"wp:term":[{"taxonomy":"product_brand","embeddable":true,"href":"https:\/\/nordicmart.andreevmaster.com\/sv\/wp-json\/wp\/v2\/product_brand?post=10669"},{"taxonomy":"product_cat","embeddable":true,"href":"https:\/\/nordicmart.andreevmaster.com\/sv\/wp-json\/wp\/v2\/product_cat?post=10669"},{"taxonomy":"product_tag","embeddable":true,"href":"https:\/\/nordicmart.andreevmaster.com\/sv\/wp-json\/wp\/v2\/product_tag?post=10669"}],"curies":[{"name":"wp","href":"https:\/\/api.w.org\/{rel}","templated":true}]}}