{"id":10668,"date":"2026-02-27T00:07:58","date_gmt":"2026-02-27T00:07:58","guid":{"rendered":"https:\/\/nordicmart.andreevmaster.com\/product\/songmics-rullvagn-med-3-hyllplan-gragron\/"},"modified":"2026-02-27T08:03:30","modified_gmt":"2026-02-27T08:03:30","slug":"songmics-rullvagn-med-3-hyllplan-gragron","status":"publish","type":"product","link":"https:\/\/nordicmart.andreevmaster.com\/sv\/produkt\/songmics-rullvagn-med-3-hyllplan-gragron\/","title":{"rendered":"SONGMICS rullvagn med 3 hyllplan, gr\u00e5gr\u00f6n"},"content":{"rendered":"<p>M\u00e5ngsidig och rymlig \u2013 denna rullvagn fr\u00e5n SONGMICS \u00e4r en trogen f\u00f6rsvarare mot kaos i ditt hem, klassrum och kontor. Den har 4 h\u00f6gkvalitativa hjul, varav 2 \u00e4r l\u00e5sbara, s\u00e5 att den kan skjutas fram och tillbaka eller alltid st\u00e5 p\u00e5 samma plats.Varf\u00f6r ska du v\u00e4lja rullvagnen fr\u00e5n SONGMICS? P\u00e5 grund av den l\u00e5nga livsl\u00e4ngden: Tack vare de robusta, pulverlackerade st\u00e5lr\u00f6ren och de h\u00f6gkvalitativa plastkopplingarna \u00e4r denna hylla s\u00e4rskilt h\u00e5llbar. P\u00e5 grund av den enkla \u00e5tkomsten: Denna rullvagn kan enkelt skjutas fr\u00e5n ett rum till ett annat, vilket underl\u00e4ttar transporten av sm\u00e5 f\u00f6rem\u00e5l. Tack vare de \u00f6ppna f\u00f6rvaringsfacken kan du dessutom snabbt komma \u00e5t dessa f\u00f6rem\u00e5l. P\u00e5 grund av det extra f\u00f6rvaringsutrymmet: Med 3 h\u00f6jdjusterbara f\u00f6rvaringsfack (37,5 x 29,5 x 8,5 cm, 38 x 30 x 8,5 cm och 38,5 x 30,5 x 8,5 cm) erbjuder detta st\u00e4ll ett rymligt hem f\u00f6r ofta anv\u00e4nda vardagsredskap, dina barns leksaker etc. Om du beh\u00f6ver en m\u00e5ngsidig, rymlig rullvagn \u00e4r denna universalvagn fr\u00e5n SONGMICS precis r\u00e4tt f\u00f6r dig! Produktdetaljer:F\u00e4rg: Gr\u00e5gr\u00f6n Material: St\u00e5l Storlek: 43 x 35 x 73,5 cm (L x B x H) Vikt: 4,7 kg Max. statisk belastningskapacitet per niv\u00e5: 10 kg Leveransomfattning: 1 x rullvagn 1 x tillbeh\u00f6rsp\u00e5se 1 x bruksanvisning (DE, EN, FR, ES, IT)<\/p>\n","protected":false},"excerpt":{"rendered":"<p>SONGMICS rullvagn med 3 niv\u00e5er, f\u00f6rvaringsvagn, k\u00f6kshylla med hjul, h\u00f6jdjusterbara hyllfack, serveringsvagn med 2 bromsar, enkel montering, f\u00f6r badrum, k\u00f6k, kontor, gr\u00e5gr\u00f6n BSC060C01<\/p>\n","protected":false},"featured_media":39216,"comment_status":"open","ping_status":"closed","template":"","meta":[],"product_brand":[],"product_cat":[33],"product_tag":[],"class_list":{"0":"post-10668","1":"product","2":"type-product","3":"status-publish","4":"has-post-thumbnail","6":"product_cat-okategoriserad","8":"first","9":"instock","10":"shipping-taxable","11":"purchasable","12":"product-type-simple"},"_links":{"self":[{"href":"https:\/\/nordicmart.andreevmaster.com\/sv\/wp-json\/wp\/v2\/product\/10668","targetHints":{"allow":["GET"]}}],"collection":[{"href":"https:\/\/nordicmart.andreevmaster.com\/sv\/wp-json\/wp\/v2\/product"}],"about":[{"href":"https:\/\/nordicmart.andreevmaster.com\/sv\/wp-json\/wp\/v2\/types\/product"}],"replies":[{"embeddable":true,"href":"https:\/\/nordicmart.andreevmaster.com\/sv\/wp-json\/wp\/v2\/comments?post=10668"}],"wp:featuredmedia":[{"embeddable":true,"href":"https:\/\/nordicmart.andreevmaster.com\/sv\/wp-json\/wp\/v2\/media\/39216"}],"wp:attachment":[{"href":"https:\/\/nordicmart.andreevmaster.com\/sv\/wp-json\/wp\/v2\/media?parent=10668"}],"wp:term":[{"taxonomy":"product_brand","embeddable":true,"href":"https:\/\/nordicmart.andreevmaster.com\/sv\/wp-json\/wp\/v2\/product_brand?post=10668"},{"taxonomy":"product_cat","embeddable":true,"href":"https:\/\/nordicmart.andreevmaster.com\/sv\/wp-json\/wp\/v2\/product_cat?post=10668"},{"taxonomy":"product_tag","embeddable":true,"href":"https:\/\/nordicmart.andreevmaster.com\/sv\/wp-json\/wp\/v2\/product_tag?post=10668"}],"curies":[{"name":"wp","href":"https:\/\/api.w.org\/{rel}","templated":true}]}}