{"id":10667,"date":"2026-02-27T00:07:58","date_gmt":"2026-02-27T00:07:58","guid":{"rendered":"https:\/\/nordicmart.andreevmaster.com\/product\/songmics-badrumshylla-i-metall-med-justerbara-hyllplan\/"},"modified":"2026-02-27T08:03:30","modified_gmt":"2026-02-27T08:03:30","slug":"songmics-badrumshylla-i-metall-med-justerbara-hyllplan","status":"publish","type":"product","link":"https:\/\/nordicmart.andreevmaster.com\/sv\/produkt\/songmics-badrumshylla-i-metall-med-justerbara-hyllplan\/","title":{"rendered":"SONGMICS badrumshylla i metall med justerbara hyllplan"},"content":{"rendered":"<p>SONGMICS badrumshylla i metall, k\u00f6kshylla, 3 niv\u00e5er, badrumshylla, stativhylla, v\u00e4xtst\u00e4ll, utbyggbar, justerbara hyllplan, industriell design, f\u00f6r badrum, k\u00f6k, svart BSC33BK<br \/>\nF\u00e4rg: Svart<br \/>\nMaterial: St\u00e5l<br \/>\nStorlek: 38,1 x 30 x 156,7 cm<br \/>\nVikt: 4,1 kg<br \/>\nMax. statisk belastningskapacitet per niv\u00e5: 10 kg<\/p>\n","protected":false},"excerpt":{"rendered":"<p>SONGMICS badrumshylla i metall, k\u00f6kshylla, 3 niv\u00e5er, badrumshylla, stativhylla, v\u00e4xtst\u00e4ll, utbyggbar, justerbara hyllplan, industriell design, f\u00f6r badrum, k\u00f6k, svart BSC33BK<\/p>\n","protected":false},"featured_media":39215,"comment_status":"open","ping_status":"closed","template":"","meta":[],"product_brand":[],"product_cat":[33],"product_tag":[],"class_list":{"0":"post-10667","1":"product","2":"type-product","3":"status-publish","4":"has-post-thumbnail","6":"product_cat-okategoriserad","8":"first","9":"instock","10":"shipping-taxable","11":"purchasable","12":"product-type-simple"},"_links":{"self":[{"href":"https:\/\/nordicmart.andreevmaster.com\/sv\/wp-json\/wp\/v2\/product\/10667","targetHints":{"allow":["GET"]}}],"collection":[{"href":"https:\/\/nordicmart.andreevmaster.com\/sv\/wp-json\/wp\/v2\/product"}],"about":[{"href":"https:\/\/nordicmart.andreevmaster.com\/sv\/wp-json\/wp\/v2\/types\/product"}],"replies":[{"embeddable":true,"href":"https:\/\/nordicmart.andreevmaster.com\/sv\/wp-json\/wp\/v2\/comments?post=10667"}],"wp:featuredmedia":[{"embeddable":true,"href":"https:\/\/nordicmart.andreevmaster.com\/sv\/wp-json\/wp\/v2\/media\/39215"}],"wp:attachment":[{"href":"https:\/\/nordicmart.andreevmaster.com\/sv\/wp-json\/wp\/v2\/media?parent=10667"}],"wp:term":[{"taxonomy":"product_brand","embeddable":true,"href":"https:\/\/nordicmart.andreevmaster.com\/sv\/wp-json\/wp\/v2\/product_brand?post=10667"},{"taxonomy":"product_cat","embeddable":true,"href":"https:\/\/nordicmart.andreevmaster.com\/sv\/wp-json\/wp\/v2\/product_cat?post=10667"},{"taxonomy":"product_tag","embeddable":true,"href":"https:\/\/nordicmart.andreevmaster.com\/sv\/wp-json\/wp\/v2\/product_tag?post=10667"}],"curies":[{"name":"wp","href":"https:\/\/api.w.org\/{rel}","templated":true}]}}