{"id":10666,"date":"2026-02-27T00:07:58","date_gmt":"2026-02-27T00:07:58","guid":{"rendered":"https:\/\/nordicmart.andreevmaster.com\/product\/songmics-badrumshylla-i-metall\/"},"modified":"2026-02-27T08:03:30","modified_gmt":"2026-02-27T08:03:30","slug":"songmics-badrumshylla-i-metall","status":"publish","type":"product","link":"https:\/\/nordicmart.andreevmaster.com\/sv\/produkt\/songmics-badrumshylla-i-metall\/","title":{"rendered":"SONGMICS badrumshylla i metall"},"content":{"rendered":"<p>\u00d6versikt \u00f6ver h\u00f6jdpunkterna i detta badrumshyllsystem: &#8211; Tack vare de h\u00f6j- och s\u00e4nkbara hyllorna kan du f\u00f6rvara f\u00f6rem\u00e5l i olika storlekar p\u00e5 detta hyllsystem. &#8211; Du kan kombinera flera av dessa hyllor f\u00f6r att skapa mer f\u00f6rvaringsutrymme. &#8211; Detta kompakta k\u00f6kshyllsystem tar liten plats. &#8211; Varje hylla i detta v\u00e4xtst\u00e4ll kan b\u00e4ra en vikt p\u00e5 upp till 10 kg.- De t\u00e4ttmaskiga gallerhyllorna ger badrumshyllan god stabilitet och belastningsf\u00f6rm\u00e5ga. &#8211; De justerbara f\u00f6tterna kompenserar f\u00f6r sm\u00e5 oj\u00e4mnheter i golvet. &#8211; Den enkla, l\u00e4ttf\u00f6rst\u00e5eliga instruktionen och de tydligt m\u00e4rkta delarna underl\u00e4ttar monteringen av denna stativhylla. &#8211; Denna hylla \u00e4r b\u00e5de stilfull och praktisk och passar i olika rum. Produktdetaljer:- F\u00e4rg: Svart &#8211; Material: St\u00e5l &#8211; Storlek: 38 x 30 x 96 cm (L x B x H) &#8211; Vikt: 2,7 kg &#8211; Max. statisk belastningsf\u00f6rm\u00e5ga per niv\u00e5: 10 kg Leveransomfattning: &#8211; 1 x badrumshylla &#8211; 1 x tillbeh\u00f6rspaket &#8211; 1 x tippskydd &#8211; 1 x instruktioner SONGMICS Anm\u00e4rkningar:- Vid montering av varje hylla ska de fyra h\u00e5len p\u00e5 sidoramen vara p\u00e5 samma h\u00f6jd.<\/p>\n","protected":false},"excerpt":{"rendered":"<p>SONGMICS badrumshylla i metall, k\u00f6kshylla, 4 niv\u00e5er, badrumshylla, stativhylla, v\u00e4xtst\u00e4ll, utbyggbar, justerbara hyllplan, industriell design, f\u00f6r badrum, k\u00f6k, svart BSC034B01<\/p>\n","protected":false},"featured_media":39214,"comment_status":"open","ping_status":"closed","template":"","meta":[],"product_brand":[],"product_cat":[33],"product_tag":[],"class_list":{"0":"post-10666","1":"product","2":"type-product","3":"status-publish","4":"has-post-thumbnail","6":"product_cat-okategoriserad","8":"first","9":"instock","10":"shipping-taxable","11":"purchasable","12":"product-type-simple"},"_links":{"self":[{"href":"https:\/\/nordicmart.andreevmaster.com\/sv\/wp-json\/wp\/v2\/product\/10666","targetHints":{"allow":["GET"]}}],"collection":[{"href":"https:\/\/nordicmart.andreevmaster.com\/sv\/wp-json\/wp\/v2\/product"}],"about":[{"href":"https:\/\/nordicmart.andreevmaster.com\/sv\/wp-json\/wp\/v2\/types\/product"}],"replies":[{"embeddable":true,"href":"https:\/\/nordicmart.andreevmaster.com\/sv\/wp-json\/wp\/v2\/comments?post=10666"}],"wp:featuredmedia":[{"embeddable":true,"href":"https:\/\/nordicmart.andreevmaster.com\/sv\/wp-json\/wp\/v2\/media\/39214"}],"wp:attachment":[{"href":"https:\/\/nordicmart.andreevmaster.com\/sv\/wp-json\/wp\/v2\/media?parent=10666"}],"wp:term":[{"taxonomy":"product_brand","embeddable":true,"href":"https:\/\/nordicmart.andreevmaster.com\/sv\/wp-json\/wp\/v2\/product_brand?post=10666"},{"taxonomy":"product_cat","embeddable":true,"href":"https:\/\/nordicmart.andreevmaster.com\/sv\/wp-json\/wp\/v2\/product_cat?post=10666"},{"taxonomy":"product_tag","embeddable":true,"href":"https:\/\/nordicmart.andreevmaster.com\/sv\/wp-json\/wp\/v2\/product_tag?post=10666"}],"curies":[{"name":"wp","href":"https:\/\/api.w.org\/{rel}","templated":true}]}}