{"id":10663,"date":"2026-02-27T00:07:57","date_gmt":"2026-02-27T00:07:57","guid":{"rendered":"https:\/\/nordicmart.andreevmaster.com\/product\/book-nook-latte-bokhylla\/"},"modified":"2026-02-27T08:03:29","modified_gmt":"2026-02-27T08:03:29","slug":"book-nook-latte-bokhylla","status":"publish","type":"product","link":"https:\/\/nordicmart.andreevmaster.com\/sv\/produkt\/book-nook-latte-bokhylla\/","title":{"rendered":"Book Nook latte bokhylla"},"content":{"rendered":"<p>BooK NooK \u00e4r mer \u00e4n bara en vanlig hylla f\u00f6r barn \u2013 det \u00e4r en investering i ditt barns utveckling och sj\u00e4lvst\u00e4ndighet. V\u00e5r hylla med inbyggt bibliotek hj\u00e4lper inte bara till att h\u00e5lla ordning i rummet utan inspirerar ocks\u00e5 till l\u00e4slust. <\/p>\n<p>Inspirerade av Montessori-filosofin har vi skapat en hylla som uppmuntrar barn att l\u00e4sa genom att ordna b\u00f6ckerna med omslagen v\u00e4nda fram\u00e5t, vilket g\u00f6r det enkelt att komma \u00e5t dem och ger visuell kontakt med litteraturen. Den nedre delen \u00e4r avsedd f\u00f6r leksaker och den \u00f6vre delen som bibliotek, ett f\u00f6rslag som kommer att inspirera till l\u00e4rande och lek. <\/p>\n<p>Viktiga egenskaper:<br \/>\n\u2022 Inspiration till l\u00e4sning: Uppmuntrar barn att ordna b\u00f6ckerna med omslagen v\u00e4nda fram\u00e5t, vilket stimulerar deras intresse f\u00f6r l\u00e4sning och utvecklar en passion f\u00f6r litteratur fr\u00e5n tidig \u00e5lder.<br \/>\n \u2022 Organisation och ordning: Ger praktisk f\u00f6rvaring f\u00f6r de mest n\u00f6dv\u00e4ndiga prylarna och leksakerna, vilket hj\u00e4lper till att h\u00e5lla ordning i barnrummet.<br \/>\n \u2022 S\u00e4kra material: Uppfyller europeiska s\u00e4kerhetsstandarder, med certifierade vattenbaserade f\u00e4rger som \u00e4r s\u00e4kra f\u00f6r barn.  <\/p>\n<p>Material och ytbehandling av m\u00f6blerna:<br \/>\n Flounce: lackerad MDF-skiva<br \/>\n Sidor, hyllor: laminerad skiva <\/p>\n<p>Vattenbaserade f\u00e4rger har anv\u00e4nts i lackeringsprocessen, som \u00e4r s\u00e4kra f\u00f6r barn och certifierade enligt standarden EN71\/3 f\u00f6r barnm\u00f6bler och leksaker. <\/p>\n<p>M\u00e5tt: <\/p>\n<p>\u2022 H\u00f6jd: 76 cm<br \/>\n \u2022 Djup: 33 cm<br \/>\n \u2022 Bredd: 71 cm <\/p>\n<p>Tillg\u00e4ngliga f\u00e4rger:<br \/>\n Snow, Latte, Sage, Sunset<\/p>\n<p> Sk\u00f6tselr\u00e5d: <\/p>\n<p>M\u00f6blerna b\u00f6r torkas av med en mjuk bomullsduk fuktad med vatten eller ett m\u00f6belv\u00e5rdsmedel f\u00f6r att beh\u00e5lla sin sk\u00f6nhet och h\u00e5llbarhet i m\u00e5nga \u00e5r. <\/p>\n<p>Ytterligare information: <\/p>\n<p>M\u00f6blerna levereras i paket f\u00f6r sj\u00e4lvmontering, med l\u00e4ttf\u00f6rst\u00e5eliga instruktioner och n\u00f6dv\u00e4ndig utrustning.<\/p>\n","protected":false},"excerpt":{"rendered":"<p>BooK NooK \u00e4r mer \u00e4n bara en vanlig hylla f\u00f6r barn \u2013 det \u00e4r en investering i ditt barns utveckling och sj\u00e4lvst\u00e4ndighet. V\u00e5r hylla med inbyggt bibliotek hj\u00e4lper inte bara till att h\u00e5lla ordning i rummet utan inspirerar ocks\u00e5 till l\u00e4slust. Inspirerade av Montessori-filosofin har vi skapat en hylla som uppmuntrar barn att l\u00e4sa genom [&hellip;]<\/p>\n","protected":false},"featured_media":0,"comment_status":"open","ping_status":"closed","template":"","meta":[],"product_brand":[],"product_cat":[33],"product_tag":[],"class_list":{"0":"post-10663","1":"product","2":"type-product","3":"status-publish","5":"product_cat-okategoriserad","7":"first","8":"instock","9":"shipping-taxable","10":"purchasable","11":"product-type-simple"},"_links":{"self":[{"href":"https:\/\/nordicmart.andreevmaster.com\/sv\/wp-json\/wp\/v2\/product\/10663","targetHints":{"allow":["GET"]}}],"collection":[{"href":"https:\/\/nordicmart.andreevmaster.com\/sv\/wp-json\/wp\/v2\/product"}],"about":[{"href":"https:\/\/nordicmart.andreevmaster.com\/sv\/wp-json\/wp\/v2\/types\/product"}],"replies":[{"embeddable":true,"href":"https:\/\/nordicmart.andreevmaster.com\/sv\/wp-json\/wp\/v2\/comments?post=10663"}],"wp:attachment":[{"href":"https:\/\/nordicmart.andreevmaster.com\/sv\/wp-json\/wp\/v2\/media?parent=10663"}],"wp:term":[{"taxonomy":"product_brand","embeddable":true,"href":"https:\/\/nordicmart.andreevmaster.com\/sv\/wp-json\/wp\/v2\/product_brand?post=10663"},{"taxonomy":"product_cat","embeddable":true,"href":"https:\/\/nordicmart.andreevmaster.com\/sv\/wp-json\/wp\/v2\/product_cat?post=10663"},{"taxonomy":"product_tag","embeddable":true,"href":"https:\/\/nordicmart.andreevmaster.com\/sv\/wp-json\/wp\/v2\/product_tag?post=10663"}],"curies":[{"name":"wp","href":"https:\/\/api.w.org\/{rel}","templated":true}]}}