{"id":10658,"date":"2026-02-27T00:07:56","date_gmt":"2026-02-27T00:07:56","guid":{"rendered":"https:\/\/nordicmart.andreevmaster.com\/product\/vasagle-tvattkorg-med-4-fack-tvattsamlare-med-forvaringshylla-tvattlada\/"},"modified":"2026-02-27T08:03:28","modified_gmt":"2026-02-27T08:03:28","slug":"vasagle-tvattkorg-med-4-fack-tvattsamlare-med-forvaringshylla-tvattlada","status":"publish","type":"product","link":"https:\/\/nordicmart.andreevmaster.com\/sv\/produkt\/vasagle-tvattkorg-med-4-fack-tvattsamlare-med-forvaringshylla-tvattlada\/","title":{"rendered":"VASAGLE tv\u00e4ttkorg med 4 fack, tv\u00e4ttsamlare med f\u00f6rvaringshylla, tv\u00e4ttl\u00e5da"},"content":{"rendered":"<p>Tv\u00e4ttkorg med 4 fack, tv\u00e4ttsamlare med f\u00f6rvaringshylla, tv\u00e4ttl\u00e5da, avtagbar tv\u00e4ttp\u00e5se, metallram, 4 x 40 l, vintagebrun-svart<br \/>\nProduktdetaljer:<br \/>\n&#8211; F\u00e4rg: Vintagebrun-svart<br \/>\n&#8211; Material: MDF (medeldensitetsfiberplatta), st\u00e5l, Oxford-tyg<br \/>\n&#8211; Total storlek: 116 x 33 x 72 cm (L x B x H)<br \/>\n&#8211; Storlek p\u00e5 varje v\u00e4ska: 25 x 30 x 51 cm (L x B x H)<br \/>\n&#8211; Vikt: 8,7 kg<br \/>\n&#8211; Max. total statisk belastningskapacitet: 62 kg<br \/>\n&#8211; Max. statisk belastningskapacitet f\u00f6r varje v\u00e4ska: 8 kg<br \/>\n&#8211; Max. statisk belastningskapacitet f\u00f6r hyllan: 30 kg<\/p>\n<p>Leveransomfattning:<br \/>\n&#8211; 1 x tv\u00e4ttkorg med hylla<br \/>\n&#8211; 2 x tippskydd<br \/>\n&#8211; 1 x tillbeh\u00f6rspaket<br \/>\n&#8211; 1 x bruksanvisning<\/p>\n<p>Anvisningar:<br \/>\n&#8211; F\u00e4st denna tv\u00e4ttkorg med 4 fack p\u00e5 v\u00e4ggen med det medf\u00f6ljande tippskyddet f\u00f6r att skapa en s\u00e4ker anv\u00e4ndningsmilj\u00f6.<br \/>\n&#8211; S\u00e4tt dig inte p\u00e5 tv\u00e4ttst\u00e4llningen f\u00f6r att undvika att den v\u00e4lter.<br \/>\n&#8211; Var f\u00f6rsiktig n\u00e4r du drar ut och skjuter in korgarna f\u00f6r att undvika att fingrarna kl\u00e4ms.<br \/>\n&#8211; Tygtaskorna \u00e4r inte l\u00e4mpliga f\u00f6r maskintv\u00e4tt.<\/p>\n","protected":false},"excerpt":{"rendered":"<p>Tv\u00e4ttkorg med 4 fack, tv\u00e4ttsamlare med f\u00f6rvaringshylla, tv\u00e4ttl\u00e5da, avtagbar tv\u00e4ttp\u00e5se, metallram, 4 x 40 l, vintagebrun-svart<\/p>\n","protected":false},"featured_media":39211,"comment_status":"open","ping_status":"closed","template":"","meta":[],"product_brand":[],"product_cat":[33],"product_tag":[],"class_list":{"0":"post-10658","1":"product","2":"type-product","3":"status-publish","4":"has-post-thumbnail","6":"product_cat-okategoriserad","8":"first","9":"instock","10":"shipping-taxable","11":"purchasable","12":"product-type-simple"},"_links":{"self":[{"href":"https:\/\/nordicmart.andreevmaster.com\/sv\/wp-json\/wp\/v2\/product\/10658","targetHints":{"allow":["GET"]}}],"collection":[{"href":"https:\/\/nordicmart.andreevmaster.com\/sv\/wp-json\/wp\/v2\/product"}],"about":[{"href":"https:\/\/nordicmart.andreevmaster.com\/sv\/wp-json\/wp\/v2\/types\/product"}],"replies":[{"embeddable":true,"href":"https:\/\/nordicmart.andreevmaster.com\/sv\/wp-json\/wp\/v2\/comments?post=10658"}],"wp:featuredmedia":[{"embeddable":true,"href":"https:\/\/nordicmart.andreevmaster.com\/sv\/wp-json\/wp\/v2\/media\/39211"}],"wp:attachment":[{"href":"https:\/\/nordicmart.andreevmaster.com\/sv\/wp-json\/wp\/v2\/media?parent=10658"}],"wp:term":[{"taxonomy":"product_brand","embeddable":true,"href":"https:\/\/nordicmart.andreevmaster.com\/sv\/wp-json\/wp\/v2\/product_brand?post=10658"},{"taxonomy":"product_cat","embeddable":true,"href":"https:\/\/nordicmart.andreevmaster.com\/sv\/wp-json\/wp\/v2\/product_cat?post=10658"},{"taxonomy":"product_tag","embeddable":true,"href":"https:\/\/nordicmart.andreevmaster.com\/sv\/wp-json\/wp\/v2\/product_tag?post=10658"}],"curies":[{"name":"wp","href":"https:\/\/api.w.org\/{rel}","templated":true}]}}