{"id":10656,"date":"2026-02-27T00:07:55","date_gmt":"2026-02-27T00:07:55","guid":{"rendered":"https:\/\/nordicmart.andreevmaster.com\/product\/vasagle-tvattkorg-2-fack-tvattsamlare-100-l-tvattsorterare\/"},"modified":"2026-02-27T08:03:28","modified_gmt":"2026-02-27T08:03:28","slug":"vasagle-tvattkorg-2-fack-tvattsamlare-100-l-tvattsorterare","status":"publish","type":"product","link":"https:\/\/nordicmart.andreevmaster.com\/sv\/produkt\/vasagle-tvattkorg-2-fack-tvattsamlare-100-l-tvattsorterare\/","title":{"rendered":"VASAGLE tv\u00e4ttkorg 2 fack, tv\u00e4ttsamlare 100 L, tv\u00e4ttsorterare"},"content":{"rendered":"<p>VASAGLE tv\u00e4ttkorg med 2 fack, tv\u00e4ttsamlare 100 L, tv\u00e4ttsorterare, hjul, tv\u00e4ttvagn med hyllor, tv\u00e4ttp\u00e5se, med avtagbara fickor, 6 etiketter, kastanjebrun-bl\u00e4cksvart-duvgr\u00e5 BLH311B02<br \/>\nSpecifikationer:<br \/>\n&#8211; M\u00e5tt: 87 x 33 x 80,5 cm (L x B x H)<br \/>\n&#8211; Vikt: 8,6 kg<br \/>\n&#8211; Max. statisk b\u00e4rf\u00f6rm\u00e5ga f\u00f6r det \u00f6vre hyllplanet: 20 kg<br \/>\n&#8211; Max. statisk b\u00e4rf\u00f6rm\u00e5ga f\u00f6r varje liten hylla nedtill: 5 kg<br \/>\n&#8211; Max. statisk b\u00e4rf\u00f6rm\u00e5ga f\u00f6r varje korg: 8 kg<br \/>\n&#8211; Max. statisk b\u00e4rf\u00f6rm\u00e5ga totalt: 46 kg<br \/>\n&#8211; Material: st\u00e5l, Oxford-tyg, sp\u00e5nskiva<br \/>\n&#8211; F\u00e4rg: Kastanjebrun-bl\u00e4ck svart-duvgr\u00e5<\/p>\n","protected":false},"excerpt":{"rendered":"<p>VASAGLE tv\u00e4ttkorg med 2 fack, tv\u00e4ttsamlare 100 L, tv\u00e4ttsorterare, hjul, tv\u00e4ttvagn med hyllor, tv\u00e4ttp\u00e5se, med avtagbara fickor, 6 etiketter, kastanjebrun-bl\u00e4cksvart-duvgr\u00e5 BLH311B02<\/p>\n","protected":false},"featured_media":39209,"comment_status":"open","ping_status":"closed","template":"","meta":[],"product_brand":[],"product_cat":[33],"product_tag":[],"class_list":{"0":"post-10656","1":"product","2":"type-product","3":"status-publish","4":"has-post-thumbnail","6":"product_cat-okategoriserad","8":"first","9":"instock","10":"shipping-taxable","11":"purchasable","12":"product-type-simple"},"_links":{"self":[{"href":"https:\/\/nordicmart.andreevmaster.com\/sv\/wp-json\/wp\/v2\/product\/10656","targetHints":{"allow":["GET"]}}],"collection":[{"href":"https:\/\/nordicmart.andreevmaster.com\/sv\/wp-json\/wp\/v2\/product"}],"about":[{"href":"https:\/\/nordicmart.andreevmaster.com\/sv\/wp-json\/wp\/v2\/types\/product"}],"replies":[{"embeddable":true,"href":"https:\/\/nordicmart.andreevmaster.com\/sv\/wp-json\/wp\/v2\/comments?post=10656"}],"wp:featuredmedia":[{"embeddable":true,"href":"https:\/\/nordicmart.andreevmaster.com\/sv\/wp-json\/wp\/v2\/media\/39209"}],"wp:attachment":[{"href":"https:\/\/nordicmart.andreevmaster.com\/sv\/wp-json\/wp\/v2\/media?parent=10656"}],"wp:term":[{"taxonomy":"product_brand","embeddable":true,"href":"https:\/\/nordicmart.andreevmaster.com\/sv\/wp-json\/wp\/v2\/product_brand?post=10656"},{"taxonomy":"product_cat","embeddable":true,"href":"https:\/\/nordicmart.andreevmaster.com\/sv\/wp-json\/wp\/v2\/product_cat?post=10656"},{"taxonomy":"product_tag","embeddable":true,"href":"https:\/\/nordicmart.andreevmaster.com\/sv\/wp-json\/wp\/v2\/product_tag?post=10656"}],"curies":[{"name":"wp","href":"https:\/\/api.w.org\/{rel}","templated":true}]}}