{"id":10630,"date":"2026-02-27T00:07:50","date_gmt":"2026-02-27T00:07:50","guid":{"rendered":"https:\/\/nordicmart.andreevmaster.com\/product\/vasagle-tvattkorg-tvattkorg-med-forvaringshylla-tvattpase\/"},"modified":"2026-02-27T08:03:25","modified_gmt":"2026-02-27T08:03:25","slug":"vasagle-tvattkorg-tvattkorg-med-forvaringshylla-tvattpase","status":"publish","type":"product","link":"https:\/\/nordicmart.andreevmaster.com\/sv\/produkt\/vasagle-tvattkorg-tvattkorg-med-forvaringshylla-tvattpase\/","title":{"rendered":"VASAGLE tv\u00e4ttkorg, tv\u00e4ttkorg med f\u00f6rvaringshylla, tv\u00e4ttp\u00e5se"},"content":{"rendered":"<p>Tv\u00e4ttkorg med 4 fack, tv\u00e4ttsamlare med f\u00f6rvaringshylla, tv\u00e4ttl\u00e5da, avtagbar tv\u00e4ttp\u00e5se, metallram, 4 x 40 l, vintagebrun-svart<br \/>\nSpecifikationer:<br \/>\n&#8211; Totala m\u00e5tt: 42 x 28 x 75 cm (L x B x H)<br \/>\n&#8211; M\u00e5tt p\u00e5 v\u00e4skan: 37,6 x 22 x 57 cm (L x B x H)<br \/>\n&#8211; Vikt: 3,5 kg<br \/>\n&#8211; Max. statisk totalbelastningskapacitet: 18 kg<br \/>\n&#8211; Max. statisk b\u00e4rf\u00f6rm\u00e5ga f\u00f6r v\u00e4skan: 8 kg<br \/>\n&#8211; Max. statisk b\u00e4rf\u00f6rm\u00e5ga f\u00f6r hyllan: 10 kg<br \/>\n&#8211; Material: MDF (medeldensitetsfiberplatta), st\u00e5l, Oxford-tyg<br \/>\n&#8211; F\u00e4rg: bl\u00e4ck svart-vintagebrun<\/p>\n","protected":false},"excerpt":{"rendered":"<p>Tv\u00e4ttkorg med 4 fack, tv\u00e4ttsamlare med f\u00f6rvaringshylla, tv\u00e4ttl\u00e5da, avtagbar tv\u00e4ttp\u00e5se, metallram, 4 x 40 l, vintagebrun-svart<\/p>\n","protected":false},"featured_media":39186,"comment_status":"open","ping_status":"closed","template":"","meta":[],"product_brand":[],"product_cat":[33],"product_tag":[],"class_list":{"0":"post-10630","1":"product","2":"type-product","3":"status-publish","4":"has-post-thumbnail","6":"product_cat-okategoriserad","8":"first","9":"instock","10":"shipping-taxable","11":"purchasable","12":"product-type-simple"},"_links":{"self":[{"href":"https:\/\/nordicmart.andreevmaster.com\/sv\/wp-json\/wp\/v2\/product\/10630","targetHints":{"allow":["GET"]}}],"collection":[{"href":"https:\/\/nordicmart.andreevmaster.com\/sv\/wp-json\/wp\/v2\/product"}],"about":[{"href":"https:\/\/nordicmart.andreevmaster.com\/sv\/wp-json\/wp\/v2\/types\/product"}],"replies":[{"embeddable":true,"href":"https:\/\/nordicmart.andreevmaster.com\/sv\/wp-json\/wp\/v2\/comments?post=10630"}],"wp:featuredmedia":[{"embeddable":true,"href":"https:\/\/nordicmart.andreevmaster.com\/sv\/wp-json\/wp\/v2\/media\/39186"}],"wp:attachment":[{"href":"https:\/\/nordicmart.andreevmaster.com\/sv\/wp-json\/wp\/v2\/media?parent=10630"}],"wp:term":[{"taxonomy":"product_brand","embeddable":true,"href":"https:\/\/nordicmart.andreevmaster.com\/sv\/wp-json\/wp\/v2\/product_brand?post=10630"},{"taxonomy":"product_cat","embeddable":true,"href":"https:\/\/nordicmart.andreevmaster.com\/sv\/wp-json\/wp\/v2\/product_cat?post=10630"},{"taxonomy":"product_tag","embeddable":true,"href":"https:\/\/nordicmart.andreevmaster.com\/sv\/wp-json\/wp\/v2\/product_tag?post=10630"}],"curies":[{"name":"wp","href":"https:\/\/api.w.org\/{rel}","templated":true}]}}