{"id":10628,"date":"2026-02-27T00:07:50","date_gmt":"2026-02-27T00:07:50","guid":{"rendered":"https:\/\/nordicmart.andreevmaster.com\/product\/vasagle-tvattkorg-med-4-fack-och-hylla-vit\/"},"modified":"2026-02-27T08:03:24","modified_gmt":"2026-02-27T08:03:24","slug":"vasagle-tvattkorg-med-4-fack-och-hylla-vit","status":"publish","type":"product","link":"https:\/\/nordicmart.andreevmaster.com\/sv\/produkt\/vasagle-tvattkorg-med-4-fack-och-hylla-vit\/","title":{"rendered":"VASAGLE tv\u00e4ttkorg med 4 fack och hylla, vit"},"content":{"rendered":"<p>VASAGLE tv\u00e4ttkorg, tv\u00e4ttsamlare, 3 avtagbara v\u00e4skor i Oxford-tyg, metallstativ, 3 x 38 liter, 92,5 x 33 x 71 cm, vintagebrun-svart BLH301B01<br \/>\nF\u00e4rg: Vit<br \/>\nMaterial: MDF (medeldensitetsfiberplatta), st\u00e5l, Oxford-tyg<br \/>\nTotal storlek: 116 x 33 x 72 cm (L x B x H)<br \/>\nStorlek p\u00e5 varje ficka: 25 x 30 x 51 cm (L x B x H)<br \/>\nVikt: 8,7 kg<br \/>\nMax. statisk belastningskapacitet totalt: 62 kg<br \/>\nMax. statisk belastningskapacitet f\u00f6r varje v\u00e4ska: 8 kg<br \/>\nMax. statisk belastningskapacitet f\u00f6r hyllan: 30 kg<\/p>\n","protected":false},"excerpt":{"rendered":"<p>VASAGLE tv\u00e4ttkorg, tv\u00e4ttsamlare, 3 avtagbara v\u00e4skor i Oxford-tyg, metallstativ, 3 x 38 liter, 92,5 x 33 x 71 cm, vintagebrun-svart BLH301B01<\/p>\n","protected":false},"featured_media":39184,"comment_status":"open","ping_status":"closed","template":"","meta":[],"product_brand":[],"product_cat":[33],"product_tag":[],"class_list":{"0":"post-10628","1":"product","2":"type-product","3":"status-publish","4":"has-post-thumbnail","6":"product_cat-okategoriserad","8":"first","9":"instock","10":"shipping-taxable","11":"purchasable","12":"product-type-simple"},"_links":{"self":[{"href":"https:\/\/nordicmart.andreevmaster.com\/sv\/wp-json\/wp\/v2\/product\/10628","targetHints":{"allow":["GET"]}}],"collection":[{"href":"https:\/\/nordicmart.andreevmaster.com\/sv\/wp-json\/wp\/v2\/product"}],"about":[{"href":"https:\/\/nordicmart.andreevmaster.com\/sv\/wp-json\/wp\/v2\/types\/product"}],"replies":[{"embeddable":true,"href":"https:\/\/nordicmart.andreevmaster.com\/sv\/wp-json\/wp\/v2\/comments?post=10628"}],"wp:featuredmedia":[{"embeddable":true,"href":"https:\/\/nordicmart.andreevmaster.com\/sv\/wp-json\/wp\/v2\/media\/39184"}],"wp:attachment":[{"href":"https:\/\/nordicmart.andreevmaster.com\/sv\/wp-json\/wp\/v2\/media?parent=10628"}],"wp:term":[{"taxonomy":"product_brand","embeddable":true,"href":"https:\/\/nordicmart.andreevmaster.com\/sv\/wp-json\/wp\/v2\/product_brand?post=10628"},{"taxonomy":"product_cat","embeddable":true,"href":"https:\/\/nordicmart.andreevmaster.com\/sv\/wp-json\/wp\/v2\/product_cat?post=10628"},{"taxonomy":"product_tag","embeddable":true,"href":"https:\/\/nordicmart.andreevmaster.com\/sv\/wp-json\/wp\/v2\/product_tag?post=10628"}],"curies":[{"name":"wp","href":"https:\/\/api.w.org\/{rel}","templated":true}]}}