{"id":10624,"date":"2026-02-27T00:07:49","date_gmt":"2026-02-27T00:07:49","guid":{"rendered":"https:\/\/nordicmart.andreevmaster.com\/product\/vasagle-tvattkorg-2-fack-naturbeige-duvgra-kramvit\/"},"modified":"2026-02-27T08:03:24","modified_gmt":"2026-02-27T08:03:24","slug":"vasagle-tvattkorg-2-fack-naturbeige-duvgra-kramvit","status":"publish","type":"product","link":"https:\/\/nordicmart.andreevmaster.com\/sv\/produkt\/vasagle-tvattkorg-2-fack-naturbeige-duvgra-kramvit\/","title":{"rendered":"VASAGLE tv\u00e4ttkorg 2 fack naturbeige-duvgr\u00e5-kr\u00e4mvit"},"content":{"rendered":"<p>VASAGLE tv\u00e4ttkorg med 2 fack, tv\u00e4ttsamlare 100 L, tv\u00e4ttsorterare, hjul, tv\u00e4ttvagn med hyllor, tv\u00e4ttp\u00e5se, med avtagbara fickor, 6 etiketter, kastanjebrun-bl\u00e4ck svart-duvgr\u00e5 BLH311B02<br \/>\nF\u00e4rg: Naturbeige-duvgr\u00e5-kr\u00e4mvit<br \/>\nMaterial: st\u00e5l, oxfordtyg, sp\u00e5nskiva<br \/>\nStorlek: 87 x 33 x 80,5 cm (L x B x H)<br \/>\nVikt: 8,6 kg<br \/>\nMax. statisk belastningskapacitet f\u00f6r den \u00f6vre hyllan: 20 kg<br \/>\nMax. statisk belastningskapacitet f\u00f6r varje liten hylla nedtill: 5 kg<br \/>\nMax. statisk belastningskapacitet f\u00f6r varje korg: 8 kg<br \/>\nMax. statisk belastningskapacitet totalt: 46 kg<\/p>\n","protected":false},"excerpt":{"rendered":"<p>VASAGLE tv\u00e4ttkorg med 2 fack, tv\u00e4ttsamlare 100 L, tv\u00e4ttsorterare, hjul, tv\u00e4ttvagn med hyllor, tv\u00e4ttp\u00e5se, med avtagbara fickor, 6 etiketter, kastanjebrun-bl\u00e4ck svart-duvgr\u00e5 BLH311B02<\/p>\n","protected":false},"featured_media":39180,"comment_status":"open","ping_status":"closed","template":"","meta":[],"product_brand":[],"product_cat":[33],"product_tag":[],"class_list":{"0":"post-10624","1":"product","2":"type-product","3":"status-publish","4":"has-post-thumbnail","6":"product_cat-okategoriserad","8":"first","9":"instock","10":"shipping-taxable","11":"purchasable","12":"product-type-simple"},"_links":{"self":[{"href":"https:\/\/nordicmart.andreevmaster.com\/sv\/wp-json\/wp\/v2\/product\/10624","targetHints":{"allow":["GET"]}}],"collection":[{"href":"https:\/\/nordicmart.andreevmaster.com\/sv\/wp-json\/wp\/v2\/product"}],"about":[{"href":"https:\/\/nordicmart.andreevmaster.com\/sv\/wp-json\/wp\/v2\/types\/product"}],"replies":[{"embeddable":true,"href":"https:\/\/nordicmart.andreevmaster.com\/sv\/wp-json\/wp\/v2\/comments?post=10624"}],"wp:featuredmedia":[{"embeddable":true,"href":"https:\/\/nordicmart.andreevmaster.com\/sv\/wp-json\/wp\/v2\/media\/39180"}],"wp:attachment":[{"href":"https:\/\/nordicmart.andreevmaster.com\/sv\/wp-json\/wp\/v2\/media?parent=10624"}],"wp:term":[{"taxonomy":"product_brand","embeddable":true,"href":"https:\/\/nordicmart.andreevmaster.com\/sv\/wp-json\/wp\/v2\/product_brand?post=10624"},{"taxonomy":"product_cat","embeddable":true,"href":"https:\/\/nordicmart.andreevmaster.com\/sv\/wp-json\/wp\/v2\/product_cat?post=10624"},{"taxonomy":"product_tag","embeddable":true,"href":"https:\/\/nordicmart.andreevmaster.com\/sv\/wp-json\/wp\/v2\/product_tag?post=10624"}],"curies":[{"name":"wp","href":"https:\/\/api.w.org\/{rel}","templated":true}]}}