{"id":10619,"date":"2026-02-27T00:07:48","date_gmt":"2026-02-27T00:07:48","guid":{"rendered":"https:\/\/nordicmart.andreevmaster.com\/product\/vasagle-tvattkorg-med-3-fack\/"},"modified":"2026-02-27T08:03:23","modified_gmt":"2026-02-27T08:03:23","slug":"vasagle-tvattkorg-med-3-fack","status":"publish","type":"product","link":"https:\/\/nordicmart.andreevmaster.com\/sv\/produkt\/vasagle-tvattkorg-med-3-fack\/","title":{"rendered":"VASAGLE tv\u00e4ttkorg med 3 fack"},"content":{"rendered":"<p>Produktdetaljer: &#8211; F\u00e4rg: Vintagebrun-svart &#8211; Material: MDF (medeldensitetsfiberplatta), st\u00e5l, Oxford-tyg &#8211; Total storlek: 92,5 x 33 x 71 cm (L x B x H) &#8211; Storlek per v\u00e4ska: 25 x 30 x 51 cm (L x B x H) &#8211; Vikt: 7,9 kg &#8211; Max. statisk belastningskapacitet f\u00f6r hyllan: 45 kg &#8211; Max. statisk belastningskapacitet per v\u00e4ska: 8 kg  Leveransomfattning: &#8211; 1 x tv\u00e4ttkorg &#8211; 2 x tippskydd &#8211; 1 x tillbeh\u00f6rspaket &#8211; 1 x bruksanvisning VASAGLE Anm\u00e4rkningar:- Av s\u00e4kerhetssk\u00e4l \u00e4r det f\u00f6rbjudet f\u00f6r barn att kl\u00e4ttra p\u00e5 eller leka med produkten. &#8211; F\u00e4st produkten p\u00e5 v\u00e4ggen med det medf\u00f6ljande tippskyddet f\u00f6r att garantera s\u00e4ker anv\u00e4ndning. &#8211; S\u00e4tt dig inte p\u00e5 tv\u00e4ttkorgen f\u00f6r att undvika att produkten v\u00e4lter.- Var f\u00f6rsiktig n\u00e4r du drar ut och skjuter in tv\u00e4ttkorgarna f\u00f6r att undvika att fingrarna kl\u00e4ms. &#8211; Tygtaskorna \u00e4r inte l\u00e4mpliga f\u00f6r maskintv\u00e4tt.<\/p>\n","protected":false},"excerpt":{"rendered":"<p>VASAGLE tv\u00e4ttkorg, tv\u00e4ttsamlare, 3 avtagbara v\u00e4skor i Oxford-tyg, metallstativ, 3 x 38 liter, 92,5 x 33 x 71 cm, vintagebrun-svart BLH301B01<\/p>\n","protected":false},"featured_media":39175,"comment_status":"open","ping_status":"closed","template":"","meta":[],"product_brand":[],"product_cat":[33],"product_tag":[],"class_list":{"0":"post-10619","1":"product","2":"type-product","3":"status-publish","4":"has-post-thumbnail","6":"product_cat-okategoriserad","8":"first","9":"instock","10":"shipping-taxable","11":"purchasable","12":"product-type-simple"},"_links":{"self":[{"href":"https:\/\/nordicmart.andreevmaster.com\/sv\/wp-json\/wp\/v2\/product\/10619","targetHints":{"allow":["GET"]}}],"collection":[{"href":"https:\/\/nordicmart.andreevmaster.com\/sv\/wp-json\/wp\/v2\/product"}],"about":[{"href":"https:\/\/nordicmart.andreevmaster.com\/sv\/wp-json\/wp\/v2\/types\/product"}],"replies":[{"embeddable":true,"href":"https:\/\/nordicmart.andreevmaster.com\/sv\/wp-json\/wp\/v2\/comments?post=10619"}],"wp:featuredmedia":[{"embeddable":true,"href":"https:\/\/nordicmart.andreevmaster.com\/sv\/wp-json\/wp\/v2\/media\/39175"}],"wp:attachment":[{"href":"https:\/\/nordicmart.andreevmaster.com\/sv\/wp-json\/wp\/v2\/media?parent=10619"}],"wp:term":[{"taxonomy":"product_brand","embeddable":true,"href":"https:\/\/nordicmart.andreevmaster.com\/sv\/wp-json\/wp\/v2\/product_brand?post=10619"},{"taxonomy":"product_cat","embeddable":true,"href":"https:\/\/nordicmart.andreevmaster.com\/sv\/wp-json\/wp\/v2\/product_cat?post=10619"},{"taxonomy":"product_tag","embeddable":true,"href":"https:\/\/nordicmart.andreevmaster.com\/sv\/wp-json\/wp\/v2\/product_tag?post=10619"}],"curies":[{"name":"wp","href":"https:\/\/api.w.org\/{rel}","templated":true}]}}