{"id":10618,"date":"2026-02-27T00:07:48","date_gmt":"2026-02-27T00:07:48","guid":{"rendered":"https:\/\/nordicmart.andreevmaster.com\/product\/vasagle-tvattkorg-2-x-46-l-grabeige-melerad-skiffergra\/"},"modified":"2026-02-27T08:03:23","modified_gmt":"2026-02-27T08:03:23","slug":"vasagle-tvattkorg-2-x-46-l-grabeige-melerad-skiffergra","status":"publish","type":"product","link":"https:\/\/nordicmart.andreevmaster.com\/sv\/produkt\/vasagle-tvattkorg-2-x-46-l-grabeige-melerad-skiffergra\/","title":{"rendered":"VASAGLE tv\u00e4ttkorg 2 x 46 L gr\u00e5beige melerad-skiffergr\u00e5"},"content":{"rendered":"<p>VASAGLE tv\u00e4ttkorg med 2 fack, tv\u00e4ttsamlare med kl\u00e4dst\u00e5ng, tv\u00e4ttsorterare med f\u00f6rvaringshylla, utdragbar och avtagbar tv\u00e4ttp\u00e5se, 2 x 46 l, 73 x 33 x 177 cm, vintagebrun-klassiksvart BLH241B01<br \/>\nF\u00e4rg: Greige melerad skiffergr\u00e5<br \/>\nMaterial: Sp\u00e5nskiva, st\u00e5l, Oxford-tyg<br \/>\nTotal storlek: 73 x 33 x 177 cm (L x B x H)<br \/>\nVikt: 7,2 kg<br \/>\nMax. statisk belastningskapacitet f\u00f6r hyllan: 90 kg<br \/>\nMax. statisk belastningskapacitet f\u00f6r varje ficka: 10 kg<br \/>\nMax. statisk belastningskapacitet f\u00f6r kl\u00e4dst\u00e5ngen: 20 kg<\/p>\n","protected":false},"excerpt":{"rendered":"<p>VASAGLE tv\u00e4ttkorg med 2 fack, tv\u00e4ttsamlare med kl\u00e4dst\u00e5ng, tv\u00e4ttsorterare med f\u00f6rvaringshylla, utdragbar och avtagbar tv\u00e4ttp\u00e5se, 2 x 46 l, 73 x 33 x 177 cm, vintagebrun-klassiksvart BLH241B01<\/p>\n","protected":false},"featured_media":39174,"comment_status":"open","ping_status":"closed","template":"","meta":[],"product_brand":[],"product_cat":[33],"product_tag":[],"class_list":{"0":"post-10618","1":"product","2":"type-product","3":"status-publish","4":"has-post-thumbnail","6":"product_cat-okategoriserad","8":"first","9":"instock","10":"shipping-taxable","11":"purchasable","12":"product-type-simple"},"_links":{"self":[{"href":"https:\/\/nordicmart.andreevmaster.com\/sv\/wp-json\/wp\/v2\/product\/10618","targetHints":{"allow":["GET"]}}],"collection":[{"href":"https:\/\/nordicmart.andreevmaster.com\/sv\/wp-json\/wp\/v2\/product"}],"about":[{"href":"https:\/\/nordicmart.andreevmaster.com\/sv\/wp-json\/wp\/v2\/types\/product"}],"replies":[{"embeddable":true,"href":"https:\/\/nordicmart.andreevmaster.com\/sv\/wp-json\/wp\/v2\/comments?post=10618"}],"wp:featuredmedia":[{"embeddable":true,"href":"https:\/\/nordicmart.andreevmaster.com\/sv\/wp-json\/wp\/v2\/media\/39174"}],"wp:attachment":[{"href":"https:\/\/nordicmart.andreevmaster.com\/sv\/wp-json\/wp\/v2\/media?parent=10618"}],"wp:term":[{"taxonomy":"product_brand","embeddable":true,"href":"https:\/\/nordicmart.andreevmaster.com\/sv\/wp-json\/wp\/v2\/product_brand?post=10618"},{"taxonomy":"product_cat","embeddable":true,"href":"https:\/\/nordicmart.andreevmaster.com\/sv\/wp-json\/wp\/v2\/product_cat?post=10618"},{"taxonomy":"product_tag","embeddable":true,"href":"https:\/\/nordicmart.andreevmaster.com\/sv\/wp-json\/wp\/v2\/product_tag?post=10618"}],"curies":[{"name":"wp","href":"https:\/\/api.w.org\/{rel}","templated":true}]}}