{"id":10617,"date":"2026-02-27T00:07:48","date_gmt":"2026-02-27T00:07:48","guid":{"rendered":"https:\/\/nordicmart.andreevmaster.com\/product\/vasagle-tvattkorg-2-x-46-liter-med-kladstang-och-hylla-73-x-33-x-177-cm\/"},"modified":"2026-02-27T08:03:23","modified_gmt":"2026-02-27T08:03:23","slug":"vasagle-tvattkorg-2-x-46-liter-med-kladstang-och-hylla-73-x-33-x-177-cm","status":"publish","type":"product","link":"https:\/\/nordicmart.andreevmaster.com\/sv\/produkt\/vasagle-tvattkorg-2-x-46-liter-med-kladstang-och-hylla-73-x-33-x-177-cm\/","title":{"rendered":"VASAGLE tv\u00e4ttkorg 2 x 46 liter med kl\u00e4dst\u00e5ng och hylla 73 x 33 x 177 cm"},"content":{"rendered":"<p>VASAGLE tv\u00e4ttkorg med 2 fack, tv\u00e4ttsamlare med kl\u00e4dst\u00e5ng, tv\u00e4ttsorterare med f\u00f6rvaringshylla, utdragbar och avtagbar tv\u00e4ttp\u00e5se, 2 x 46 l, 73 x 33 x 177 cm, vintagebrun-klassiksvart BLH241B01<br \/>\nProduktm\u00e5tt: 73L x 33B x 177H cm<br \/>\nF\u00e4rg: Vintagebrun + klassiskt svart<br \/>\nMaterial: sp\u00e5nskiva, st\u00e5l, oxfordtyg<br \/>\nForm: Rektangul\u00e4r<br \/>\nStorlek: 92L (73 x 33 x 177 cm)<\/p>\n","protected":false},"excerpt":{"rendered":"<p>VASAGLE tv\u00e4ttkorg med 2 fack, tv\u00e4ttsamlare med kl\u00e4dst\u00e5ng, tv\u00e4ttsorterare med f\u00f6rvaringshylla, utdragbar och avtagbar tv\u00e4ttp\u00e5se, 2 x 46 l, 73 x 33 x 177 cm, vintagebrun-klassiksvart BLH241B01<\/p>\n","protected":false},"featured_media":39173,"comment_status":"open","ping_status":"closed","template":"","meta":[],"product_brand":[],"product_cat":[33],"product_tag":[],"class_list":{"0":"post-10617","1":"product","2":"type-product","3":"status-publish","4":"has-post-thumbnail","6":"product_cat-okategoriserad","8":"first","9":"instock","10":"shipping-taxable","11":"purchasable","12":"product-type-simple"},"_links":{"self":[{"href":"https:\/\/nordicmart.andreevmaster.com\/sv\/wp-json\/wp\/v2\/product\/10617","targetHints":{"allow":["GET"]}}],"collection":[{"href":"https:\/\/nordicmart.andreevmaster.com\/sv\/wp-json\/wp\/v2\/product"}],"about":[{"href":"https:\/\/nordicmart.andreevmaster.com\/sv\/wp-json\/wp\/v2\/types\/product"}],"replies":[{"embeddable":true,"href":"https:\/\/nordicmart.andreevmaster.com\/sv\/wp-json\/wp\/v2\/comments?post=10617"}],"wp:featuredmedia":[{"embeddable":true,"href":"https:\/\/nordicmart.andreevmaster.com\/sv\/wp-json\/wp\/v2\/media\/39173"}],"wp:attachment":[{"href":"https:\/\/nordicmart.andreevmaster.com\/sv\/wp-json\/wp\/v2\/media?parent=10617"}],"wp:term":[{"taxonomy":"product_brand","embeddable":true,"href":"https:\/\/nordicmart.andreevmaster.com\/sv\/wp-json\/wp\/v2\/product_brand?post=10617"},{"taxonomy":"product_cat","embeddable":true,"href":"https:\/\/nordicmart.andreevmaster.com\/sv\/wp-json\/wp\/v2\/product_cat?post=10617"},{"taxonomy":"product_tag","embeddable":true,"href":"https:\/\/nordicmart.andreevmaster.com\/sv\/wp-json\/wp\/v2\/product_tag?post=10617"}],"curies":[{"name":"wp","href":"https:\/\/api.w.org\/{rel}","templated":true}]}}