{"id":10614,"date":"2026-02-27T00:07:48","date_gmt":"2026-02-27T00:07:48","guid":{"rendered":"https:\/\/nordicmart.andreevmaster.com\/product\/vasagle-tvattkorg-med-handduksstege-badrumsmobler-greige-gra\/"},"modified":"2026-02-27T08:03:23","modified_gmt":"2026-02-27T08:03:23","slug":"vasagle-tvattkorg-med-handduksstege-badrumsmobler-greige-gra","status":"publish","type":"product","link":"https:\/\/nordicmart.andreevmaster.com\/sv\/produkt\/vasagle-tvattkorg-med-handduksstege-badrumsmobler-greige-gra\/","title":{"rendered":"VASAGLE tv\u00e4ttkorg med handduksstege Badrumsm\u00f6bler greige-gr\u00e5"},"content":{"rendered":"<p>VASAGLE tv\u00e4ttkorg med handduksstege, handduksh\u00e4ngare med tv\u00e4ttkorg, 73 x 33 x 177 cm, handduksh\u00e4ngare, tv\u00e4ttsorterare med 2 fack, stegehyllor, badrumsm\u00f6bler<br \/>\nF\u00e4rg: Greige melerad-skiffergr\u00e5<br \/>\nMaterial: sp\u00e5nskiva, st\u00e5l, oxfordtyg<br \/>\nTotal storlek: 73 x 33 x 177 cm (L x B x H)<br \/>\nVikt: 9,3 kg<br \/>\nMax. statisk belastningskapacitet f\u00f6r den \u00f6vre hyllan: 10 kg<br \/>\nMax. statisk belastningskapacitet f\u00f6r den nedre hyllan: 90 kg<br \/>\nMax. statisk belastningskapacitet f\u00f6r varje ficka: 10 kg<br \/>\nMax. statisk belastningskapacitet f\u00f6r handduksh\u00e5llaren: 20 kg<\/p>\n","protected":false},"excerpt":{"rendered":"<p>VASAGLE tv\u00e4ttkorg med handduksstege, handduksh\u00e4ngare med tv\u00e4ttkorg, 73 x 33 x 177 cm, handduksh\u00e4ngare, tv\u00e4ttsorterare med 2 fack, stegehyllor, badrumsm\u00f6bler<\/p>\n","protected":false},"featured_media":39170,"comment_status":"open","ping_status":"closed","template":"","meta":[],"product_brand":[],"product_cat":[33],"product_tag":[],"class_list":{"0":"post-10614","1":"product","2":"type-product","3":"status-publish","4":"has-post-thumbnail","6":"product_cat-okategoriserad","8":"first","9":"instock","10":"shipping-taxable","11":"purchasable","12":"product-type-simple"},"_links":{"self":[{"href":"https:\/\/nordicmart.andreevmaster.com\/sv\/wp-json\/wp\/v2\/product\/10614","targetHints":{"allow":["GET"]}}],"collection":[{"href":"https:\/\/nordicmart.andreevmaster.com\/sv\/wp-json\/wp\/v2\/product"}],"about":[{"href":"https:\/\/nordicmart.andreevmaster.com\/sv\/wp-json\/wp\/v2\/types\/product"}],"replies":[{"embeddable":true,"href":"https:\/\/nordicmart.andreevmaster.com\/sv\/wp-json\/wp\/v2\/comments?post=10614"}],"wp:featuredmedia":[{"embeddable":true,"href":"https:\/\/nordicmart.andreevmaster.com\/sv\/wp-json\/wp\/v2\/media\/39170"}],"wp:attachment":[{"href":"https:\/\/nordicmart.andreevmaster.com\/sv\/wp-json\/wp\/v2\/media?parent=10614"}],"wp:term":[{"taxonomy":"product_brand","embeddable":true,"href":"https:\/\/nordicmart.andreevmaster.com\/sv\/wp-json\/wp\/v2\/product_brand?post=10614"},{"taxonomy":"product_cat","embeddable":true,"href":"https:\/\/nordicmart.andreevmaster.com\/sv\/wp-json\/wp\/v2\/product_cat?post=10614"},{"taxonomy":"product_tag","embeddable":true,"href":"https:\/\/nordicmart.andreevmaster.com\/sv\/wp-json\/wp\/v2\/product_tag?post=10614"}],"curies":[{"name":"wp","href":"https:\/\/api.w.org\/{rel}","templated":true}]}}