{"id":10596,"date":"2026-02-27T00:07:44","date_gmt":"2026-02-27T00:07:44","guid":{"rendered":"https:\/\/nordicmart.andreevmaster.com\/product\/vasagle-tvattkorg-med-hylla-i-oxford-tyg-65-l-duvgra\/"},"modified":"2026-02-27T08:03:19","modified_gmt":"2026-02-27T08:03:19","slug":"vasagle-tvattkorg-med-hylla-i-oxford-tyg-65-l-duvgra","status":"publish","type":"product","link":"https:\/\/nordicmart.andreevmaster.com\/sv\/produkt\/vasagle-tvattkorg-med-hylla-i-oxford-tyg-65-l-duvgra\/","title":{"rendered":"VASAGLE tv\u00e4ttkorg med hylla i Oxford-tyg 65 L duvgr\u00e5"},"content":{"rendered":"<p>VASAGLE tv\u00e4ttkorg, tv\u00e4ttsamlare, 2 avtagbara p\u00e5sar i Oxford-tyg, metallstativ, 2 x 46 liter, 73 x 33 x 72 cm, vintagebrun-svart BLH201B01<br \/>\nF\u00e4rg: Duvgr\u00e5<br \/>\nMaterial: MDF (medeldensitetsfiberplatta), st\u00e5l, Oxford-tyg<br \/>\nTotal storlek: 50 x 33 x 72 cm (L x B x H)<br \/>\nV\u00e4skans storlek: 42 x 30 x 51 cm (L x B x H)<br \/>\nVikt: 4,7 kg<br \/>\nMax. total statisk belastningskapacitet: 30 kg<br \/>\nMax. statisk belastningskapacitet f\u00f6r v\u00e4skan: 10 kg<br \/>\nMax. statisk belastningskapacitet f\u00f6r hyllan: 20 kg<\/p>\n","protected":false},"excerpt":{"rendered":"<p>VASAGLE tv\u00e4ttkorg, tv\u00e4ttsamlare, 2 avtagbara p\u00e5sar i Oxford-tyg, metallstativ, 2 x 46 liter, 73 x 33 x 72 cm, vintagebrun-svart BLH201B01<\/p>\n","protected":false},"featured_media":39153,"comment_status":"open","ping_status":"closed","template":"","meta":[],"product_brand":[],"product_cat":[33],"product_tag":[],"class_list":{"0":"post-10596","1":"product","2":"type-product","3":"status-publish","4":"has-post-thumbnail","6":"product_cat-okategoriserad","8":"first","9":"instock","10":"shipping-taxable","11":"purchasable","12":"product-type-simple"},"_links":{"self":[{"href":"https:\/\/nordicmart.andreevmaster.com\/sv\/wp-json\/wp\/v2\/product\/10596","targetHints":{"allow":["GET"]}}],"collection":[{"href":"https:\/\/nordicmart.andreevmaster.com\/sv\/wp-json\/wp\/v2\/product"}],"about":[{"href":"https:\/\/nordicmart.andreevmaster.com\/sv\/wp-json\/wp\/v2\/types\/product"}],"replies":[{"embeddable":true,"href":"https:\/\/nordicmart.andreevmaster.com\/sv\/wp-json\/wp\/v2\/comments?post=10596"}],"wp:featuredmedia":[{"embeddable":true,"href":"https:\/\/nordicmart.andreevmaster.com\/sv\/wp-json\/wp\/v2\/media\/39153"}],"wp:attachment":[{"href":"https:\/\/nordicmart.andreevmaster.com\/sv\/wp-json\/wp\/v2\/media?parent=10596"}],"wp:term":[{"taxonomy":"product_brand","embeddable":true,"href":"https:\/\/nordicmart.andreevmaster.com\/sv\/wp-json\/wp\/v2\/product_brand?post=10596"},{"taxonomy":"product_cat","embeddable":true,"href":"https:\/\/nordicmart.andreevmaster.com\/sv\/wp-json\/wp\/v2\/product_cat?post=10596"},{"taxonomy":"product_tag","embeddable":true,"href":"https:\/\/nordicmart.andreevmaster.com\/sv\/wp-json\/wp\/v2\/product_tag?post=10596"}],"curies":[{"name":"wp","href":"https:\/\/api.w.org\/{rel}","templated":true}]}}