{"id":10589,"date":"2026-02-27T00:07:43","date_gmt":"2026-02-27T00:07:43","guid":{"rendered":"https:\/\/nordicmart.andreevmaster.com\/product\/bip-bip-lakan-40x90\/"},"modified":"2026-02-27T08:03:18","modified_gmt":"2026-02-27T08:03:18","slug":"bip-bip-lakan-40x90","status":"publish","type":"product","link":"https:\/\/nordicmart.andreevmaster.com\/sv\/produkt\/bip-bip-lakan-40x90\/","title":{"rendered":"Bip Bip lakan 40&#215;90"},"content":{"rendered":"<p>Lakanet \u00e4r tillverkat av bomull av h\u00f6gsta kvalitet.  Lakanet passar perfekt p\u00e5 madrassen och sitter precis r\u00e4tt \u2013 allt f\u00f6r att ge ditt barn en lugn s\u00f6mn. Det \u00e4r tillverkat av bomull som \u00e4r skonsamt mot b\u00e5de barns och bebisars hud. ** ** **Detaljer:** &#8211; lakan tillverkat av naturlig bomull med **Oeko-TEX Standard 100 IW 00034**-certifikat &#8211; mjukt och sk\u00f6nt att ta p\u00e5 &#8211; med res\u00e5rband som f\u00f6rhindrar att det glider p\u00e5 madrassen &#8211; perfekt f\u00f6r vagga eller b\u00e4rsele<\/p>\n<p> **M\u00e5tt:** XS: 40&#215;90 cm, h\u00f6jd 8 cm ** ** **Material:** &#8211; 100 % bomull med en tr\u00e5dtjocklek p\u00e5 150 g\/m2 med **Oeko-TEX Standard 100-certifikat ** **<br \/>\n **Tv\u00e4ttanvisningar:****<br \/>\n &#8211; maskintv\u00e4tt 40 \u00b0C<br \/>\n &#8211; strykning vid h\u00f6gst 110 \u00b0C<br \/>\n &#8211; blekning ej till\u00e5ten<br \/>\n &#8211; torktumling ej till\u00e5ten<\/p>\n","protected":false},"excerpt":{"rendered":"<p>Lakanet \u00e4r tillverkat av bomull av h\u00f6gsta kvalitet. Lakanet passar perfekt p\u00e5 madrassen och sitter precis r\u00e4tt \u2013 allt f\u00f6r att ge ditt barn en lugn s\u00f6mn. Det \u00e4r tillverkat av bomull som \u00e4r skonsamt mot b\u00e5de barns och bebisars hud. ** ** **Detaljer:** &#8211; lakan tillverkat av naturlig bomull med **Oeko-TEX Standard 100 IW [&hellip;]<\/p>\n","protected":false},"featured_media":0,"comment_status":"open","ping_status":"closed","template":"","meta":[],"product_brand":[],"product_cat":[33],"product_tag":[],"class_list":{"0":"post-10589","1":"product","2":"type-product","3":"status-publish","5":"product_cat-okategoriserad","7":"first","8":"instock","9":"shipping-taxable","10":"purchasable","11":"product-type-simple"},"_links":{"self":[{"href":"https:\/\/nordicmart.andreevmaster.com\/sv\/wp-json\/wp\/v2\/product\/10589","targetHints":{"allow":["GET"]}}],"collection":[{"href":"https:\/\/nordicmart.andreevmaster.com\/sv\/wp-json\/wp\/v2\/product"}],"about":[{"href":"https:\/\/nordicmart.andreevmaster.com\/sv\/wp-json\/wp\/v2\/types\/product"}],"replies":[{"embeddable":true,"href":"https:\/\/nordicmart.andreevmaster.com\/sv\/wp-json\/wp\/v2\/comments?post=10589"}],"wp:attachment":[{"href":"https:\/\/nordicmart.andreevmaster.com\/sv\/wp-json\/wp\/v2\/media?parent=10589"}],"wp:term":[{"taxonomy":"product_brand","embeddable":true,"href":"https:\/\/nordicmart.andreevmaster.com\/sv\/wp-json\/wp\/v2\/product_brand?post=10589"},{"taxonomy":"product_cat","embeddable":true,"href":"https:\/\/nordicmart.andreevmaster.com\/sv\/wp-json\/wp\/v2\/product_cat?post=10589"},{"taxonomy":"product_tag","embeddable":true,"href":"https:\/\/nordicmart.andreevmaster.com\/sv\/wp-json\/wp\/v2\/product_tag?post=10589"}],"curies":[{"name":"wp","href":"https:\/\/api.w.org\/{rel}","templated":true}]}}