{"id":10588,"date":"2026-02-27T00:07:43","date_gmt":"2026-02-27T00:07:43","guid":{"rendered":"https:\/\/nordicmart.andreevmaster.com\/product\/tooky-toy-box-xxl-montessori-educational-7-in-1-sensory-box-25-30-manader\/"},"modified":"2026-02-27T08:03:18","modified_gmt":"2026-02-27T08:03:18","slug":"tooky-toy-box-xxl-montessori-educational-7-in-1-sensory-box-25-30-manader","status":"publish","type":"product","link":"https:\/\/nordicmart.andreevmaster.com\/sv\/produkt\/tooky-toy-box-xxl-montessori-educational-7-in-1-sensory-box-25-30-manader\/","title":{"rendered":"TOOKY TOY Box XXL Montessori Educational 7-in-1 Sensory Box 25-30 m\u00e5nader"},"content":{"rendered":"<p>TOOKY LEKSAK erbjuder en pedagogisk Montessori leksak l\u00e5da. Denna tr\u00e4 leksak \u00e4r designad f\u00f6r barn i 25\u201330 m\u00e5nader. Resv\u00e4skan resv\u00e4skan inneh\u00e5ller 6 olika pedagogiska spel och leksaker som \u00e4r garanterat att intressera din lilla den Denna l\u00e5da \u00e4r en bra s\u00e4tt att utveckla kognitiva, k\u00e4nslom\u00e4ssig, och motoriska f\u00e4rdigheter i sm\u00e5 barn! Den set kommer med en anv\u00e4ndar manual som inneh\u00e5ller information om inneh\u00e5llet inneh\u00e5llet av l\u00e5dan l\u00e5dan, instruktioner f\u00f6r anv\u00e4ndning leksakerna leksakerna, och anv\u00e4ndbara tips.<\/p>\n<p>Funktioner:<\/p>\n<p>* &#8211; Leksak avsedd f\u00f6r barn i 25\u201330 m\u00e5nader. &#8211; Har en positiv p\u00e5verkan p\u00e5 barnets utveckling<br \/>\n* &#8211; Stimulerar sinnet sinnen och finmotoriken motoriska motorik<br \/>\n* &#8211; Helt s\u00e4ker f\u00f6r sm\u00e5 barn<br \/>\n* &#8211; Inkluderar instruktioner f\u00f6r anv\u00e4ndning, som kommer g\u00f6ra det enklare att anv\u00e4nda resv\u00e4skan resv\u00e4skan<\/p>\n<p>Den leksaken utvecklas:<\/p>\n<p>* &#8211; R\u00e4kne<br \/>\n* &#8211; Rumslig f\u00f6rm\u00e5ga<br \/>\n* &#8211; Hand-\u00f6ga koordination<br \/>\n* &#8211; Koncentration och uppm\u00e4rksamhet<br \/>\n* &#8211; Arbetsminne minne<\/p>\n<p>Det upps\u00e4ttningen inneh\u00e5ller:<\/p>\n<p>1. &#8221;Shape igenk\u00e4nning&#8221; sorterare<\/p>\n<p>Denna leksaken \u00e4r en riktigt bra pedagogiskt present f\u00f6r barn! Det inte bara till\u00e5ter dem att spela, men ocks\u00e5 att utveckla deras kognitiva f\u00f6rm\u00e5ga. Det inkluderar en tr\u00e4 bas platta med 4 pinnar och 12 f\u00e4rgglada klossar i geometriska former: cirklar, rektanglar, trianglar, och kvadrater.  Tack till de olika f\u00e4rger av de blocken, barn kan \u00f6va igenk\u00e4nna och namnge f\u00e4rger. Detta \u00e4r viktigt viktig f\u00e4rdighet som hj\u00e4lper i vardagslivet livet. Block i olika former (cirkel, rektangel, triangel, och kvadrat) till\u00e5ter barn att f\u00f6rst\u00e5 grundl\u00e4ggande geometriska figurer. Detta \u00e4r det f\u00f6rsta steget i matematikinl\u00e4rningen.  Att sortera klossar kan vara ett bra s\u00e4tt att l\u00e4ra sig r\u00e4kna. Barnen kan r\u00e4kna hur m\u00e5nga klossar det finns i varje form eller totalt. Hand-\u00f6ga-koordination: Att placera klossarna p\u00e5 r\u00e4tt pinnar kr\u00e4ver precision och koordination av r\u00f6relserna. Detta \u00e4r en utm\u00e4rkt \u00f6vning f\u00f6r sm\u00e5 h\u00e4nder.<\/p>\n<p>2. Pedagogiskt spel &#8221;Matcha djuret&#8221;<\/p>\n<p>Detta \u00e4r ett litet pussel d\u00e4r barnet matchar plyschdjur med fickor. Varje djur har sin egen plats d\u00e4r det ska placeras. N\u00e4r barnen b\u00f6rjar matcha de sm\u00e5 djuren med fickorna utvecklar de visuellt minne, m\u00f6nsterigenk\u00e4nning och koncentrationsf\u00f6rm\u00e5ga. Leksakens yta \u00e4r mjuk och sl\u00e4t och sn\u00f6ret \u00e4r flexibelt. Att placera djuren i fickorna hj\u00e4lper barnet att \u00f6va p\u00e5 precis hand-\u00f6ga-koordination och koncentration.3. Pedagogiska f\u00e4rgglada &#8221;optiska brickor&#8221;<\/p>\n<p>De f\u00e4rgglada brickorna \u00e4r utformade f\u00f6r att utveckla fantasi, observationsf\u00f6rm\u00e5ga och resonemangsf\u00f6rm\u00e5ga. Att leka med denna sensoriska leksak stimulerar synsinnet och utvecklar barnets manuella f\u00e4rdigheter. Tack vare sin transparens \u00e4r brickorna perfekta f\u00f6r lek hemma. Ljuset v\u00e4cker nyfikenhet, uppmuntrar till experimenterande och ger ytterligare sensoriska upplevelser.<\/p>\n<p>Anv\u00e4ndning av leksaken:<\/p>\n<p>* L\u00e4r dig om optik och ljus: Optiska spadar kan hj\u00e4lpa barn att f\u00f6rst\u00e5 de grundl\u00e4ggande principerna f\u00f6r optik, s\u00e5som refraktion, reflektion och prismor. Barn kan utforska hur ljus passerar genom spadar i olika f\u00e4rger och hur deras egenskaper f\u00f6r\u00e4ndras.<br \/>\n* Skapa m\u00f6nster och bilder: Optiska paddlar kan ordnas i olika m\u00f6nster och bilder. Detta \u00e4r ett utm\u00e4rkt s\u00e4tt att utveckla barns kreativitet och manuella f\u00e4rdigheter. De kan skapa abstrakta kompositioner eller till och med imitera bekanta bilder.<br \/>\n* Sensorisk lek: Barn kan leka med bladen och observera hur ljuset passerar genom dem och f\u00f6r\u00e4ndras beroende p\u00e5 f\u00e4rgen. Detta kan ocks\u00e5 vara en stimulerande sensorisk upplevelse.<br \/>\n* Vetenskapliga experiment: Optiska paddlar kan anv\u00e4ndas f\u00f6r att genomf\u00f6ra enkla experiment, s\u00e5som att studera ljusets brytning i vatten eller observera regnb\u00e5gar.<\/p>\n<p>L\u00e4ra sig om optik och ljus: Optiska paddlar kan hj\u00e4lpa barn att f\u00f6rst\u00e5 grundl\u00e4ggande principer inom optik, s\u00e5som brytning, reflektion och prismor. Barn kan utforska hur ljuset passerar genom paddlar i olika f\u00e4rger och hur deras egenskaper f\u00f6r\u00e4ndras.<\/p>\n<p>Skapa m\u00f6nster och bilder: Optiska paddlar kan ordnas i olika m\u00f6nster och bilder. Detta \u00e4r ett utm\u00e4rkt s\u00e4tt att utveckla barns kreativitet och manuella f\u00e4rdigheter. De kan skapa abstrakta kompositioner eller till och med imitera k\u00e4nda m\u00e5lningar. Sensorisk lek: Barn kan leka med bladen och observera hur ljuset passerar genom dem och f\u00f6r\u00e4ndras beroende p\u00e5 f\u00e4rgen. Detta kan ocks\u00e5 vara en stimulerande sensorisk upplevelse. Vetenskapliga experiment: Optiska paddlar kan anv\u00e4ndas f\u00f6r att genomf\u00f6ra enkla experiment, s\u00e5som att studera ljusets brytning i vatten eller observera regnb\u00e5gar.<\/p>\n<p>4. Tr\u00e4regnb\u00e5gsabakus<\/p>\n<p>Abakusen \u00e4r en underbar pedagogisk leksak som v\u00e4xer med ditt barn. Den uppmuntrar de yngsta uppt\u00e4cktsresande att manipulera tr\u00e4p\u00e4rlor genom att dra dem genom metall\u00f6glor, samtidigt som den erbjuder \u00e4ldre barn en abakus och introducerar dem till siffrornas v\u00e4rld. Den robusta tr\u00e4basen garanterar fri och engagerande lek, och metall\u00f6glorna med regnb\u00e5gsp\u00e4rlor tillf\u00f6r mycket charm till helheten. Att l\u00e4ra sig genom lek \u00e4r det b\u00e4sta s\u00e4ttet att l\u00e4ra barn nya f\u00e4rdigheter. 5. Montessori \u00e4ggpussel Montessori \u00e4gg \u00e4r ett pedagogiskt leksak som utvecklar barns motoriska f\u00e4rdigheter och hand-\u00f6ga-koordination. Setet inneh\u00e5ller 6 vita \u00e4gg i en bricka, som uppmuntrar till lek med sina f\u00e4rgglada insidor i olika former. Spelet g\u00e5r ut p\u00e5 att para ihop tv\u00e5 \u00e4gghalvor s\u00e5 att de bildar en helhet. \u00c4ggen ska matchas b\u00e5de efter f\u00e4rg och form. Sp\u00e4dbarn kan anv\u00e4nda det f\u00f6r att l\u00e4ra sig sortera och matcha, vilket p\u00e5skyndar deras intellektuella utveckling. Samtidigt tr\u00e4nar det barnets hand-\u00f6ga-koordination, f\u00e4rg- och formigenk\u00e4nning, finmotorik och f\u00f6rb\u00e4ttrar fingerflexibiliteten. De kan tas is\u00e4r och s\u00e4ttas ihop igen och igen, och barn kan ha kul med att ta ut dem ur plastl\u00e5dan och l\u00e4gga tillbaka dem p\u00e5 sin plats f\u00f6r att \u00f6va sin koncentration.<\/p>\n<p>6. Bilderbok &#8221;Pappa och jag&#8221;<\/p>\n<p>Tack vare denna bilderbok kan barn tydligt f\u00f6rst\u00e5 f\u00f6rh\u00e5llandet mellan stort och litet genom att j\u00e4mf\u00f6ra vad pappa har med vad barnen har, f\u00f6rdjupa sin f\u00f6rst\u00e5else f\u00f6r storleken p\u00e5 saker, st\u00e4rka sin f\u00f6rm\u00e5ga att t\u00e4nka sj\u00e4lvst\u00e4ndigt och v\u00e4cka sitt intresse f\u00f6r att utforska v\u00e4rlden. Att l\u00e4sa tillsammans f\u00f6rdjupar relationen mellan f\u00f6r\u00e4ldrar och barn. Bildb\u00f6cker g\u00f6r det m\u00f6jligt f\u00f6r barn att visualisera ber\u00e4ttelser och skapa egna bilder i sina sinnen, vilket \u00e4r en utm\u00e4rkt \u00f6vning f\u00f6r fantasin. Illustrationerna \u00e4r ofta f\u00e4rgglada, fulla av detaljer och magiska element, vilket inspirerar barn att t\u00e4nka kreativt. <\/p>\n<p>7. Instruktionsbok<\/p>\n","protected":false},"excerpt":{"rendered":"<p>TOOKY LEKSAK erbjuder en pedagogisk Montessori leksak l\u00e5da. Denna tr\u00e4 leksak \u00e4r designad f\u00f6r barn i 25\u201330 m\u00e5nader. Resv\u00e4skan resv\u00e4skan inneh\u00e5ller 6 olika pedagogiska spel och leksaker som \u00e4r garanterat att intressera din lilla den Denna l\u00e5da \u00e4r en bra s\u00e4tt att utveckla kognitiva, k\u00e4nslom\u00e4ssig, och motoriska f\u00e4rdigheter i sm\u00e5 barn! Den set kommer med [&hellip;]<\/p>\n","protected":false},"featured_media":0,"comment_status":"open","ping_status":"closed","template":"","meta":[],"product_brand":[],"product_cat":[33],"product_tag":[],"class_list":{"0":"post-10588","1":"product","2":"type-product","3":"status-publish","5":"product_cat-okategoriserad","7":"first","8":"instock","9":"shipping-taxable","10":"purchasable","11":"product-type-simple"},"_links":{"self":[{"href":"https:\/\/nordicmart.andreevmaster.com\/sv\/wp-json\/wp\/v2\/product\/10588","targetHints":{"allow":["GET"]}}],"collection":[{"href":"https:\/\/nordicmart.andreevmaster.com\/sv\/wp-json\/wp\/v2\/product"}],"about":[{"href":"https:\/\/nordicmart.andreevmaster.com\/sv\/wp-json\/wp\/v2\/types\/product"}],"replies":[{"embeddable":true,"href":"https:\/\/nordicmart.andreevmaster.com\/sv\/wp-json\/wp\/v2\/comments?post=10588"}],"wp:attachment":[{"href":"https:\/\/nordicmart.andreevmaster.com\/sv\/wp-json\/wp\/v2\/media?parent=10588"}],"wp:term":[{"taxonomy":"product_brand","embeddable":true,"href":"https:\/\/nordicmart.andreevmaster.com\/sv\/wp-json\/wp\/v2\/product_brand?post=10588"},{"taxonomy":"product_cat","embeddable":true,"href":"https:\/\/nordicmart.andreevmaster.com\/sv\/wp-json\/wp\/v2\/product_cat?post=10588"},{"taxonomy":"product_tag","embeddable":true,"href":"https:\/\/nordicmart.andreevmaster.com\/sv\/wp-json\/wp\/v2\/product_tag?post=10588"}],"curies":[{"name":"wp","href":"https:\/\/api.w.org\/{rel}","templated":true}]}}