{"id":10587,"date":"2026-02-27T00:07:42","date_gmt":"2026-02-27T00:07:42","guid":{"rendered":"https:\/\/nordicmart.andreevmaster.com\/product\/tooky-toy-box-xxl-montessori-educational-7-in-1-sensory-22-24-manader\/"},"modified":"2026-02-27T08:03:18","modified_gmt":"2026-02-27T08:03:18","slug":"tooky-toy-box-xxl-montessori-educational-7-in-1-sensory-22-24-manader","status":"publish","type":"product","link":"https:\/\/nordicmart.andreevmaster.com\/sv\/produkt\/tooky-toy-box-xxl-montessori-educational-7-in-1-sensory-22-24-manader\/","title":{"rendered":"TOOKY TOY Box XXL Montessori Educational 7-in-1 Sensory 22-24 m\u00e5nader"},"content":{"rendered":"<p>Tooky Toy pedagogisk l\u00e5da \u00e4r avsedd f\u00f6r barn i \u00e5ldern 22-24 m\u00e5nader. Den inneh\u00e5ller sex Montessori sensoriska och pedagogiska leksaker som st\u00f6der ditt barns h\u00e4lsosamma psykomotoriska utveckling och stimulerar deras sinnen: syn, k\u00e4nsel och h\u00f6rsel. Den utvecklar ocks\u00e5 logiskt t\u00e4nkande och hand-\u00f6ga-koordination. Det finns ocks\u00e5 en detaljerad guide f\u00f6r f\u00f6r\u00e4ldrar, som ber\u00e4ttar n\u00e4r du ska introducera leksaken f\u00f6r ditt barn och hur du leker med den. Tooky Toy-pedagogiska l\u00e5dan \u00e4r l\u00e4mplig som present till ett barn. Setet levereras med en anv\u00e4ndarhandbok som inneh\u00e5ller information om inneh\u00e5llet i l\u00e5dan, instruktioner f\u00f6r hur leksakerna ska anv\u00e4ndas och anv\u00e4ndbara tips.<\/p>\n<p>Egenskaper:<\/p>\n<p>* &#8211; F\u00f6r barn i \u00e5ldern 22\u201324 m\u00e5nader<br \/>\n* &#8211; 5 pedagogiska leksaker i ett paket<br \/>\n* &#8211; Pedagogiskt set<br \/>\n* &#8211; Bruksanvisning ing\u00e5r<\/p>\n<p>Leksaken utvecklar:<\/p>\n<p>* &#8211; En sund psykomotorisk utveckling<br \/>\n* &#8211; Stimulerar syn-, k\u00e4nsel- och h\u00f6rselsinnena<br \/>\n* &#8211; Utvecklar logiskt t\u00e4nkande<br \/>\n* &#8211; Hand-\u00f6ga-koordination<\/p>\n<p>### Inneh\u00e5ll i setet:<\/p>\n<p>1. Formsorterare<\/p>\n<p>En tr\u00e4kub med 16 f\u00e4rgglada geometriska block i 4 former. Denna leksak l\u00e4r inte bara barn att k\u00e4nna igen former och f\u00e4rger, utan utvecklar ocks\u00e5 motoriska f\u00e4rdigheter och hand-\u00f6ga-koordination. Ljusa och m\u00e4ttade f\u00e4rger uppmuntrar sm\u00e5barn att leka, samtidigt som de stimulerar deras fantasi och nyfikenhet. Kuben \u00e4r tillverkad av tr\u00e4 av h\u00f6gsta kvalitet och \u00e4r h\u00e5llbar och s\u00e4ker. Att leka med sorteraren \u00e4r inte bara roligt, utan ocks\u00e5 en m\u00f6jlighet att l\u00e4ra sig genom handling. Sm\u00e5barn kan experimentera med olika block och sj\u00e4lva uppt\u00e4cka vilka bitar som passar i ett visst h\u00e5l, vilket ytterligare st\u00e4rker deras k\u00e4nsla av sj\u00e4lvst\u00e4ndighet och sj\u00e4lvf\u00f6rtroende. Tr\u00e4sorteraren \u00e4r en klassisk leksak som aldrig blir tr\u00e5kig och \u00e4r ett utm\u00e4rkt val f\u00f6r alla f\u00f6r\u00e4ldrar som vill st\u00f6dja sitt barns utveckling p\u00e5 ett naturligt och kreativt s\u00e4tt.<\/p>\n<p>2. Kudde med kl\u00e4mmor<\/p>\n<p>En gul plyschkudde med f\u00e4rgglada kl\u00e4mmor \u00e4r en mjuk och behaglig leksak som uppmuntrar sm\u00e5barn att utforska och \u00f6va motoriska f\u00e4rdigheter. Kudden \u00e4r utrustad med fyra olika kl\u00e4mmor \u2013 var och en har en annan f\u00e4rg och f\u00e4stmetod, vilket g\u00f6r leken inte bara intressant, utan ocks\u00e5 varierad och pedagogisk. Genom att \u00f6ppna och st\u00e4nga kl\u00e4mmorna \u00f6var barnet precisa fingerr\u00f6relser, vilket \u00e4r viktigt f\u00f6r utvecklingen av finmotoriken. Dagligt lekande med denna kudde st\u00f6der ocks\u00e5 hand-\u00f6ga-koordinationen och l\u00e4r barnet logiskt t\u00e4nkande och t\u00e5lamod. De olika f\u00e4rgade elementen lockar sm\u00e5barnets uppm\u00e4rksamhet och stimulerar deras visuella perception och f\u00f6rm\u00e5ga att k\u00e4nna igen f\u00e4rger. Den \u00e4r idealisk f\u00f6r f\u00f6r\u00e4ldrar att leka med sina barn. <\/p>\n<p>3. F\u00e4rgglada byggklossar &#8221;Animal House&#8221; <\/p>\n<p>Tornet best\u00e5r av 5 niv\u00e5er av klossar och \u00e4r en fantastisk leksak som kombinerar klassisk bygggl\u00e4dje med l\u00e4rande genom handling. Satsen inneh\u00e5ller 15 omsorgsfullt tillverkade tr\u00e4klossar i ljusa, i\u00f6gonfallande f\u00e4rger. Varje kloss har sin egen unika form, vilket inneb\u00e4r att barnen m\u00e5ste vara kreativa och t\u00e5lmodiga f\u00f6r att bygga en stabil struktur. Tornet st\u00f6der perfekt utvecklingen av hand-\u00f6ga-koordination, tr\u00e4nar manuell skicklighet och logiskt t\u00e4nkande. Barnen kan ordna klossarna i valfri ordning f\u00f6r att skapa en m\u00e4ngd olika strukturer, vilket utvecklar deras fantasi och uppmuntrar till experimenterande.4. Roterande pussel &#8221;Ordna djuren&#8221;<\/p>\n<p>Twistkuben \u00e4r en unik tr\u00e4leksak som uppmuntrar sm\u00e5barn att leka aktivt och uppt\u00e4cka djurens v\u00e4rld. Den best\u00e5r av fyra roterande element med olika bilder p\u00e5 djur: en valp, en krokodil, en kattunge och en r\u00e4v. Barnets uppgift \u00e4r att matcha de enskilda elementen s\u00e5 att de bildar en komplett bild av ett av djuren. Denna form av lek utvecklar manuell skicklighet, hand-\u00f6ga-koordination samt logiskt t\u00e4nkande och koncentration. Att vrida och matcha block \u00e4r en utm\u00e4rkt \u00f6vning f\u00f6r sm\u00e5 h\u00e4nder och f\u00f6rbereder dem f\u00f6r mer precisa aktiviteter i framtiden. M\u00e5ngfalden av f\u00e4rger och m\u00f6nster stimulerar barnets nyfikenhet och utvecklar den visuella perceptionen. 5. Dubbelsidiga pussel Ett dubbelsidigt pussel \u00e4r en pusselsats som ger barn dubbelt s\u00e5 mycket lek och l\u00e4rande. Den ena sidan av pusslet har f\u00e4rgglada m\u00f6nster som g\u00f6r att barnet fritt kan skapa och experimentera med placeringen av bitarna. Den andra sidan utg\u00f6r en utmaning i form av ett nyckelpigapussel \u2013 uppgiften \u00e4r att matcha bitarna korrekt f\u00f6r att skapa en bild av detta s\u00f6ta insekt. Att leka med pusslet utvecklar kreativitet, uppfattningsf\u00f6rm\u00e5ga och probleml\u00f6sningsf\u00f6rm\u00e5ga. Ditt barn f\u00e5r \u00f6va p\u00e5 precisa handr\u00f6relser, logiskt t\u00e4nkande och koncentration, samtidigt som det l\u00e4r sig t\u00e5lamod och uth\u00e5llighet. Pusslets dubbelsidiga natur inneb\u00e4r att leksaken erbjuder en m\u00e4ngd olika lekm\u00f6jligheter, s\u00e5 att ditt barn aldrig kommer att bli uttr\u00e5kat. 6. Boken &#8221;Former&#8221; En f\u00e4rgglad bok med illustrationer och bildtexter av geometriska former och vardagliga f\u00f6rem\u00e5l, som utvecklar ordf\u00f6rr\u00e5det och uppm\u00e4rksamheten.<\/p>\n","protected":false},"excerpt":{"rendered":"<p>Tooky Toy pedagogisk l\u00e5da \u00e4r avsedd f\u00f6r barn i \u00e5ldern 22-24 m\u00e5nader. Den inneh\u00e5ller sex Montessori sensoriska och pedagogiska leksaker som st\u00f6der ditt barns h\u00e4lsosamma psykomotoriska utveckling och stimulerar deras sinnen: syn, k\u00e4nsel och h\u00f6rsel. Den utvecklar ocks\u00e5 logiskt t\u00e4nkande och hand-\u00f6ga-koordination. Det finns ocks\u00e5 en detaljerad guide f\u00f6r f\u00f6r\u00e4ldrar, som ber\u00e4ttar n\u00e4r du ska [&hellip;]<\/p>\n","protected":false},"featured_media":0,"comment_status":"open","ping_status":"closed","template":"","meta":[],"product_brand":[],"product_cat":[33],"product_tag":[],"class_list":{"0":"post-10587","1":"product","2":"type-product","3":"status-publish","5":"product_cat-okategoriserad","7":"first","8":"instock","9":"shipping-taxable","10":"purchasable","11":"product-type-simple"},"_links":{"self":[{"href":"https:\/\/nordicmart.andreevmaster.com\/sv\/wp-json\/wp\/v2\/product\/10587","targetHints":{"allow":["GET"]}}],"collection":[{"href":"https:\/\/nordicmart.andreevmaster.com\/sv\/wp-json\/wp\/v2\/product"}],"about":[{"href":"https:\/\/nordicmart.andreevmaster.com\/sv\/wp-json\/wp\/v2\/types\/product"}],"replies":[{"embeddable":true,"href":"https:\/\/nordicmart.andreevmaster.com\/sv\/wp-json\/wp\/v2\/comments?post=10587"}],"wp:attachment":[{"href":"https:\/\/nordicmart.andreevmaster.com\/sv\/wp-json\/wp\/v2\/media?parent=10587"}],"wp:term":[{"taxonomy":"product_brand","embeddable":true,"href":"https:\/\/nordicmart.andreevmaster.com\/sv\/wp-json\/wp\/v2\/product_brand?post=10587"},{"taxonomy":"product_cat","embeddable":true,"href":"https:\/\/nordicmart.andreevmaster.com\/sv\/wp-json\/wp\/v2\/product_cat?post=10587"},{"taxonomy":"product_tag","embeddable":true,"href":"https:\/\/nordicmart.andreevmaster.com\/sv\/wp-json\/wp\/v2\/product_tag?post=10587"}],"curies":[{"name":"wp","href":"https:\/\/api.w.org\/{rel}","templated":true}]}}