{"id":10586,"date":"2026-02-27T00:07:42","date_gmt":"2026-02-27T00:07:42","guid":{"rendered":"https:\/\/nordicmart.andreevmaster.com\/product\/tooky-toy-box-xxl-montessori-educational-7-in-1-sensory-16-18-manader\/"},"modified":"2026-02-27T08:03:18","modified_gmt":"2026-02-27T08:03:18","slug":"tooky-toy-box-xxl-montessori-educational-7-in-1-sensory-16-18-manader","status":"publish","type":"product","link":"https:\/\/nordicmart.andreevmaster.com\/sv\/produkt\/tooky-toy-box-xxl-montessori-educational-7-in-1-sensory-16-18-manader\/","title":{"rendered":"TOOKY TOY Box XXL Montessori Educational 7-in-1 Sensory 16-18 m\u00e5nader"},"content":{"rendered":"<p>Montessori Educational Suitcase fr\u00e5n TOOKY TOY \u00e4r ett fantastiskt set som kombinerar 5 olika sensoriska leksaker i tr\u00e4 som ger ditt barn timmar av pedagogisk och engagerande lek. Montessori-leksaker uppmuntrar till sj\u00e4lvst\u00e4ndigt utforskande av omgivningen och stimulerar kognitiva f\u00e4rdigheter. Sensoriska leksaker \u00e4r aktiviteter som engagerar sinnena och hj\u00e4lper till att utveckla kognitiva, emotionella och motoriska f\u00e4rdigheter.<\/p>\n<p>Egenskaper:<\/p>\n<p>* &#8211; Leksak f\u00f6r barn fr\u00e5n 16\/18 m\u00e5nader och upp\u00e5t<br \/>\n* &#8211; Bidrar till barnets utveckling<br \/>\n* &#8211; Stimulerar sinnena och finmotoriken<br \/>\n* &#8211; Helt s\u00e4ker f\u00f6r sm\u00e5 barn<br \/>\n* &#8211; Leksaken levereras med bruksanvisning<\/p>\n<p>Satsen inneh\u00e5ller:<\/p>\n<p>1. &#8221;Touch and match&#8221;-klossar<\/p>\n<p>Detta \u00e4r ett unikt sensoriskt spel f\u00f6r sm\u00e5 barn. Leksaken har fyra olika taktila texturer som barnen kan utforska och uppt\u00e4cka. Leksaken hj\u00e4lper barnen att b\u00e4ttre f\u00f6rst\u00e5 omv\u00e4rlden och utveckla kognitiva f\u00e4rdigheter. Genom att experimentera med olika texturer, ljud och f\u00e4rger kan sm\u00e5barn uttrycka sina k\u00e4nslor och kommunicera med andra.[img-87636-left-thickbox_default]<\/p>\n<p>2. Raketpussel<\/p>\n<p>Tillverkat av h\u00e5llbart tr\u00e4, \u00e4ven de minsta barnen kan s\u00e4tta ihop raketer i ljusa f\u00e4rger. Barnen kan s\u00e4tta ihop vackert m\u00f6nstrade block f\u00f6r att bygga en charmig raket. 3D-modeller \u00e5terspeglar ofta verkliga f\u00f6rem\u00e5l som fordon, byggnader eller maskiner. Barnen l\u00e4r sig om dem medan de s\u00e4tter ihop dem, vilket \u00e4r en fascinerande pedagogisk upplevelse.[img-87639-left-thickbox_default]<\/p>\n<p>[img-87816-left-thickbox_default]<\/p>\n<p>3. Pussel &#8221;Plantera gr\u00f6nsaker&#8221;<\/p>\n<p>Detta pussel med tr\u00e4dg\u00e5rdstema \u00e4r den perfekta presenten till barn. Det inneh\u00e5ller 4 gr\u00f6nsaker, 1 spade och en bas med matchande m\u00f6nster f\u00f6r gr\u00f6nsakerna. De realistiska designerna f\u00f6rb\u00e4ttrar barnens kognitiva f\u00f6rm\u00e5gor, och knoppdesignen kr\u00e4ver ett nypgrepp, vilket f\u00f6rb\u00e4ttrar barnens finmotorik.<\/p>\n<p>4. Bilderbok &#8221;Myju Myju&#8221;<\/p>\n<p>Barn \u00e4lskar intressanta bilderb\u00f6cker. Genom enkla och levande bilder l\u00e4r sig barnen att &#8221;bakteriernas v\u00e4rld&#8221;, som \u00e4r osynlig f\u00f6r blotta \u00f6gat, finns \u00f6verallt, s\u00e5 att de f\u00f6rst\u00e5r hur viktigt det \u00e4r att tv\u00e4tta h\u00e4nderna. De l\u00e4r sig den r\u00e4tta metoden f\u00f6r att tv\u00e4tta h\u00e4nderna och utvecklar en god vana att tv\u00e4tta h\u00e4nderna. [img-87814-left-thickbox_default] 5. Pedagogisk 3-i-1 Montessori-leksakssorteringsl\u00e5da Denna pedagogiska leksakssats hj\u00e4lper barn att utveckla motoriska f\u00e4rdigheter, hand-\u00f6ga-koordination, f\u00e4rgigenk\u00e4nning, kritiskt t\u00e4nkande och probleml\u00f6sningsf\u00f6rm\u00e5ga. Det hj\u00e4lper ocks\u00e5 sm\u00e5 barn att utforska v\u00e4rlden genom att r\u00f6ra vid olika f\u00f6rem\u00e5l och observera resultatet av sina handlingar. Leksaken har flera niv\u00e5er:<\/p>\n<p>-Niv\u00e5 1 Kasta en boll genom ett runt h\u00e5l: Det f\u00f6rsta steget i att l\u00e4ra sig precisa r\u00f6relser, med fokus p\u00e5 grundl\u00e4ggande hand-\u00f6ga-koordination<\/p>\n<p>-Niv\u00e5 2 Kasta tr\u00e4mynt: Den andra sv\u00e5righetsniv\u00e5n introducerar element som kr\u00e4ver st\u00f6rre precision. Att leka med att kasta tr\u00e4mynt ger nya utmaningar<\/p>\n<p>-Niv\u00e5 3 Samla mor\u00f6tter: Den tredje niv\u00e5n \u00e4r ett \u00e4ventyr i tr\u00e4dg\u00e5rden, d\u00e4r barnen leker att de planterar och sk\u00f6rdar tr\u00e4mor\u00f6tter samtidigt som de utvecklar sin manuella skicklighet<\/p>\n<p>&#8211; Niv\u00e5 4 Sortera pinnar efter f\u00e4rg: Den mest avancerade sv\u00e5righetsgraden, d\u00e4r barnen l\u00e4r sig att k\u00e4nna igen f\u00e4rger och sortera pinnar i r\u00e4tt h\u00e5l.[img-87640-left-thickbox_default]<\/p>\n<p>6. Instruktionsh\u00e4fte<\/p>\n<p>[img-87817-left-thickbox_default]<\/p>\n<p>[img-87638-left-thickbox_default]<\/p>\n","protected":false},"excerpt":{"rendered":"<p>Montessori Educational Suitcase fr\u00e5n TOOKY TOY \u00e4r ett fantastiskt set som kombinerar 5 olika sensoriska leksaker i tr\u00e4 som ger ditt barn timmar av pedagogisk och engagerande lek. Montessori-leksaker uppmuntrar till sj\u00e4lvst\u00e4ndigt utforskande av omgivningen och stimulerar kognitiva f\u00e4rdigheter. Sensoriska leksaker \u00e4r aktiviteter som engagerar sinnena och hj\u00e4lper till att utveckla kognitiva, emotionella och motoriska [&hellip;]<\/p>\n","protected":false},"featured_media":0,"comment_status":"open","ping_status":"closed","template":"","meta":[],"product_brand":[],"product_cat":[33],"product_tag":[],"class_list":{"0":"post-10586","1":"product","2":"type-product","3":"status-publish","5":"product_cat-okategoriserad","7":"first","8":"instock","9":"shipping-taxable","10":"purchasable","11":"product-type-simple"},"_links":{"self":[{"href":"https:\/\/nordicmart.andreevmaster.com\/sv\/wp-json\/wp\/v2\/product\/10586","targetHints":{"allow":["GET"]}}],"collection":[{"href":"https:\/\/nordicmart.andreevmaster.com\/sv\/wp-json\/wp\/v2\/product"}],"about":[{"href":"https:\/\/nordicmart.andreevmaster.com\/sv\/wp-json\/wp\/v2\/types\/product"}],"replies":[{"embeddable":true,"href":"https:\/\/nordicmart.andreevmaster.com\/sv\/wp-json\/wp\/v2\/comments?post=10586"}],"wp:attachment":[{"href":"https:\/\/nordicmart.andreevmaster.com\/sv\/wp-json\/wp\/v2\/media?parent=10586"}],"wp:term":[{"taxonomy":"product_brand","embeddable":true,"href":"https:\/\/nordicmart.andreevmaster.com\/sv\/wp-json\/wp\/v2\/product_brand?post=10586"},{"taxonomy":"product_cat","embeddable":true,"href":"https:\/\/nordicmart.andreevmaster.com\/sv\/wp-json\/wp\/v2\/product_cat?post=10586"},{"taxonomy":"product_tag","embeddable":true,"href":"https:\/\/nordicmart.andreevmaster.com\/sv\/wp-json\/wp\/v2\/product_tag?post=10586"}],"curies":[{"name":"wp","href":"https:\/\/api.w.org\/{rel}","templated":true}]}}