{"id":10585,"date":"2026-02-27T00:07:42","date_gmt":"2026-02-27T00:07:42","guid":{"rendered":"https:\/\/nordicmart.andreevmaster.com\/product\/tooky-toy-box-xxl-montessori-educational-5-in-1-sensory-box-11-12-manader\/"},"modified":"2026-02-27T08:03:18","modified_gmt":"2026-02-27T08:03:18","slug":"tooky-toy-box-xxl-montessori-educational-5-in-1-sensory-box-11-12-manader","status":"publish","type":"product","link":"https:\/\/nordicmart.andreevmaster.com\/sv\/produkt\/tooky-toy-box-xxl-montessori-educational-5-in-1-sensory-box-11-12-manader\/","title":{"rendered":"TOOKY TOY Box XXL Montessori Educational 5-in-1 Sensory Box 11-12 m\u00e5nader"},"content":{"rendered":"<p>Tooky Toy-pedagogiska l\u00e5dan \u00e4r avsedd f\u00f6r barn i \u00e5ldern 11\u201312 m\u00e5nader. Den inneh\u00e5ller 5 Montessori-leksaker som stimulerar barnets sinnen \u2013 syn, k\u00e4nsel och h\u00f6rsel \u2013 och fr\u00e4mjar en sund psykomotorisk utveckling. Den utvecklar ocks\u00e5 logiskt t\u00e4nkande och hand-\u00f6ga-koordination. Det finns \u00e4ven en detaljerad guide f\u00f6r f\u00f6r\u00e4ldrar som beskriver n\u00e4r leksaken b\u00f6r introduceras f\u00f6r barnet och hur man leker med den. Tooky Toy-pedagogiska l\u00e5dan \u00e4r l\u00e4mplig som present till ett barn. <\/p>\n<p>Egenskaper: <\/p>\n<p>* &#8211; F\u00f6r barn i \u00e5ldern 11\u201312 m\u00e5nader<br \/>\n* &#8211; 5 pedagogiska leksaker i ett paket<br \/>\n* &#8211; Pedagogiskt set <\/p>\n<p>Leksaken utvecklar: <\/p>\n<p>* &#8211; En sund psykomotorisk utveckling<br \/>\n* &#8211; Stimulerar syn-, k\u00e4nsel- och h\u00f6rselsinnena<br \/>\n* &#8211; Utvecklar logiskt t\u00e4nkande<br \/>\n* &#8211; Hand-\u00f6ga-koordination<\/p>\n<p>Satsen inneh\u00e5ller:<\/p>\n<p>1 . Flexibel sensorisk kub med 6 f\u00e4rgglada block i olika former<\/p>\n<p>6 f\u00e4rgglada block i olika former och en f\u00f6rvaringsl\u00e5da med elastiska band. Leksaken utvecklar barnets fantasi. Den sensoriska kuben stimulerar barnets rumsuppfattning. Det elastiska bandet g\u00f6r det m\u00f6jligt att trycka och dra i olika vinklar, vilket hj\u00e4lper barnet att utveckla motoriska f\u00e4rdigheter och hand-\u00f6ga-koordination. Blocken har 6 m\u00f6nster, och barnet kan se och k\u00e4nna skillnaderna genom att r\u00f6ra vid dem. Blocken och kuben \u00e4r designade i olika starka f\u00e4rger f\u00f6r att \u00f6ka barnets k\u00e4nslighet f\u00f6r f\u00e4rger.<\/p>\n<p>2. Tr\u00e4box med pressbollar (3 tr\u00e4bollar)<\/p>\n<p>Denna leksak erbjuder \u00f6vningar som att knacka, sl\u00e5, trycka och greppa, vilket st\u00f6der utvecklingen av barnens armmuskler. Den l\u00e4r barnen att f\u00f6rem\u00e5l som inte l\u00e4ngre \u00e4r synliga fortfarande existerar. Boxen inneh\u00e5ller 3 tr\u00e4bollar (r\u00f6d, gul och bl\u00e5). Detta enkla spel kan inte bara stimulera barnens intresse, utan ocks\u00e5 hj\u00e4lpa dem att f\u00f6rb\u00e4ttra sin probleml\u00f6sningsf\u00f6rm\u00e5ga, sitt logiska t\u00e4nkande och sin observationsf\u00f6rm\u00e5ga. <\/p>\n<p>3. Orange fyrkantigt pussel med reflektion<\/p>\n<p>Detta orange fyrkantiga pussel skiljer sig fr\u00e5n traditionella pussel genom att det finns en reflektor under det. Det orange m\u00f6nstret v\u00e4cker barnets uppm\u00e4rksamhet och \u00f6kar deras k\u00e4nslighet f\u00f6r f\u00e4rger. Akrylspegeln v\u00e4cker nyfikenhet f\u00f6r pusslet och uppmuntrar dem att utforska v\u00e4rlden.<\/p>\n<p>4. Multifunktionell Montessori-manipulerbar kub gjord av 3D-tyg som ger prasslande och gnisslande ljud<\/p>\n<p>Ett multifunktionellt leksak som lugnar, stimulerar kognitionen och hj\u00e4lper barn att somna. Olika tygformer berikar barnets k\u00e4nsel. Ljusa f\u00e4rger och s\u00f6ta m\u00f6nster tilltalar barnets synsinne. 3D-tygets struktur genererar prasslande och gnisslande ljud som stimulerar barnets h\u00f6rsel. En underbar, rolig spegel som v\u00e4cker lusten att utforska. En speciell bitring tillfredsst\u00e4ller behovet av att tugga, och ljusa f\u00e4rger tilltalar barnets synsinne. De hj\u00e4lper till att utveckla sinnena och uppmuntrar till utforskning. Leksaken utvecklar motoriska f\u00e4rdigheter, tillfredsst\u00e4ller nyfikenheten och uppmuntrar till utforskning och uppt\u00e4ckter. Den underl\u00e4ttar tidig utbildning och introducerar barn till grundl\u00e4ggande begrepp p\u00e5 ett roligt och interaktivt s\u00e4tt.5. Illustrerad bok om kroppsdelar<\/p>\n<p>Bildboken &#8221;My Body Parts&#8221; inneh\u00e5ller en m\u00e4ngd olika foton av sm\u00e5 barn med fokus p\u00e5 olika delar av kroppen. Eftersom boken anv\u00e4nder bilder som skildrar verkliga livet blir barn mycket entusiastiska \u00f6ver att l\u00e4ra sig om boken. Denna bok ger ditt barn praktiskt, sensoriskt rikt l\u00e4rande. Den uppmuntrar spr\u00e5kutveckling, kognitiva f\u00e4rdigheter och kroppsmedvetenhet, samtidigt som den fr\u00e4mjar en k\u00e4rlek till b\u00f6cker och l\u00e4rande.<\/p>\n<p>6. Instruktionsbok<\/p>\n","protected":false},"excerpt":{"rendered":"<p>Tooky Toy-pedagogiska l\u00e5dan \u00e4r avsedd f\u00f6r barn i \u00e5ldern 11\u201312 m\u00e5nader. Den inneh\u00e5ller 5 Montessori-leksaker som stimulerar barnets sinnen \u2013 syn, k\u00e4nsel och h\u00f6rsel \u2013 och fr\u00e4mjar en sund psykomotorisk utveckling. Den utvecklar ocks\u00e5 logiskt t\u00e4nkande och hand-\u00f6ga-koordination. Det finns \u00e4ven en detaljerad guide f\u00f6r f\u00f6r\u00e4ldrar som beskriver n\u00e4r leksaken b\u00f6r introduceras f\u00f6r barnet och [&hellip;]<\/p>\n","protected":false},"featured_media":0,"comment_status":"open","ping_status":"closed","template":"","meta":[],"product_brand":[],"product_cat":[33],"product_tag":[],"class_list":{"0":"post-10585","1":"product","2":"type-product","3":"status-publish","5":"product_cat-okategoriserad","7":"first","8":"instock","9":"shipping-taxable","10":"purchasable","11":"product-type-simple"},"_links":{"self":[{"href":"https:\/\/nordicmart.andreevmaster.com\/sv\/wp-json\/wp\/v2\/product\/10585","targetHints":{"allow":["GET"]}}],"collection":[{"href":"https:\/\/nordicmart.andreevmaster.com\/sv\/wp-json\/wp\/v2\/product"}],"about":[{"href":"https:\/\/nordicmart.andreevmaster.com\/sv\/wp-json\/wp\/v2\/types\/product"}],"replies":[{"embeddable":true,"href":"https:\/\/nordicmart.andreevmaster.com\/sv\/wp-json\/wp\/v2\/comments?post=10585"}],"wp:attachment":[{"href":"https:\/\/nordicmart.andreevmaster.com\/sv\/wp-json\/wp\/v2\/media?parent=10585"}],"wp:term":[{"taxonomy":"product_brand","embeddable":true,"href":"https:\/\/nordicmart.andreevmaster.com\/sv\/wp-json\/wp\/v2\/product_brand?post=10585"},{"taxonomy":"product_cat","embeddable":true,"href":"https:\/\/nordicmart.andreevmaster.com\/sv\/wp-json\/wp\/v2\/product_cat?post=10585"},{"taxonomy":"product_tag","embeddable":true,"href":"https:\/\/nordicmart.andreevmaster.com\/sv\/wp-json\/wp\/v2\/product_tag?post=10585"}],"curies":[{"name":"wp","href":"https:\/\/api.w.org\/{rel}","templated":true}]}}