{"id":10584,"date":"2026-02-27T00:07:42","date_gmt":"2026-02-27T00:07:42","guid":{"rendered":"https:\/\/nordicmart.andreevmaster.com\/product\/tooky-toy-box-xxl-montessori-educational-6-in-1-sensory-box-7-8-manader\/"},"modified":"2026-02-27T08:03:18","modified_gmt":"2026-02-27T08:03:18","slug":"tooky-toy-box-xxl-montessori-educational-6-in-1-sensory-box-7-8-manader","status":"publish","type":"product","link":"https:\/\/nordicmart.andreevmaster.com\/sv\/produkt\/tooky-toy-box-xxl-montessori-educational-6-in-1-sensory-box-7-8-manader\/","title":{"rendered":"TOOKY TOY Box XXL Montessori Educational 6-in-1 Sensory Box 7-8 m\u00e5nader"},"content":{"rendered":"<p>Tooky Toys pedagogiska l\u00e5da \u00e4r avsedd f\u00f6r barn i \u00e5ldern 7\u20138 m\u00e5nader. Den inneh\u00e5ller 6 sensoriska och Montessori-pedagogiska leksaker som st\u00f6der ditt barns h\u00e4lsosamma psykomotoriska utveckling och stimulerar dess sinnen: syn, k\u00e4nsel och h\u00f6rsel. Den utvecklar ocks\u00e5 logiskt t\u00e4nkande och hand-\u00f6ga-koordination. Det finns \u00e4ven en detaljerad guide f\u00f6r f\u00f6r\u00e4ldrar som ber\u00e4ttar n\u00e4r du ska introducera leksaken f\u00f6r ditt barn och hur du leker med den. Tooky Toy-pedagogiska l\u00e5dan \u00e4r l\u00e4mplig som present till ett barn. <\/p>\n<p>Egenskaper: <\/p>\n<p>* &#8211; F\u00f6r barn i \u00e5ldern 7\u20138 m\u00e5nader<br \/>\n* &#8211; 6 pedagogiska leksaker i ett paket<br \/>\n* &#8211; Pedagogiskt set <\/p>\n<p>Leksaken utvecklar: <\/p>\n<p>* &#8211; En sund psykomotorisk utveckling<br \/>\n* &#8211; Stimulerar syn-, k\u00e4nsel- och h\u00f6rselsinnena<br \/>\n* &#8211; Utvecklar logiskt t\u00e4nkande<br \/>\n* &#8211; Hand-\u00f6ga-koordination<\/p>\n<p>Satsen inneh\u00e5ller:<\/p>\n<p>1. Tr\u00e4\u00e4gg och stativ<\/p>\n<p>Denna klassiska Montessori-leksak best\u00e5r av ett tr\u00e4\u00e4gg och en kopp. Den passar barn som kan sitta sj\u00e4lvst\u00e4ndigt och anv\u00e4nda b\u00e5da h\u00e4nderna. Babyer kan \u00f6va hand-\u00f6ga-koordination och koncentration genom att f\u00f6rs\u00f6ka placera \u00e4gget i koppen och ta bort det. Denna f\u00e4rdighet kr\u00e4ver koordination och kan vara en sv\u00e5r uppgift f\u00f6r ditt barn.<\/p>\n<p>2. Tr\u00e4l\u00e5da med flera former och 3 tr\u00e4bollar<\/p>\n<p>Denna tr\u00e4l\u00e5da med former \u00e4r ett Montessori-inspirerat pedagogiskt leksak som \u00e4r utformat f\u00f6r att hj\u00e4lpa barn att f\u00f6rst\u00e5 konceptet att f\u00f6rem\u00e5l existerar \u00e4ven n\u00e4r de inte \u00e4r synliga. Detta begrepp \u00e4r en milstolpe i barnets kognitiva utveckling och observeras vanligtvis hos sp\u00e4dbarn i \u00e5ldern 7\u20138 m\u00e5nader. Bollarna passerar genom h\u00e5let p\u00e5 toppen och faller ner p\u00e5 rampen, sedan rullar de ner p\u00e5 brickan. Detta material uppmuntrar sp\u00e4dbarn att anv\u00e4nda h\u00e4nderna f\u00f6r att hantera f\u00f6rem\u00e5l och f\u00f6rb\u00e4ttra hand-\u00f6ga-koordinationen. Genom att placera bollarna i h\u00e5len utvecklar de precisa r\u00f6relser och st\u00e4rker sin motorik.3. 10 bildkort med 20 m\u00f6nster f\u00f6r att matcha namn och f\u00f6rem\u00e5l Med denna leksak kommer barnen att f\u00f6rst\u00e5 allt omkring sig. Setet best\u00e5r av 10 kort med inneh\u00e5ll p\u00e5 b\u00e5da sidor. Korten t\u00e4cker 20 av de vanligaste f\u00f6rem\u00e5len i livet, vilket g\u00f6r att barnen kan matcha namn med f\u00f6rem\u00e5l, f\u00f6rb\u00e4ttra sitt visuella minne och f\u00f6rb\u00e4ttra sina spr\u00e5kkunskaper.<\/p>\n<p>4. 8 mjuka fyrkantiga sensoriska block av gummi<\/p>\n<p>Denna leksakssats inneh\u00e5ller 8 block med m\u00f6nster som frukter, siffror och geometriska former. Genom att bygga och observera blocken kan barnen utveckla sin k\u00e4nsel och syn. Denna fantastiska blocksats hj\u00e4lper barn i deras tidiga utvecklingsstadier.<\/p>\n<p>5. Tr\u00e4bok med illustrationer av bondg\u00e5rdsdjur<\/p>\n<p>Introducera ditt barn till den charmiga v\u00e4rlden av bondg\u00e5rdsdjur med denna tr\u00e4bok. Denna robusta bok \u00e4r designad med omsorg och s\u00e4kerhet i \u00e5tanke och inneh\u00e5ller illustrationer av \u00e4lskade bondg\u00e5rdsdjur som s\u00e4kert kommer att f\u00e5nga ditt barns uppm\u00e4rksamhet. Tr\u00e4sidorna \u00e4r l\u00e4tta f\u00f6r sm\u00e5 h\u00e4nder att greppa, vilket uppmuntrar sensorisk utforskning, spr\u00e5kutveckling, taktil interaktion och m\u00f6jligheter till anknytning och interaktion med v\u00e5rdgivare.<\/p>\n<p>6. Tr\u00e4bilskallra \u2013 igelkott<\/p>\n<p>Igelkottkallran kan anv\u00e4ndas b\u00e5de som skallra och bil. Tack vare sin s\u00f6ta igelkottform och handtagets perfekta storlek \u00e4r den l\u00e4tt f\u00f6r sm\u00e5 barn att greppa. Med denna intressanta leksak kan barn \u00f6va sin motorik.<\/p>\n<p>7. Instruktionsbok<\/p>\n","protected":false},"excerpt":{"rendered":"<p>Tooky Toys pedagogiska l\u00e5da \u00e4r avsedd f\u00f6r barn i \u00e5ldern 7\u20138 m\u00e5nader. Den inneh\u00e5ller 6 sensoriska och Montessori-pedagogiska leksaker som st\u00f6der ditt barns h\u00e4lsosamma psykomotoriska utveckling och stimulerar dess sinnen: syn, k\u00e4nsel och h\u00f6rsel. Den utvecklar ocks\u00e5 logiskt t\u00e4nkande och hand-\u00f6ga-koordination. Det finns \u00e4ven en detaljerad guide f\u00f6r f\u00f6r\u00e4ldrar som ber\u00e4ttar n\u00e4r du ska introducera [&hellip;]<\/p>\n","protected":false},"featured_media":0,"comment_status":"open","ping_status":"closed","template":"","meta":[],"product_brand":[],"product_cat":[33],"product_tag":[],"class_list":{"0":"post-10584","1":"product","2":"type-product","3":"status-publish","5":"product_cat-okategoriserad","7":"first","8":"instock","9":"shipping-taxable","10":"purchasable","11":"product-type-simple"},"_links":{"self":[{"href":"https:\/\/nordicmart.andreevmaster.com\/sv\/wp-json\/wp\/v2\/product\/10584","targetHints":{"allow":["GET"]}}],"collection":[{"href":"https:\/\/nordicmart.andreevmaster.com\/sv\/wp-json\/wp\/v2\/product"}],"about":[{"href":"https:\/\/nordicmart.andreevmaster.com\/sv\/wp-json\/wp\/v2\/types\/product"}],"replies":[{"embeddable":true,"href":"https:\/\/nordicmart.andreevmaster.com\/sv\/wp-json\/wp\/v2\/comments?post=10584"}],"wp:attachment":[{"href":"https:\/\/nordicmart.andreevmaster.com\/sv\/wp-json\/wp\/v2\/media?parent=10584"}],"wp:term":[{"taxonomy":"product_brand","embeddable":true,"href":"https:\/\/nordicmart.andreevmaster.com\/sv\/wp-json\/wp\/v2\/product_brand?post=10584"},{"taxonomy":"product_cat","embeddable":true,"href":"https:\/\/nordicmart.andreevmaster.com\/sv\/wp-json\/wp\/v2\/product_cat?post=10584"},{"taxonomy":"product_tag","embeddable":true,"href":"https:\/\/nordicmart.andreevmaster.com\/sv\/wp-json\/wp\/v2\/product_tag?post=10584"}],"curies":[{"name":"wp","href":"https:\/\/api.w.org\/{rel}","templated":true}]}}