{"id":10583,"date":"2026-02-27T00:07:42","date_gmt":"2026-02-27T00:07:42","guid":{"rendered":"https:\/\/nordicmart.andreevmaster.com\/product\/tooky-toy-box-xxl-montessori-educational-6-in-1-sensory-box-5-6-manader\/"},"modified":"2026-02-27T08:03:17","modified_gmt":"2026-02-27T08:03:17","slug":"tooky-toy-box-xxl-montessori-educational-6-in-1-sensory-box-5-6-manader","status":"publish","type":"product","link":"https:\/\/nordicmart.andreevmaster.com\/sv\/produkt\/tooky-toy-box-xxl-montessori-educational-6-in-1-sensory-box-5-6-manader\/","title":{"rendered":"TOOKY TOY Box XXL Montessori Educational 6-in-1 Sensory Box 5-6 m\u00e5nader"},"content":{"rendered":"<p>Tooky Toys pedagogiska l\u00e5da \u00e4r avsedd f\u00f6r barn i \u00e5ldern 3\u20135 m\u00e5nader. Den inneh\u00e5ller 5 sensoriska och Montessori-pedagogiska leksaker som st\u00f6der ditt barns h\u00e4lsosamma psykomotoriska utveckling och stimulerar dess sinnen: syn, k\u00e4nsel och h\u00f6rsel. Den utvecklar ocks\u00e5 logiskt t\u00e4nkande och hand-\u00f6ga-koordination. Det finns \u00e4ven en detaljerad guide f\u00f6r f\u00f6r\u00e4ldrar som ber\u00e4ttar n\u00e4r du ska introducera leksaken f\u00f6r ditt barn och hur du leker med den. Tooky Toy-pedagogiska l\u00e5dan \u00e4r l\u00e4mplig som present till ett barn. Setet levereras med en bruksanvisning som inneh\u00e5ller information om inneh\u00e5llet i l\u00e5dan, instruktioner f\u00f6r hur leksakerna ska anv\u00e4ndas och anv\u00e4ndbara tips.<br \/>\nEgenskaper:<br \/>\n* &#8211; F\u00f6r barn i \u00e5ldern 5-6 m\u00e5nader<br \/>\n* &#8211; 5 pedagogiska leksaker i ett paket<br \/>\n* &#8211; Pedagogiskt set<br \/>\n* &#8211; Bruksanvisning ing\u00e5r<br \/>\nLeksaken utvecklar:<br \/>\n* &#8211; En sund psykomotorisk utveckling<br \/>\n* &#8211; Stimulerar syn-, k\u00e4nsel- och h\u00f6rselsinnena<br \/>\n* &#8211; Utvecklar logiskt t\u00e4nkande<br \/>\n* &#8211; Hand-\u00f6ga-koordination<\/p>\n<p>1. Sensorisk tygbok<\/p>\n<p>Barn \u00e4lskar att titta i f\u00e4rgglada b\u00f6cker, s\u00e4rskilt s\u00e5dana med prasslande och ljudalstrande element. Den mjuka boken i setet uppfyller dessa f\u00f6rv\u00e4ntningar samtidigt som den stimulerar sensorisk utforskning, visuell igenk\u00e4nning, kommunikation och kreativitet. De prasslande sidorna och pipande elementen stimulerar h\u00f6rseln och uppmuntrar barn att leka med ljud, medan de ljusa kontrasterande f\u00e4rgerna och illustrationerna v\u00e4cker deras uppm\u00e4rksamhet och st\u00f6der utvecklingen av den visuella perceptionen. Boken utm\u00e4rks av sitt noggranna hantverk, starka s\u00f6mmar och tv\u00e4ttbest\u00e4ndighet.<br \/>\n2. Magisk l\u00e5da &#8221;F\u00e4rgglada n\u00e4sdukar&#8221;<br \/>\nLeksaker som denna \u00e4r ett utm\u00e4rkt utvecklingsverktyg f\u00f6r sm\u00e5 barn. Att dra ut n\u00e4sdukarna och sedan l\u00e4gga tillbaka dem i l\u00e5dan kr\u00e4ver precision, vilket tr\u00e4nar greppf\u00f6rm\u00e5gan och handmotoriken. De vackra f\u00e4rgerna f\u00e5ngar barnets uppm\u00e4rksamhet, stimulerar sinnena och uppmuntrar till utforskning av l\u00e5dan. I ett senare skede \u00e4r leken utm\u00e4rkt f\u00f6r att l\u00e4ra sig f\u00e4rger och f\u00f6rst\u00e5 begreppen &#8221;tom, full&#8221; samt &#8221;inuti, p\u00e5, under&#8221;. Att leka med n\u00e4sdukar l\u00e4r barnet koncentration och uth\u00e5llighet n\u00e4r det f\u00f6rs\u00f6ker dra ut n\u00e4sta bit ur f\u00f6rpackningen.3. Elefantbitring Denna bed\u00e5rande elefant kommer att bli ditt barns b\u00e4sta v\u00e4n. Den \u00e4r helt s\u00e4ker, l\u00e4tt att reng\u00f6ra och det naturliga tr\u00e4et \u00e4r antibakteriellt och ger en ny sensorisk upplevelse tack vare sin struktur. Det mjuka silikonet lugnar ditt barns k\u00e4nsliga tandk\u00f6tt, vilket \u00e4r viktigt under tandv\u00e4xlingen. Dessutom passar elefanten perfekt i ditt barns sm\u00e5 h\u00e4nder och utvecklar deras fantasi.<\/p>\n<p>4. Sensorisk korg<\/p>\n<p>Setet inneh\u00e5ller tre sensoriska bollar med olika ytor och en fl\u00e4tad korg d\u00e4r bollarna kan f\u00f6rvaras efter lektiden. Tack vare sina varierade ytor \u00e4r bollarna ett utm\u00e4rkt sensoriskt leksak som st\u00f6der ditt barns utveckling. De f\u00e4rgglada bollarna uppmuntrar barnet att greppa och manipulera dem medan det leker p\u00e5 magen, vilket hj\u00e4lper till att tr\u00e4na musklerna i armar och ben och f\u00f6rbereder dem f\u00f6r att krypa. Setet inneh\u00e5ller ocks\u00e5 en v\u00e4vd korg som g\u00f6r att barnen kan ta ut bollarna och l\u00e4gga tillbaka dem, vilket samtidigt l\u00e4r dem begreppen &#8221;tom&#8221; och &#8221;full&#8221;. Leksaken st\u00f6der barns naturliga nyfikenhet och utvecklingen av motorisk koordination p\u00e5 ett v\u00e4nligt och s\u00e4kert s\u00e4tt. 5. Snurrande trumma Den snurrande trumman \u00e4r en utvecklingsleksak som motiverar barn att utforska och r\u00f6ra sig, samtidigt som den st\u00f6der sensorisk utveckling och finmotorik. Leksaken har 5 sidor i olika f\u00e4rger och en barns\u00e4ker spegel. Den hj\u00e4lper till att utveckla sp\u00e4dbarns motoriska f\u00e4rdigheter genom att snurra och hantera leksaken. De olika f\u00e4rgerna g\u00f6r att barnen kan l\u00e4ra sig om f\u00e4rger. N\u00e4r trumman snurrar avger tr\u00e4bollen inuti ett naturligt, behagligt ljud som v\u00e4cker barnets uppm\u00e4rksamhet. 6. Instruktionsbok<\/p>\n","protected":false},"excerpt":{"rendered":"<p>Tooky Toys pedagogiska l\u00e5da \u00e4r avsedd f\u00f6r barn i \u00e5ldern 3\u20135 m\u00e5nader. Den inneh\u00e5ller 5 sensoriska och Montessori-pedagogiska leksaker som st\u00f6der ditt barns h\u00e4lsosamma psykomotoriska utveckling och stimulerar dess sinnen: syn, k\u00e4nsel och h\u00f6rsel. Den utvecklar ocks\u00e5 logiskt t\u00e4nkande och hand-\u00f6ga-koordination. Det finns \u00e4ven en detaljerad guide f\u00f6r f\u00f6r\u00e4ldrar som ber\u00e4ttar n\u00e4r du ska introducera [&hellip;]<\/p>\n","protected":false},"featured_media":0,"comment_status":"open","ping_status":"closed","template":"","meta":[],"product_brand":[],"product_cat":[33],"product_tag":[],"class_list":{"0":"post-10583","1":"product","2":"type-product","3":"status-publish","5":"product_cat-okategoriserad","7":"first","8":"instock","9":"shipping-taxable","10":"purchasable","11":"product-type-simple"},"_links":{"self":[{"href":"https:\/\/nordicmart.andreevmaster.com\/sv\/wp-json\/wp\/v2\/product\/10583","targetHints":{"allow":["GET"]}}],"collection":[{"href":"https:\/\/nordicmart.andreevmaster.com\/sv\/wp-json\/wp\/v2\/product"}],"about":[{"href":"https:\/\/nordicmart.andreevmaster.com\/sv\/wp-json\/wp\/v2\/types\/product"}],"replies":[{"embeddable":true,"href":"https:\/\/nordicmart.andreevmaster.com\/sv\/wp-json\/wp\/v2\/comments?post=10583"}],"wp:attachment":[{"href":"https:\/\/nordicmart.andreevmaster.com\/sv\/wp-json\/wp\/v2\/media?parent=10583"}],"wp:term":[{"taxonomy":"product_brand","embeddable":true,"href":"https:\/\/nordicmart.andreevmaster.com\/sv\/wp-json\/wp\/v2\/product_brand?post=10583"},{"taxonomy":"product_cat","embeddable":true,"href":"https:\/\/nordicmart.andreevmaster.com\/sv\/wp-json\/wp\/v2\/product_cat?post=10583"},{"taxonomy":"product_tag","embeddable":true,"href":"https:\/\/nordicmart.andreevmaster.com\/sv\/wp-json\/wp\/v2\/product_tag?post=10583"}],"curies":[{"name":"wp","href":"https:\/\/api.w.org\/{rel}","templated":true}]}}