{"id":10582,"date":"2026-02-27T00:07:41","date_gmt":"2026-02-27T00:07:41","guid":{"rendered":"https:\/\/nordicmart.andreevmaster.com\/product\/songmics-utdragbar-badkarshylla-av-bambu-justerbar-badkarbrada-badkarshyllor-med-dryckeshallare-bokstod\/"},"modified":"2026-02-27T08:03:17","modified_gmt":"2026-02-27T08:03:17","slug":"songmics-utdragbar-badkarshylla-av-bambu-justerbar-badkarbrada-badkarshyllor-med-dryckeshallare-bokstod","status":"publish","type":"product","link":"https:\/\/nordicmart.andreevmaster.com\/sv\/produkt\/songmics-utdragbar-badkarshylla-av-bambu-justerbar-badkarbrada-badkarshyllor-med-dryckeshallare-bokstod\/","title":{"rendered":"SONGMICS Utdragbar badkarshylla av bambu, justerbar badkarbr\u00e4da, badkarshyllor, med dryckesh\u00e5llare, bokst\u00f6d"},"content":{"rendered":"<p>Produktdetaljer: &#8211; F\u00e4rg: Natur &#8211; Material: Bambu &#8211; Belastbarhet: 3 kg &#8211; M\u00e5tt: 75-109 x 4,5 x 23 cm (B x H x D) &#8211; Vikt: 1,96 kg Leveransomfattning: &#8211; 1 x badkarshylla Anvisningar:  &#8211; Torka av med en fuktig trasa f\u00f6re anv\u00e4ndning f\u00f6r att ta bort bambufibrer fr\u00e5n ytan.<\/p>\n","protected":false},"excerpt":{"rendered":"<p>Utdragbar badkarshylla i bambu, justerbar badkarbr\u00e4da, badkarshyllor, med dryckesh\u00e5llare, bokst\u00f6d, tv\u00e5lh\u00e5llare, naturf\u00e4rgad<\/p>\n","protected":false},"featured_media":39146,"comment_status":"open","ping_status":"closed","template":"","meta":[],"product_brand":[],"product_cat":[33],"product_tag":[],"class_list":{"0":"post-10582","1":"product","2":"type-product","3":"status-publish","4":"has-post-thumbnail","6":"product_cat-okategoriserad","8":"first","9":"instock","10":"shipping-taxable","11":"purchasable","12":"product-type-simple"},"_links":{"self":[{"href":"https:\/\/nordicmart.andreevmaster.com\/sv\/wp-json\/wp\/v2\/product\/10582","targetHints":{"allow":["GET"]}}],"collection":[{"href":"https:\/\/nordicmart.andreevmaster.com\/sv\/wp-json\/wp\/v2\/product"}],"about":[{"href":"https:\/\/nordicmart.andreevmaster.com\/sv\/wp-json\/wp\/v2\/types\/product"}],"replies":[{"embeddable":true,"href":"https:\/\/nordicmart.andreevmaster.com\/sv\/wp-json\/wp\/v2\/comments?post=10582"}],"wp:featuredmedia":[{"embeddable":true,"href":"https:\/\/nordicmart.andreevmaster.com\/sv\/wp-json\/wp\/v2\/media\/39146"}],"wp:attachment":[{"href":"https:\/\/nordicmart.andreevmaster.com\/sv\/wp-json\/wp\/v2\/media?parent=10582"}],"wp:term":[{"taxonomy":"product_brand","embeddable":true,"href":"https:\/\/nordicmart.andreevmaster.com\/sv\/wp-json\/wp\/v2\/product_brand?post=10582"},{"taxonomy":"product_cat","embeddable":true,"href":"https:\/\/nordicmart.andreevmaster.com\/sv\/wp-json\/wp\/v2\/product_cat?post=10582"},{"taxonomy":"product_tag","embeddable":true,"href":"https:\/\/nordicmart.andreevmaster.com\/sv\/wp-json\/wp\/v2\/product_tag?post=10582"}],"curies":[{"name":"wp","href":"https:\/\/api.w.org\/{rel}","templated":true}]}}