{"id":10576,"date":"2026-02-27T00:07:40","date_gmt":"2026-02-27T00:07:40","guid":{"rendered":"https:\/\/nordicmart.andreevmaster.com\/product\/songmics-badrumshylla-badrumshylla-kokshylla\/"},"modified":"2026-02-27T08:03:16","modified_gmt":"2026-02-27T08:03:16","slug":"songmics-badrumshylla-badrumshylla-kokshylla","status":"publish","type":"product","link":"https:\/\/nordicmart.andreevmaster.com\/sv\/produkt\/songmics-badrumshylla-badrumshylla-kokshylla\/","title":{"rendered":"SONGMICS badrumshylla, badrumshylla, k\u00f6kshylla"},"content":{"rendered":"<p>Vilken stilfull h\u00f6jdpunkt: Denna moderna hylla \u00e4r tillverkad av naturlig bambu och ger ditt hem en fr\u00e4sch k\u00e4nsla. Den har 5 justerbara hyllplan och erbjuder dig dessutom en flexibel f\u00f6rvaringsplats, samtidigt som den sparar mycket plats tack vare sin smala form. Skaffa denna universalhylla och befria ditt hem fr\u00e5n kaos!Med denna hylla kan inget g\u00e5 fel: Bambu \u00e4r inte bara en f\u00f6rnybar r\u00e5vara, utan ocks\u00e5 ett robust, l\u00e4ttsk\u00f6tt och mycket t\u00e5ligt material. Placera denna bambuhylla d\u00e4r du beh\u00f6ver den, s\u00e5 kommer den att vara till stor hj\u00e4lp f\u00f6r f\u00f6rvaring \u2013 i vardagsrummet, arbetsrummet, hallen, k\u00f6ket, p\u00e5 balkongen etc. Produktdetaljer:F\u00e4rg: Vit-naturf\u00e4rgad Material: Bambu Storlek: 60 x 26 x 130 cm (L x B x H) Vikt: 5,76 kg Max. statisk belastningskapacitet per hylla: 10 kg Leveransomfattning: 1 x bambuhylla med 5 niv\u00e5er 1 x tippskydd 1 x beh\u00e5llare med tillbeh\u00f6r SONGMICS Anm\u00e4rkningar:Denna produkt b\u00f6r f\u00e4stas p\u00e5 v\u00e4ggen med det medf\u00f6ljande tippskyddet f\u00f6r att f\u00f6rhindra att den v\u00e4lter. Torka av produkten med en fuktig trasa f\u00f6r daglig reng\u00f6ring.<\/p>\n","protected":false},"excerpt":{"rendered":"<p>SONGMICS badrumshylla, badrumshylla, stativhylla, k\u00f6kshylla, blomst\u00e4llning, bokhylla av bambu, med 5 hyllplan, justerbara hyllplan, 60 x 26 x 130 cm BCB35Y<\/p>\n","protected":false},"featured_media":39140,"comment_status":"open","ping_status":"closed","template":"","meta":[],"product_brand":[],"product_cat":[33],"product_tag":[],"class_list":{"0":"post-10576","1":"product","2":"type-product","3":"status-publish","4":"has-post-thumbnail","6":"product_cat-okategoriserad","8":"first","9":"instock","10":"shipping-taxable","11":"purchasable","12":"product-type-simple"},"_links":{"self":[{"href":"https:\/\/nordicmart.andreevmaster.com\/sv\/wp-json\/wp\/v2\/product\/10576","targetHints":{"allow":["GET"]}}],"collection":[{"href":"https:\/\/nordicmart.andreevmaster.com\/sv\/wp-json\/wp\/v2\/product"}],"about":[{"href":"https:\/\/nordicmart.andreevmaster.com\/sv\/wp-json\/wp\/v2\/types\/product"}],"replies":[{"embeddable":true,"href":"https:\/\/nordicmart.andreevmaster.com\/sv\/wp-json\/wp\/v2\/comments?post=10576"}],"wp:featuredmedia":[{"embeddable":true,"href":"https:\/\/nordicmart.andreevmaster.com\/sv\/wp-json\/wp\/v2\/media\/39140"}],"wp:attachment":[{"href":"https:\/\/nordicmart.andreevmaster.com\/sv\/wp-json\/wp\/v2\/media?parent=10576"}],"wp:term":[{"taxonomy":"product_brand","embeddable":true,"href":"https:\/\/nordicmart.andreevmaster.com\/sv\/wp-json\/wp\/v2\/product_brand?post=10576"},{"taxonomy":"product_cat","embeddable":true,"href":"https:\/\/nordicmart.andreevmaster.com\/sv\/wp-json\/wp\/v2\/product_cat?post=10576"},{"taxonomy":"product_tag","embeddable":true,"href":"https:\/\/nordicmart.andreevmaster.com\/sv\/wp-json\/wp\/v2\/product_tag?post=10576"}],"curies":[{"name":"wp","href":"https:\/\/api.w.org\/{rel}","templated":true}]}}