{"id":10569,"date":"2026-02-27T00:07:39","date_gmt":"2026-02-27T00:07:39","guid":{"rendered":"https:\/\/nordicmart.andreevmaster.com\/product\/songmics-rullvagn-badrumshylla-nischhylla-bambus\/"},"modified":"2026-02-27T08:03:15","modified_gmt":"2026-02-27T08:03:15","slug":"songmics-rullvagn-badrumshylla-nischhylla-bambus","status":"publish","type":"product","link":"https:\/\/nordicmart.andreevmaster.com\/sv\/produkt\/songmics-rullvagn-badrumshylla-nischhylla-bambus\/","title":{"rendered":"SONGMICS Rullvagn, badrumshylla, nischhylla Bambus"},"content":{"rendered":"<p>SONGMICS rullvagn, badrumsreol, badrumsreol med 3 hyllplan, nischreol i bambu, smal reol, nischvagn p\u00e5 hjul, platsbesparande<br \/>\nSpecifikationer:<br \/>\n&#8211; M\u00e5tt: 20 x 30 x 80 cm (D x B x H)<br \/>\n&#8211; Vikt: 2,4 kg<br \/>\n&#8211; Max. statisk b\u00e4rf\u00f6rm\u00e5ga per hylla: 5 kg<br \/>\n&#8211; Material: MDF (medeldensitetsfiberplatta), bambu<br \/>\n&#8211; F\u00e4rg: naturbeige<\/p>\n","protected":false},"excerpt":{"rendered":"<p>SONGMICS rullvagn, badrumsreol, badrumsreol med 3 hyllplan, nischreol i bambu, smal reol, nischvagn p\u00e5 hjul, platsbesparande<\/p>\n","protected":false},"featured_media":39133,"comment_status":"open","ping_status":"closed","template":"","meta":[],"product_brand":[],"product_cat":[33],"product_tag":[],"class_list":{"0":"post-10569","1":"product","2":"type-product","3":"status-publish","4":"has-post-thumbnail","6":"product_cat-okategoriserad","8":"first","9":"instock","10":"shipping-taxable","11":"purchasable","12":"product-type-simple"},"_links":{"self":[{"href":"https:\/\/nordicmart.andreevmaster.com\/sv\/wp-json\/wp\/v2\/product\/10569","targetHints":{"allow":["GET"]}}],"collection":[{"href":"https:\/\/nordicmart.andreevmaster.com\/sv\/wp-json\/wp\/v2\/product"}],"about":[{"href":"https:\/\/nordicmart.andreevmaster.com\/sv\/wp-json\/wp\/v2\/types\/product"}],"replies":[{"embeddable":true,"href":"https:\/\/nordicmart.andreevmaster.com\/sv\/wp-json\/wp\/v2\/comments?post=10569"}],"wp:featuredmedia":[{"embeddable":true,"href":"https:\/\/nordicmart.andreevmaster.com\/sv\/wp-json\/wp\/v2\/media\/39133"}],"wp:attachment":[{"href":"https:\/\/nordicmart.andreevmaster.com\/sv\/wp-json\/wp\/v2\/media?parent=10569"}],"wp:term":[{"taxonomy":"product_brand","embeddable":true,"href":"https:\/\/nordicmart.andreevmaster.com\/sv\/wp-json\/wp\/v2\/product_brand?post=10569"},{"taxonomy":"product_cat","embeddable":true,"href":"https:\/\/nordicmart.andreevmaster.com\/sv\/wp-json\/wp\/v2\/product_cat?post=10569"},{"taxonomy":"product_tag","embeddable":true,"href":"https:\/\/nordicmart.andreevmaster.com\/sv\/wp-json\/wp\/v2\/product_tag?post=10569"}],"curies":[{"name":"wp","href":"https:\/\/api.w.org\/{rel}","templated":true}]}}