{"id":10564,"date":"2026-02-27T00:07:38","date_gmt":"2026-02-27T00:07:38","guid":{"rendered":"https:\/\/nordicmart.andreevmaster.com\/product\/songmics-duschhylla-hoj-och-sankbar-hornhylla-for-badrummet-badrumshylla\/"},"modified":"2026-02-27T08:03:15","modified_gmt":"2026-02-27T08:03:15","slug":"songmics-duschhylla-hoj-och-sankbar-hornhylla-for-badrummet-badrumshylla","status":"publish","type":"product","link":"https:\/\/nordicmart.andreevmaster.com\/sv\/produkt\/songmics-duschhylla-hoj-och-sankbar-hornhylla-for-badrummet-badrumshylla\/","title":{"rendered":"SONGMICS duschhylla h\u00f6j- och s\u00e4nkbar, h\u00f6rnhylla f\u00f6r badrummet, badrumshylla"},"content":{"rendered":"<p>SONGMICS duschhylla, h\u00f6j- och utdragbar, totalh\u00f6jd 95\u2013300 cm, rostfritt st\u00e5l, 4 niv\u00e5er, 3 krokar, 1 handduksh\u00e4ngare, silver och svart BCB002B01<br \/>\nSpecifikationer:<br \/>\n&#8211; L\u00e4mplig h\u00f6jd fr\u00e5n golv till tak: 95\u2013300 cm<br \/>\n&#8211; Fotens diameter: 7 cm<br \/>\n&#8211; Vikt: 1,7 kg<br \/>\n&#8211; Max. statisk b\u00e4rkraft per hylla: 2 kg<br \/>\n&#8211; Material: 304 rostfritt st\u00e5l, PP-plast, ABS, PVC<br \/>\n&#8211; F\u00e4rg: silver-svart<\/p>\n","protected":false},"excerpt":{"rendered":"<p>SONGMICS duschhylla, h\u00f6j- och utdragbar, totalh\u00f6jd 95\u2013300 cm, rostfritt st\u00e5l, 4 niv\u00e5er, 3 krokar, 1 handduksh\u00e4ngare, silver och svart BCB002B01<\/p>\n","protected":false},"featured_media":39128,"comment_status":"open","ping_status":"closed","template":"","meta":[],"product_brand":[],"product_cat":[33],"product_tag":[],"class_list":{"0":"post-10564","1":"product","2":"type-product","3":"status-publish","4":"has-post-thumbnail","6":"product_cat-okategoriserad","8":"first","9":"instock","10":"shipping-taxable","11":"purchasable","12":"product-type-simple"},"_links":{"self":[{"href":"https:\/\/nordicmart.andreevmaster.com\/sv\/wp-json\/wp\/v2\/product\/10564","targetHints":{"allow":["GET"]}}],"collection":[{"href":"https:\/\/nordicmart.andreevmaster.com\/sv\/wp-json\/wp\/v2\/product"}],"about":[{"href":"https:\/\/nordicmart.andreevmaster.com\/sv\/wp-json\/wp\/v2\/types\/product"}],"replies":[{"embeddable":true,"href":"https:\/\/nordicmart.andreevmaster.com\/sv\/wp-json\/wp\/v2\/comments?post=10564"}],"wp:featuredmedia":[{"embeddable":true,"href":"https:\/\/nordicmart.andreevmaster.com\/sv\/wp-json\/wp\/v2\/media\/39128"}],"wp:attachment":[{"href":"https:\/\/nordicmart.andreevmaster.com\/sv\/wp-json\/wp\/v2\/media?parent=10564"}],"wp:term":[{"taxonomy":"product_brand","embeddable":true,"href":"https:\/\/nordicmart.andreevmaster.com\/sv\/wp-json\/wp\/v2\/product_brand?post=10564"},{"taxonomy":"product_cat","embeddable":true,"href":"https:\/\/nordicmart.andreevmaster.com\/sv\/wp-json\/wp\/v2\/product_cat?post=10564"},{"taxonomy":"product_tag","embeddable":true,"href":"https:\/\/nordicmart.andreevmaster.com\/sv\/wp-json\/wp\/v2\/product_tag?post=10564"}],"curies":[{"name":"wp","href":"https:\/\/api.w.org\/{rel}","templated":true}]}}