{"id":10561,"date":"2026-02-27T00:07:37","date_gmt":"2026-02-27T00:07:37","guid":{"rendered":"https:\/\/nordicmart.andreevmaster.com\/product\/songmics-badkarshylla-bambu-gra\/"},"modified":"2026-02-27T08:03:14","modified_gmt":"2026-02-27T08:03:14","slug":"songmics-badkarshylla-bambu-gra","status":"publish","type":"product","link":"https:\/\/nordicmart.andreevmaster.com\/sv\/produkt\/songmics-badkarshylla-bambu-gra\/","title":{"rendered":"SONGMICS badkarshylla bambu gr\u00e5"},"content":{"rendered":"<p>Gillar du att l\u00e4sa eller titta p\u00e5 film i badkaret? Beh\u00f6ver du bara en plats f\u00f6r ett glas vin n\u00e4r du badar? Songmics badkarshylla \u00e4r speciellt utformad f\u00f6r dig! Vill du koppla av i badrummet efter en l\u00e5ng arbetsdag? Denna badkarshylla kan definitivt uppfylla dina behov. N\u00e4r du g\u00e5r in i badrummet kan du luta dig tillbaka bekv\u00e4mt och slippa oroa dig f\u00f6r att din bok, telefon eller iPad blir bl\u00f6t eller att dina armar blir tr\u00f6tta. Om du vill skapa en extra trevlig atmosf\u00e4r kan du st\u00e4lla en ljus och blommor p\u00e5 den. Glid ner i bubblorna och njut av en ost\u00f6rd, avkopplande stund med Songmics badkarshylla.Produktdetaljer: F\u00e4rg: gr\u00e5 Material: bambu M\u00e5tt: 75-109 x 4,5 x 23 cm (B x H x D) Belastbarhet: 3 kg Vikt: 1,96 kg Leveransomfattning: 1 x badkarshylla SONGICS Anvisningar: Torka av med en fuktig trasa f\u00f6re anv\u00e4ndning f\u00f6r att ta bort bambufibrerna p\u00e5 ytan.<\/p>\n","protected":false},"excerpt":{"rendered":"<p>SONGMICS badkarshylla av bambu, utdragbar, justerbar badkarskiva, bricka med dryckesh\u00e5llare, bokst\u00f6d och tv\u00e5lh\u00e5llare, (75-109) x 4,5 x 23 cm (B x H x D) BCB88Y<\/p>\n","protected":false},"featured_media":39125,"comment_status":"open","ping_status":"closed","template":"","meta":[],"product_brand":[],"product_cat":[33],"product_tag":[],"class_list":{"0":"post-10561","1":"product","2":"type-product","3":"status-publish","4":"has-post-thumbnail","6":"product_cat-okategoriserad","8":"first","9":"instock","10":"shipping-taxable","11":"purchasable","12":"product-type-simple"},"_links":{"self":[{"href":"https:\/\/nordicmart.andreevmaster.com\/sv\/wp-json\/wp\/v2\/product\/10561","targetHints":{"allow":["GET"]}}],"collection":[{"href":"https:\/\/nordicmart.andreevmaster.com\/sv\/wp-json\/wp\/v2\/product"}],"about":[{"href":"https:\/\/nordicmart.andreevmaster.com\/sv\/wp-json\/wp\/v2\/types\/product"}],"replies":[{"embeddable":true,"href":"https:\/\/nordicmart.andreevmaster.com\/sv\/wp-json\/wp\/v2\/comments?post=10561"}],"wp:featuredmedia":[{"embeddable":true,"href":"https:\/\/nordicmart.andreevmaster.com\/sv\/wp-json\/wp\/v2\/media\/39125"}],"wp:attachment":[{"href":"https:\/\/nordicmart.andreevmaster.com\/sv\/wp-json\/wp\/v2\/media?parent=10561"}],"wp:term":[{"taxonomy":"product_brand","embeddable":true,"href":"https:\/\/nordicmart.andreevmaster.com\/sv\/wp-json\/wp\/v2\/product_brand?post=10561"},{"taxonomy":"product_cat","embeddable":true,"href":"https:\/\/nordicmart.andreevmaster.com\/sv\/wp-json\/wp\/v2\/product_cat?post=10561"},{"taxonomy":"product_tag","embeddable":true,"href":"https:\/\/nordicmart.andreevmaster.com\/sv\/wp-json\/wp\/v2\/product_tag?post=10561"}],"curies":[{"name":"wp","href":"https:\/\/api.w.org\/{rel}","templated":true}]}}