{"id":10560,"date":"2026-02-27T00:07:37","date_gmt":"2026-02-27T00:07:37","guid":{"rendered":"https:\/\/nordicmart.andreevmaster.com\/product\/songmics-forvaringshylla-med-5-nivaer\/"},"modified":"2026-02-27T08:03:14","modified_gmt":"2026-02-27T08:03:14","slug":"songmics-forvaringshylla-med-5-nivaer","status":"publish","type":"product","link":"https:\/\/nordicmart.andreevmaster.com\/sv\/produkt\/songmics-forvaringshylla-med-5-nivaer\/","title":{"rendered":"SONGMICS f\u00f6rvaringshylla med 5 niv\u00e5er"},"content":{"rendered":"<p>Magin med ordning!  Denna produkt hj\u00e4lper dig att h\u00e5lla ordning p\u00e5 alla dina \u00e4godelar i sovrummet, badrummet, k\u00f6ket, kl\u00e4dkammaren eller hallen. Designen och f\u00e4rgkombinationen \u00e4r alltid ett blickf\u00e5ng. Varje hyllplan kan b\u00e4ra upp till 15 kg och hyllan totalt upp till 60 kg. Bambu \u00e4r lika starkt som andra tr\u00e4slag, men mycket l\u00e4ttare att reng\u00f6ra. Du kan ocks\u00e5 skydda milj\u00f6n b\u00e4ttre, eftersom bambu \u00e4r en snabbt f\u00f6rnybar r\u00e5vara. V\u00e4lj denna produkt som \u00e4r h\u00e5llbar och du kommer inte bara att skapa ordning i ditt hem, utan ocks\u00e5 bidra till milj\u00f6skyddet!  V\u00e4nta inte l\u00e4ngre och k\u00f6p denna hylla! V\u00e5r utm\u00e4rkta kundtj\u00e4nst kan svara p\u00e5 dina fr\u00e5gor inom 24 timmar via e-post. Din tillfredsst\u00e4llelse \u00e4r alltid v\u00e5r prioritet! Produktdetaljer: &#8211; F\u00e4rg: natur (hyllplan) + vit (ram) &#8211; Material: bambu &#8211; Storlek: 45 x 31,5 x 142 cm (B x D x H) &#8211; Vikt: 5,6 kg &#8211; Max. belastningskapacitet: 15 kg\/hylla, 60 kg\/totalvikt Leveransomfattning: &#8211; 1 x hylla &#8211; 1 x tillbeh\u00f6rsp\u00e5se &#8211; 1 x bruksanvisning (DE, EN, FR, ES, IT) SONGMICS Anvisningar: &#8211; Torka av med en mjuk trasa f\u00f6r daglig sk\u00f6tsel. &#8211; Undvik fukt och direkt solljus.<\/p>\n","protected":false},"excerpt":{"rendered":"<p>SONGMICS bambuhylla, k\u00f6kshylla, badrumshylla, bokhylla, stativhylla med 5 hyllplan, 45 x 31,5 x 142 cm, idealisk f\u00f6r badrum, k\u00f6k, vardagsrum, sovrum, balkong, naturvit BCB75WN<\/p>\n","protected":false},"featured_media":39124,"comment_status":"open","ping_status":"closed","template":"","meta":[],"product_brand":[],"product_cat":[33],"product_tag":[],"class_list":{"0":"post-10560","1":"product","2":"type-product","3":"status-publish","4":"has-post-thumbnail","6":"product_cat-okategoriserad","8":"first","9":"instock","10":"shipping-taxable","11":"purchasable","12":"product-type-simple"},"_links":{"self":[{"href":"https:\/\/nordicmart.andreevmaster.com\/sv\/wp-json\/wp\/v2\/product\/10560","targetHints":{"allow":["GET"]}}],"collection":[{"href":"https:\/\/nordicmart.andreevmaster.com\/sv\/wp-json\/wp\/v2\/product"}],"about":[{"href":"https:\/\/nordicmart.andreevmaster.com\/sv\/wp-json\/wp\/v2\/types\/product"}],"replies":[{"embeddable":true,"href":"https:\/\/nordicmart.andreevmaster.com\/sv\/wp-json\/wp\/v2\/comments?post=10560"}],"wp:featuredmedia":[{"embeddable":true,"href":"https:\/\/nordicmart.andreevmaster.com\/sv\/wp-json\/wp\/v2\/media\/39124"}],"wp:attachment":[{"href":"https:\/\/nordicmart.andreevmaster.com\/sv\/wp-json\/wp\/v2\/media?parent=10560"}],"wp:term":[{"taxonomy":"product_brand","embeddable":true,"href":"https:\/\/nordicmart.andreevmaster.com\/sv\/wp-json\/wp\/v2\/product_brand?post=10560"},{"taxonomy":"product_cat","embeddable":true,"href":"https:\/\/nordicmart.andreevmaster.com\/sv\/wp-json\/wp\/v2\/product_cat?post=10560"},{"taxonomy":"product_tag","embeddable":true,"href":"https:\/\/nordicmart.andreevmaster.com\/sv\/wp-json\/wp\/v2\/product_tag?post=10560"}],"curies":[{"name":"wp","href":"https:\/\/api.w.org\/{rel}","templated":true}]}}