{"id":10557,"date":"2026-02-27T00:07:37","date_gmt":"2026-02-27T00:07:37","guid":{"rendered":"https:\/\/nordicmart.andreevmaster.com\/product\/vasagle-badrumsskap-med-dubbla-dorrar\/"},"modified":"2026-02-27T08:03:14","modified_gmt":"2026-02-27T08:03:14","slug":"vasagle-badrumsskap-med-dubbla-dorrar","status":"publish","type":"product","link":"https:\/\/nordicmart.andreevmaster.com\/sv\/produkt\/vasagle-badrumsskap-med-dubbla-dorrar\/","title":{"rendered":"VASAGLE badrumssk\u00e5p med dubbla d\u00f6rrar"},"content":{"rendered":"<p>Produktdetaljer: &#8211; M\u00e5tt: 60 x 80 x 30 cm (B x H x D) &#8211; F\u00f6rpackningsm\u00e5tt: 87 x 36 x 19 cm &#8211; Material: MDF-skiva &#8211; F\u00e4rg: vit &#8211; Nettovikt: 12,4 kg &#8211; Bruttovikt: 13,7 kg Leveransomfattning: &#8211; 1 x badrumssk\u00e5p &#8211; 1 x tillbeh\u00f6rsp\u00e5se &#8211; 1 x bruksanvisning (DE, EN, IT, FR, ES)<\/p>\n","protected":false},"excerpt":{"rendered":"<p>VASAGLE badrumssk\u00e5p, badrumssk\u00e5p, skosk\u00e5p, hyllor med dubbla d\u00f6rrar, 2 justerbara hyllplan, 60 x 80 x 30 cm (B x H x D), vitt BCB60W<\/p>\n","protected":false},"featured_media":0,"comment_status":"open","ping_status":"closed","template":"","meta":[],"product_brand":[],"product_cat":[33],"product_tag":[],"class_list":{"0":"post-10557","1":"product","2":"type-product","3":"status-publish","5":"product_cat-okategoriserad","7":"first","8":"instock","9":"shipping-taxable","10":"purchasable","11":"product-type-simple"},"_links":{"self":[{"href":"https:\/\/nordicmart.andreevmaster.com\/sv\/wp-json\/wp\/v2\/product\/10557","targetHints":{"allow":["GET"]}}],"collection":[{"href":"https:\/\/nordicmart.andreevmaster.com\/sv\/wp-json\/wp\/v2\/product"}],"about":[{"href":"https:\/\/nordicmart.andreevmaster.com\/sv\/wp-json\/wp\/v2\/types\/product"}],"replies":[{"embeddable":true,"href":"https:\/\/nordicmart.andreevmaster.com\/sv\/wp-json\/wp\/v2\/comments?post=10557"}],"wp:attachment":[{"href":"https:\/\/nordicmart.andreevmaster.com\/sv\/wp-json\/wp\/v2\/media?parent=10557"}],"wp:term":[{"taxonomy":"product_brand","embeddable":true,"href":"https:\/\/nordicmart.andreevmaster.com\/sv\/wp-json\/wp\/v2\/product_brand?post=10557"},{"taxonomy":"product_cat","embeddable":true,"href":"https:\/\/nordicmart.andreevmaster.com\/sv\/wp-json\/wp\/v2\/product_cat?post=10557"},{"taxonomy":"product_tag","embeddable":true,"href":"https:\/\/nordicmart.andreevmaster.com\/sv\/wp-json\/wp\/v2\/product_tag?post=10557"}],"curies":[{"name":"wp","href":"https:\/\/api.w.org\/{rel}","templated":true}]}}