{"id":10556,"date":"2026-02-27T00:07:37","date_gmt":"2026-02-27T00:07:37","guid":{"rendered":"https:\/\/nordicmart.andreevmaster.com\/product\/vasagle-badrumsskap-gra\/"},"modified":"2026-02-27T08:03:14","modified_gmt":"2026-02-27T08:03:14","slug":"vasagle-badrumsskap-gra","status":"publish","type":"product","link":"https:\/\/nordicmart.andreevmaster.com\/sv\/produkt\/vasagle-badrumsskap-gra\/","title":{"rendered":"VASAGLE badrumssk\u00e5p gr\u00e5"},"content":{"rendered":"<p>Hur kan du skapa lugn i ditt vardagsrum? Med detta lilla sk\u00e5p! Den gr\u00e5 f\u00e4rgen ger ditt vardagsrum en ljus och ren touch. Detta sk\u00e5p i skandinavisk stil utstr\u00e5lar l\u00e4tthet och finess och skapar en 100 % uppiggande atmosf\u00e4r. Hur kan man h\u00e5lla badrummet rent? Med detta lilla sk\u00e5p! \u00c4r du tr\u00f6tt p\u00e5 att leta efter din kam? Snubblar du alltid \u00f6ver duschgelflaskorna p\u00e5 golvet? F\u00f6rvara alla tillbeh\u00f6r snyggt i detta badrumssk\u00e5p med 2 hyllor (justerbara i 3 h\u00f6jder) och h\u00e5ll ditt badrum alltid v\u00e4lorganiserat. Perfekt! Produktdetaljer: &#8211; F\u00e4rg: Gr\u00e5 &#8211; Material: MDF (medeldensitetsfiberplatta) &#8211; Storlek: 60 x 30 x 80 cm (L x B x H) &#8211; Vikt: 13 kg Leveransomfattning:- 1 x badrumssk\u00e5p &#8211; 1 x tippskydd &#8211; 1 x tillbeh\u00f6rspaket &#8211; 1 x bruksanvisning (DE, EN, FR, ES, IT) VASAGLE Anm\u00e4rkningar: &#8211; Av s\u00e4kerhetssk\u00e4l \u00e4r det f\u00f6rbjudet f\u00f6r barn att kl\u00e4ttra p\u00e5 eller leka med produkten. &#8211; F\u00e4st denna produkt p\u00e5 v\u00e4ggen med det medf\u00f6ljande tippskyddet f\u00f6r att garantera s\u00e4ker anv\u00e4ndning.<\/p>\n","protected":false},"excerpt":{"rendered":"<p>VASAGLE badrumssk\u00e5p, badrumssk\u00e5p, skosk\u00e5p, hyllor med dubbla d\u00f6rrar, 2 justerbara hyllplan, 60 x 80 x 30 cm (B x H x D), vitt BCB60W<\/p>\n","protected":false},"featured_media":0,"comment_status":"open","ping_status":"closed","template":"","meta":[],"product_brand":[],"product_cat":[33],"product_tag":[],"class_list":{"0":"post-10556","1":"product","2":"type-product","3":"status-publish","5":"product_cat-okategoriserad","7":"first","8":"instock","9":"shipping-taxable","10":"purchasable","11":"product-type-simple"},"_links":{"self":[{"href":"https:\/\/nordicmart.andreevmaster.com\/sv\/wp-json\/wp\/v2\/product\/10556","targetHints":{"allow":["GET"]}}],"collection":[{"href":"https:\/\/nordicmart.andreevmaster.com\/sv\/wp-json\/wp\/v2\/product"}],"about":[{"href":"https:\/\/nordicmart.andreevmaster.com\/sv\/wp-json\/wp\/v2\/types\/product"}],"replies":[{"embeddable":true,"href":"https:\/\/nordicmart.andreevmaster.com\/sv\/wp-json\/wp\/v2\/comments?post=10556"}],"wp:attachment":[{"href":"https:\/\/nordicmart.andreevmaster.com\/sv\/wp-json\/wp\/v2\/media?parent=10556"}],"wp:term":[{"taxonomy":"product_brand","embeddable":true,"href":"https:\/\/nordicmart.andreevmaster.com\/sv\/wp-json\/wp\/v2\/product_brand?post=10556"},{"taxonomy":"product_cat","embeddable":true,"href":"https:\/\/nordicmart.andreevmaster.com\/sv\/wp-json\/wp\/v2\/product_cat?post=10556"},{"taxonomy":"product_tag","embeddable":true,"href":"https:\/\/nordicmart.andreevmaster.com\/sv\/wp-json\/wp\/v2\/product_tag?post=10556"}],"curies":[{"name":"wp","href":"https:\/\/api.w.org\/{rel}","templated":true}]}}